{"id":10297,"date":"2026-01-07T16:11:10","date_gmt":"2026-01-07T16:11:10","guid":{"rendered":"https:\/\/ahdhiya.com\/produit\/nike-w-nike-court-vision-lo-nn\/"},"modified":"2026-03-12T14:03:52","modified_gmt":"2026-03-12T14:03:52","slug":"nike-w-nike-court-vision-lo-nn","status":"publish","type":"product","link":"https:\/\/ahdhiya.com\/ar\/product\/nike-w-nike-court-vision-lo-nn\/","title":{"rendered":"NIKE W NIKE COURT VISION LO NN"},"content":{"rendered":"<p>La Nike Court Vision Low Next Nature (DH2987-001) revisite le style basketball r\u00e9tro des ann\u00e9es 80 dans une version moderne et \u00e9coresponsable.Confectionn\u00e9e \u00e0 partir d\u2019au moins 20 % de mat\u00e9riaux recycl\u00e9s, cette sneaker associe une tige en cuir synth\u00e9tique et textile avec des empi\u00e8cements cousus pour un look authentique et durable. Son col bas rembourr\u00e9 assure un confort optimal, tandis que les perforations \u00e0 l\u2019avant et sur les c\u00f4t\u00e9s garantissent une bonne respirabilit\u00e9.La semelle ext\u00e9rieure en caoutchouc recycl\u00e9 offre une excellente adh\u00e9rence et une r\u00e9sistance adapt\u00e9e \u00e0 un usage quotidien.MADE IN VIETNAM<\/p>","protected":false},"excerpt":{"rendered":"<p>La Nike Court Vision Low Next Nature (DH2987-001) revisite le style basketball r\u00e9tro des ann\u00e9es 80 dans une version moderne et \u00e9coresponsable.Confectionn\u00e9e \u00e0 partir d\u2019au moins 20 % de mat\u00e9riaux recycl\u00e9s, cette sneaker associe une tige en cuir synth\u00e9tique et textile avec des empi\u00e8cements cousus pour un look authentique et durable. Son col bas rembourr\u00e9 assure un confort optimal, tandis que les perforations \u00e0 l\u2019avant et sur les c\u00f4t\u00e9s garantissent une bonne respirabilit\u00e9.La semelle ext\u00e9rieure en caoutchouc recycl\u00e9 offre une excellente adh\u00e9rence et une r\u00e9sistance adapt\u00e9e \u00e0 un usage quotidien.MADE IN VIETNAM<\/p>","protected":false},"featured_media":10298,"comment_status":"open","ping_status":"closed","template":"","meta":{"_gspb_post_css":"","om_disable_all_campaigns":false,"_monsterinsights_skip_tracking":false,"_monsterinsights_sitenote_active":false,"_monsterinsights_sitenote_note":"","_monsterinsights_sitenote_category":0},"product_brand":[],"product_cat":[176,91],"product_tag":[],"class_list":{"0":"post-10297","1":"product","2":"type-product","3":"status-publish","4":"has-post-thumbnail","6":"product_cat-baskets-femmes","7":"product_cat-femmes","9":"first","10":"instock","11":"shipping-taxable","12":"purchasable","13":"product-type-variable"},"aioseo_notices":[],"jetpack_sharing_enabled":true,"_links":{"self":[{"href":"https:\/\/ahdhiya.com\/ar\/wp-json\/wp\/v2\/product\/10297","targetHints":{"allow":["GET"]}}],"collection":[{"href":"https:\/\/ahdhiya.com\/ar\/wp-json\/wp\/v2\/product"}],"about":[{"href":"https:\/\/ahdhiya.com\/ar\/wp-json\/wp\/v2\/types\/product"}],"replies":[{"embeddable":true,"href":"https:\/\/ahdhiya.com\/ar\/wp-json\/wp\/v2\/comments?post=10297"}],"wp:featuredmedia":[{"embeddable":true,"href":"https:\/\/ahdhiya.com\/ar\/wp-json\/wp\/v2\/media\/10298"}],"wp:attachment":[{"href":"https:\/\/ahdhiya.com\/ar\/wp-json\/wp\/v2\/media?parent=10297"}],"wp:term":[{"taxonomy":"product_brand","embeddable":true,"href":"https:\/\/ahdhiya.com\/ar\/wp-json\/wp\/v2\/product_brand?post=10297"},{"taxonomy":"product_cat","embeddable":true,"href":"https:\/\/ahdhiya.com\/ar\/wp-json\/wp\/v2\/product_cat?post=10297"},{"taxonomy":"product_tag","embeddable":true,"href":"https:\/\/ahdhiya.com\/ar\/wp-json\/wp\/v2\/product_tag?post=10297"}],"curies":[{"name":"wp","href":"https:\/\/api.w.org\/{rel}","templated":true}]}}