{"id":10427,"date":"2026-01-07T16:12:41","date_gmt":"2026-01-07T16:12:41","guid":{"rendered":"https:\/\/ahdhiya.com\/produit\/basket-champion-4\/"},"modified":"2026-03-12T14:03:53","modified_gmt":"2026-03-12T14:03:53","slug":"basket-champion-4","status":"publish","type":"product","link":"https:\/\/ahdhiya.com\/ar\/product\/basket-champion-4\/","title":{"rendered":"BASKET CHAMPION"},"content":{"rendered":"<p>Description :\u00a0Ces baskets Champion Heritage \u00a0sont le choix id\u00e9al pour un look d\u00e9contract\u00e9 au quotidien. Elles offrent une apparence \u00e9l\u00e9gante et intemporelle qui s&rsquo;adapte facilement \u00e0 toutes les tenues.D\u00e9tails du ProduitMarque : ChampionCode Produit : S11868-WW001Couleur : BlancStyle : Baskets basses (Low Cut)Fermeture : Syst\u00e8me de la\u00e7age classique.Confort et UsageLe syst\u00e8me de la\u00e7age assure un ajustement confortable et s\u00e9curis\u00e9, procurant une sensation de d\u00e9tente tout au long de la journ\u00e9e pour un usage casual.MADE IN CHINA .<\/p>","protected":false},"excerpt":{"rendered":"<p>Description :\u00a0Ces baskets Champion Heritage \u00a0sont le choix id\u00e9al pour un look d\u00e9contract\u00e9 au quotidien. Elles offrent une apparence \u00e9l\u00e9gante et intemporelle qui s&rsquo;adapte facilement \u00e0 toutes les tenues.D\u00e9tails du ProduitMarque : ChampionCode Produit : S11868-WW001Couleur : BlancStyle : Baskets basses (Low Cut)Fermeture : Syst\u00e8me de la\u00e7age classique.Confort et UsageLe syst\u00e8me de la\u00e7age assure un ajustement confortable et s\u00e9curis\u00e9, procurant une sensation de d\u00e9tente tout au long de la journ\u00e9e pour un usage casual.MADE IN CHINA .<\/p>","protected":false},"featured_media":10428,"comment_status":"open","ping_status":"closed","template":"","meta":{"_gspb_post_css":"","om_disable_all_campaigns":false,"_monsterinsights_skip_tracking":false,"_monsterinsights_sitenote_active":false,"_monsterinsights_sitenote_note":"","_monsterinsights_sitenote_category":0},"product_brand":[],"product_cat":[174,92],"product_tag":[],"class_list":{"0":"post-10427","1":"product","2":"type-product","3":"status-publish","4":"has-post-thumbnail","6":"product_cat-baskets-hommes","7":"product_cat-hommes","9":"first","10":"instock","11":"shipping-taxable","12":"purchasable","13":"product-type-variable"},"aioseo_notices":[],"jetpack_sharing_enabled":true,"_links":{"self":[{"href":"https:\/\/ahdhiya.com\/ar\/wp-json\/wp\/v2\/product\/10427","targetHints":{"allow":["GET"]}}],"collection":[{"href":"https:\/\/ahdhiya.com\/ar\/wp-json\/wp\/v2\/product"}],"about":[{"href":"https:\/\/ahdhiya.com\/ar\/wp-json\/wp\/v2\/types\/product"}],"replies":[{"embeddable":true,"href":"https:\/\/ahdhiya.com\/ar\/wp-json\/wp\/v2\/comments?post=10427"}],"wp:featuredmedia":[{"embeddable":true,"href":"https:\/\/ahdhiya.com\/ar\/wp-json\/wp\/v2\/media\/10428"}],"wp:attachment":[{"href":"https:\/\/ahdhiya.com\/ar\/wp-json\/wp\/v2\/media?parent=10427"}],"wp:term":[{"taxonomy":"product_brand","embeddable":true,"href":"https:\/\/ahdhiya.com\/ar\/wp-json\/wp\/v2\/product_brand?post=10427"},{"taxonomy":"product_cat","embeddable":true,"href":"https:\/\/ahdhiya.com\/ar\/wp-json\/wp\/v2\/product_cat?post=10427"},{"taxonomy":"product_tag","embeddable":true,"href":"https:\/\/ahdhiya.com\/ar\/wp-json\/wp\/v2\/product_tag?post=10427"}],"curies":[{"name":"wp","href":"https:\/\/api.w.org\/{rel}","templated":true}]}}