{"id":10491,"date":"2026-01-07T16:16:43","date_gmt":"2026-01-07T16:16:43","guid":{"rendered":"https:\/\/ahdhiya.com\/produit\/puma-smash-3-0-l-2\/"},"modified":"2026-03-12T14:03:53","modified_gmt":"2026-03-12T14:03:53","slug":"puma-smash-3-0-l-2","status":"publish","type":"product","link":"https:\/\/ahdhiya.com\/ar\/product\/puma-smash-3-0-l-2\/","title":{"rendered":"Puma smash 3.0 L"},"content":{"rendered":"<p>Les Puma Smash 3.0 L (r\u00e9f\u00e9rence 390987-13) sont des baskets pour homme au design classique et \u00e9pur\u00e9, inspir\u00e9 du tennis. Elles arborent une tige en cuir blanc de haute qualit\u00e9, offrant \u00e0 la fois durabilit\u00e9 et \u00e9l\u00e9gance. Le col rembourr\u00e9 assure un confort optimal, tandis que la semelle int\u00e9rieure SoftFoam procure un excellent amorti pour un confort tout au long de la journ\u00e9e. La semelle ext\u00e9rieure en caoutchouc garantit une adh\u00e9rence fiable sur diverses surfaces. Ces baskets polyvalentes sont id\u00e9ales pour un usage quotidien, alliant style et fonctionnalit\u00e9.<\/p>","protected":false},"excerpt":{"rendered":"<p>Les Puma Smash 3.0 L (r\u00e9f\u00e9rence 390987-13) sont des baskets pour homme au design classique et \u00e9pur\u00e9, inspir\u00e9 du tennis. Elles arborent une tige en cuir blanc de haute qualit\u00e9, offrant \u00e0 la fois durabilit\u00e9 et \u00e9l\u00e9gance. Le col rembourr\u00e9 assure un confort optimal, tandis que la semelle int\u00e9rieure SoftFoam procure un excellent amorti pour un confort tout au long de la journ\u00e9e. La semelle ext\u00e9rieure en caoutchouc garantit une adh\u00e9rence fiable sur diverses surfaces. Ces baskets polyvalentes sont id\u00e9ales pour un usage quotidien, alliant style et fonctionnalit\u00e9.<\/p>","protected":false},"featured_media":10492,"comment_status":"open","ping_status":"closed","template":"","meta":{"_gspb_post_css":"","om_disable_all_campaigns":false,"_monsterinsights_skip_tracking":false,"_monsterinsights_sitenote_active":false,"_monsterinsights_sitenote_note":"","_monsterinsights_sitenote_category":0},"product_brand":[],"product_cat":[174,92],"product_tag":[],"class_list":{"0":"post-10491","1":"product","2":"type-product","3":"status-publish","4":"has-post-thumbnail","6":"product_cat-baskets-hommes","7":"product_cat-hommes","9":"first","10":"instock","11":"shipping-taxable","12":"purchasable","13":"product-type-variable"},"aioseo_notices":[],"jetpack_sharing_enabled":true,"_links":{"self":[{"href":"https:\/\/ahdhiya.com\/ar\/wp-json\/wp\/v2\/product\/10491","targetHints":{"allow":["GET"]}}],"collection":[{"href":"https:\/\/ahdhiya.com\/ar\/wp-json\/wp\/v2\/product"}],"about":[{"href":"https:\/\/ahdhiya.com\/ar\/wp-json\/wp\/v2\/types\/product"}],"replies":[{"embeddable":true,"href":"https:\/\/ahdhiya.com\/ar\/wp-json\/wp\/v2\/comments?post=10491"}],"wp:featuredmedia":[{"embeddable":true,"href":"https:\/\/ahdhiya.com\/ar\/wp-json\/wp\/v2\/media\/10492"}],"wp:attachment":[{"href":"https:\/\/ahdhiya.com\/ar\/wp-json\/wp\/v2\/media?parent=10491"}],"wp:term":[{"taxonomy":"product_brand","embeddable":true,"href":"https:\/\/ahdhiya.com\/ar\/wp-json\/wp\/v2\/product_brand?post=10491"},{"taxonomy":"product_cat","embeddable":true,"href":"https:\/\/ahdhiya.com\/ar\/wp-json\/wp\/v2\/product_cat?post=10491"},{"taxonomy":"product_tag","embeddable":true,"href":"https:\/\/ahdhiya.com\/ar\/wp-json\/wp\/v2\/product_tag?post=10491"}],"curies":[{"name":"wp","href":"https:\/\/api.w.org\/{rel}","templated":true}]}}