{"id":10766,"date":"2026-01-08T09:00:54","date_gmt":"2026-01-08T09:00:54","guid":{"rendered":"https:\/\/ahdhiya.com\/produit\/basket-sun68-jaki-bicolor-0736\/"},"modified":"2026-03-12T14:03:54","modified_gmt":"2026-03-12T14:03:54","slug":"basket-sun68-jaki-bicolor-0736","status":"publish","type":"product","link":"https:\/\/ahdhiya.com\/ar\/product\/basket-sun68-jaki-bicolor-0736\/","title":{"rendered":"BASKET SUN68-JAKI BICOLOR-0736-"},"content":{"rendered":"<p>Description :\u00a0Les\u00a0SUN68 JAKI Bicolor\u00a0offrent un style moderne gr\u00e2ce \u00e0 leur\u00a0design contrast\u00e9 deux tons, parfaitement \u00e9quilibr\u00e9 pour un look tendance et polyvalent. Leur combinaison de couleurs apporte une touche de caract\u00e8re tout en restant facile \u00e0 associer avec toutes les tenues quotidiennes.Con\u00e7ues avec des mat\u00e9riaux l\u00e9gers et respirants, elles garantissent un\u00a0confort optimal\u00a0du matin au soir. Leur semelle souple et amortissante assure une d\u00e9marche stable et agr\u00e9able, id\u00e9ale pour un usage urbain et actif.Le logo SUN68 int\u00e9gr\u00e9 sur le c\u00f4t\u00e9 ajoute une finition \u00e9l\u00e9gante et authentique, soulignant la qualit\u00e9 de fabrication de la marque.Polyvalentes, confortables et styl\u00e9es, les\u00a0JAKI Bicolor\u00a0sont parfaites pour ceux qui recherchent une basket moderne avec une identit\u00e9 visuelle forte.\u00a0MADE IN CHIINA\u00a0<\/p>","protected":false},"excerpt":{"rendered":"<p>Description :\u00a0Les\u00a0SUN68 JAKI Bicolor\u00a0offrent un style moderne gr\u00e2ce \u00e0 leur\u00a0design contrast\u00e9 deux tons, parfaitement \u00e9quilibr\u00e9 pour un look tendance et polyvalent. Leur combinaison de couleurs apporte une touche de caract\u00e8re tout en restant facile \u00e0 associer avec toutes les tenues quotidiennes.Con\u00e7ues avec des mat\u00e9riaux l\u00e9gers et respirants, elles garantissent un\u00a0confort optimal\u00a0du matin au soir. Leur semelle souple et amortissante assure une d\u00e9marche stable et agr\u00e9able, id\u00e9ale pour un usage urbain et actif.Le logo SUN68 int\u00e9gr\u00e9 sur le c\u00f4t\u00e9 ajoute une finition \u00e9l\u00e9gante et authentique, soulignant la qualit\u00e9 de fabrication de la marque.Polyvalentes, confortables et styl\u00e9es, les\u00a0JAKI Bicolor\u00a0sont parfaites pour ceux qui recherchent une basket moderne avec une identit\u00e9 visuelle forte.\u00a0MADE IN CHIINA\u00a0<\/p>","protected":false},"featured_media":10767,"comment_status":"open","ping_status":"closed","template":"","meta":{"_gspb_post_css":"","om_disable_all_campaigns":false,"_monsterinsights_skip_tracking":false,"_monsterinsights_sitenote_active":false,"_monsterinsights_sitenote_note":"","_monsterinsights_sitenote_category":0},"product_brand":[],"product_cat":[174,92],"product_tag":[],"class_list":{"0":"post-10766","1":"product","2":"type-product","3":"status-publish","4":"has-post-thumbnail","6":"product_cat-baskets-hommes","7":"product_cat-hommes","9":"first","10":"outofstock","11":"shipping-taxable","12":"purchasable","13":"product-type-simple"},"aioseo_notices":[],"jetpack_sharing_enabled":true,"_links":{"self":[{"href":"https:\/\/ahdhiya.com\/ar\/wp-json\/wp\/v2\/product\/10766","targetHints":{"allow":["GET"]}}],"collection":[{"href":"https:\/\/ahdhiya.com\/ar\/wp-json\/wp\/v2\/product"}],"about":[{"href":"https:\/\/ahdhiya.com\/ar\/wp-json\/wp\/v2\/types\/product"}],"replies":[{"embeddable":true,"href":"https:\/\/ahdhiya.com\/ar\/wp-json\/wp\/v2\/comments?post=10766"}],"wp:featuredmedia":[{"embeddable":true,"href":"https:\/\/ahdhiya.com\/ar\/wp-json\/wp\/v2\/media\/10767"}],"wp:attachment":[{"href":"https:\/\/ahdhiya.com\/ar\/wp-json\/wp\/v2\/media?parent=10766"}],"wp:term":[{"taxonomy":"product_brand","embeddable":true,"href":"https:\/\/ahdhiya.com\/ar\/wp-json\/wp\/v2\/product_brand?post=10766"},{"taxonomy":"product_cat","embeddable":true,"href":"https:\/\/ahdhiya.com\/ar\/wp-json\/wp\/v2\/product_cat?post=10766"},{"taxonomy":"product_tag","embeddable":true,"href":"https:\/\/ahdhiya.com\/ar\/wp-json\/wp\/v2\/product_tag?post=10766"}],"curies":[{"name":"wp","href":"https:\/\/api.w.org\/{rel}","templated":true}]}}