{"id":10885,"date":"2026-01-08T09:07:43","date_gmt":"2026-01-08T09:07:43","guid":{"rendered":"https:\/\/ahdhiya.com\/produit\/asics-gel-fujitrabuco-6-gris-blue\/"},"modified":"2026-03-12T14:03:54","modified_gmt":"2026-03-12T14:03:54","slug":"asics-gel-fujitrabuco-6-gris-blue","status":"publish","type":"product","link":"https:\/\/ahdhiya.com\/ar\/product\/asics-gel-fujitrabuco-6-gris-blue\/","title":{"rendered":"Asics Gel Fujitrabuco 6 GRIS BLUE"},"content":{"rendered":"<p>Asics Gel Fujitrabuco 6 GRIS BLUEAbordez-les \u00e0 votre mani\u00e8re dans la GEL-FujiTrabuco 6 , dot\u00e9e \u00e0 pr\u00e9sent d&rsquo;incrustations minimales et soud\u00e9es en 3D, et d&rsquo;une construction sans couture pour r\u00e9duire la friction et le frottement. La semelle ext\u00e9rieure am\u00e9lior\u00e9e est dot\u00e9e de crampons plus profonds pour une meilleure traction, tandis que le design l\u00e9ger vous permet de vous \u00e9lancer dans les montagnes, les for\u00eats et les champs dans un maximum de confort.Les injections de stabilit\u00e9 sp\u00e9cifiques pour le trail cr\u00e9ent une semelle interm\u00e9diaire l\u00e9g\u00e8re dot\u00e9e d&rsquo;un excellent rebond et d&rsquo;une grande durabilit\u00e9, tandis que la nouvelle doublure au talon rend la chaussure plus confortable et durable. L&#8217;empeigne am\u00e9lior\u00e9e pr\u00e9sente un mesh robuste pour la r\u00e9silience, et l&rsquo;amorti repens\u00e9 au niveau des orteils r\u00e9duit le poids tout en maintenant le m\u00eame niveau de performance auquel la GEL-FujiTrabuco vous a habitu\u00e9.Gr\u00e2ce \u00e0 l&#8217;empeigne sans coutures en Gore-Tex, qui rend la GEL-FujiTrabuco 6 G-TX \u00e0 la fois imperm\u00e9able et respirante, la pluie, la neige fondue et les flaques persistantes feront partie de votre aventure de running puisque rien n&rsquo;arr\u00eatera votre course.\u00a0La membrane Gore-Tex emp\u00eache l&rsquo;eau de p\u00e9n\u00e9trer dans la chaussure tout en permettant l&rsquo;\u00e9vacuation de la chaleur et de la transpiration, pour que vos pieds soient toujours ventil\u00e9s, au frais et au sec. Ces propri\u00e9t\u00e9s de gestion de l&rsquo;humidit\u00e9, associ\u00e9es \u00e0 la semelle int\u00e9rieure ComforDry amovible \u2013 qui fournit amorti et propri\u00e9t\u00e9s antimicrobiennes \u2013 offrent \u00e0 vos pieds un environnement plus sain.\u00a0\u00a0\u00a0Poids335 gTalon abaiss\u00e9 de 8 mmEmpeigne imperm\u00e9able en Gore-TexPoids r\u00e9duit\u00a0Meilleur ajustementIncrustations minimalesInjections de stabilit\u00e9 sp\u00e9cifiques pour le trailExcellente adh\u00e9rence sur toutes les surfacesExcellente adh\u00e9rence sur les surfaces humidesTest\u00e9es par ISS JapanMembrane imperm\u00e9able en Gore-TexChaussant confortable sur de longues distancesComposants de caoutchouc sp\u00e9ciaux pour les conditions hivernalesDoublure au talon am\u00e9lior\u00e9eSoudure 3D sans couture sur toute la chaussureEmpeigne am\u00e9lior\u00e9e avec du mesh plus robusteDurabilit\u00e9 am\u00e9lior\u00e9eAmorti repens\u00e9 au niveau des orteilsExcellente protection :\u00a0Plaque de protection contre les graviers et les pierres<\/p>","protected":false},"excerpt":{"rendered":"<p>Asics Gel Fujitrabuco 6 GRIS BLUEAbordez-les \u00e0 votre mani\u00e8re dans la GEL-FujiTrabuco 6 , dot\u00e9e \u00e0 pr\u00e9sent d&rsquo;incrustations minimales et soud\u00e9es en 3D, et d&rsquo;une construction sans couture pour r\u00e9duire la friction et le frottement. La semelle ext\u00e9rieure am\u00e9lior\u00e9e est dot\u00e9e de crampons plus profonds pour une meilleure traction, tandis que le design l\u00e9ger vous permet de vous \u00e9lancer dans les montagnes, les for\u00eats et les champs dans un maximum de confort.Les injections de stabilit\u00e9 sp\u00e9cifiques pour le trail cr\u00e9ent une semelle interm\u00e9diaire l\u00e9g\u00e8re dot\u00e9e d&rsquo;un excellent rebond et d&rsquo;une grande durabilit\u00e9, tandis que la nouvelle doublure au talon rend la chaussure plus confortable et durable. L&#8217;empeigne am\u00e9lior\u00e9e pr\u00e9sente un mesh robuste pour la r\u00e9silience, et l&rsquo;amorti repens\u00e9 au niveau des orteils r\u00e9duit le poids tout en maintenant le m\u00eame niveau de performance auquel la GEL-FujiTrabuco vous a habitu\u00e9.Gr\u00e2ce \u00e0 l&#8217;empeigne sans coutures en Gore-Tex, qui rend la GEL-FujiTrabuco 6 G-TX \u00e0 la fois imperm\u00e9able et respirante, la pluie, la neige fondue et les flaques persistantes feront partie de votre aventure de running puisque rien n&rsquo;arr\u00eatera votre course.\u00a0La membrane Gore-Tex emp\u00eache l&rsquo;eau de p\u00e9n\u00e9trer dans la chaussure tout en permettant l&rsquo;\u00e9vacuation de la chaleur et de la transpiration, pour que vos pieds soient toujours ventil\u00e9s, au frais et au sec. Ces propri\u00e9t\u00e9s de gestion de l&rsquo;humidit\u00e9, associ\u00e9es \u00e0 la semelle int\u00e9rieure ComforDry amovible \u2013 qui fournit amorti et propri\u00e9t\u00e9s antimicrobiennes \u2013 offrent \u00e0 vos pieds un environnement plus sain.\u00a0\u00a0\u00a0Poids335 gTalon abaiss\u00e9 de 8 mmEmpeigne imperm\u00e9able en Gore-TexPoids r\u00e9duit\u00a0Meilleur ajustementIncrustations minimalesInjections de stabilit\u00e9 sp\u00e9cifiques pour le trailExcellente adh\u00e9rence sur toutes les surfacesExcellente adh\u00e9rence sur les surfaces humidesTest\u00e9es par ISS JapanMembrane imperm\u00e9able en Gore-TexChaussant confortable sur de longues distancesComposants de caoutchouc sp\u00e9ciaux pour les conditions hivernalesDoublure au talon am\u00e9lior\u00e9eSoudure 3D sans couture sur toute la chaussureEmpeigne am\u00e9lior\u00e9e avec du mesh plus robusteDurabilit\u00e9 am\u00e9lior\u00e9eAmorti repens\u00e9 au niveau des orteilsExcellente protection :\u00a0Plaque de protection contre les graviers et les pierres<\/p>","protected":false},"featured_media":10886,"comment_status":"open","ping_status":"closed","template":"","meta":{"_gspb_post_css":"","om_disable_all_campaigns":false,"_monsterinsights_skip_tracking":false,"_monsterinsights_sitenote_active":false,"_monsterinsights_sitenote_note":"","_monsterinsights_sitenote_category":0},"product_brand":[],"product_cat":[174,92],"product_tag":[],"class_list":{"0":"post-10885","1":"product","2":"type-product","3":"status-publish","4":"has-post-thumbnail","6":"product_cat-baskets-hommes","7":"product_cat-hommes","9":"first","10":"outofstock","11":"shipping-taxable","12":"purchasable","13":"product-type-simple"},"aioseo_notices":[],"jetpack_sharing_enabled":true,"_links":{"self":[{"href":"https:\/\/ahdhiya.com\/ar\/wp-json\/wp\/v2\/product\/10885","targetHints":{"allow":["GET"]}}],"collection":[{"href":"https:\/\/ahdhiya.com\/ar\/wp-json\/wp\/v2\/product"}],"about":[{"href":"https:\/\/ahdhiya.com\/ar\/wp-json\/wp\/v2\/types\/product"}],"replies":[{"embeddable":true,"href":"https:\/\/ahdhiya.com\/ar\/wp-json\/wp\/v2\/comments?post=10885"}],"wp:featuredmedia":[{"embeddable":true,"href":"https:\/\/ahdhiya.com\/ar\/wp-json\/wp\/v2\/media\/10886"}],"wp:attachment":[{"href":"https:\/\/ahdhiya.com\/ar\/wp-json\/wp\/v2\/media?parent=10885"}],"wp:term":[{"taxonomy":"product_brand","embeddable":true,"href":"https:\/\/ahdhiya.com\/ar\/wp-json\/wp\/v2\/product_brand?post=10885"},{"taxonomy":"product_cat","embeddable":true,"href":"https:\/\/ahdhiya.com\/ar\/wp-json\/wp\/v2\/product_cat?post=10885"},{"taxonomy":"product_tag","embeddable":true,"href":"https:\/\/ahdhiya.com\/ar\/wp-json\/wp\/v2\/product_tag?post=10885"}],"curies":[{"name":"wp","href":"https:\/\/api.w.org\/{rel}","templated":true}]}}