{"id":10908,"date":"2026-01-08T09:09:17","date_gmt":"2026-01-08T09:09:17","guid":{"rendered":"https:\/\/ahdhiya.com\/produit\/puma-slipstream-leather-youth\/"},"modified":"2026-03-12T14:03:54","modified_gmt":"2026-03-12T14:03:54","slug":"puma-slipstream-leather-youth","status":"publish","type":"product","link":"https:\/\/ahdhiya.com\/ar\/product\/puma-slipstream-leather-youth\/","title":{"rendered":"PUMA Slipstream Leather Youth"},"content":{"rendered":"<p>Les PUMA Slipstream Leather Youth (r\u00e9f\u00e9rence 387826-02) sont des baskets pour enfants inspir\u00e9es du mod\u00e8le original de 1987, con\u00e7u initialement pour le basketball. Cette version revisit\u00e9e conserve l&rsquo;h\u00e9ritage sportif tout en apportant une \u00e9nergie moderne.Caract\u00e9ristiques principales :Design classique : Tige en cuir blanc avec la bande PUMA sur les c\u00f4t\u00e9s m\u00e9dial et lat\u00e9ral, offrant un look \u00e9pur\u00e9 et intemporel.Confort optimal : Semelle int\u00e9rieure rembourr\u00e9e et col de cheville matelass\u00e9 pour un soutien accru lors des activit\u00e9s quotidiennes.Adh\u00e9rence fiable : Semelle ext\u00e9rieure en caoutchouc assurant une traction efficace sur diverses surfaces.Ces baskets allient style r\u00e9tro et fonctionnalit\u00e9s modernes, id\u00e9ales pour les jeunes \u00e0 la recherche de confort et de performance au quotidien.<\/p>","protected":false},"excerpt":{"rendered":"<p>Les PUMA Slipstream Leather Youth (r\u00e9f\u00e9rence 387826-02) sont des baskets pour enfants inspir\u00e9es du mod\u00e8le original de 1987, con\u00e7u initialement pour le basketball. Cette version revisit\u00e9e conserve l&rsquo;h\u00e9ritage sportif tout en apportant une \u00e9nergie moderne.Caract\u00e9ristiques principales :Design classique : Tige en cuir blanc avec la bande PUMA sur les c\u00f4t\u00e9s m\u00e9dial et lat\u00e9ral, offrant un look \u00e9pur\u00e9 et intemporel.Confort optimal : Semelle int\u00e9rieure rembourr\u00e9e et col de cheville matelass\u00e9 pour un soutien accru lors des activit\u00e9s quotidiennes.Adh\u00e9rence fiable : Semelle ext\u00e9rieure en caoutchouc assurant une traction efficace sur diverses surfaces.Ces baskets allient style r\u00e9tro et fonctionnalit\u00e9s modernes, id\u00e9ales pour les jeunes \u00e0 la recherche de confort et de performance au quotidien.<\/p>","protected":false},"featured_media":10909,"comment_status":"open","ping_status":"closed","template":"","meta":{"_gspb_post_css":"","om_disable_all_campaigns":false,"_monsterinsights_skip_tracking":false,"_monsterinsights_sitenote_active":false,"_monsterinsights_sitenote_note":"","_monsterinsights_sitenote_category":0},"product_brand":[],"product_cat":[174,92],"product_tag":[],"class_list":{"0":"post-10908","1":"product","2":"type-product","3":"status-publish","4":"has-post-thumbnail","6":"product_cat-baskets-hommes","7":"product_cat-hommes","9":"first","10":"outofstock","11":"shipping-taxable","12":"purchasable","13":"product-type-simple"},"aioseo_notices":[],"jetpack_sharing_enabled":true,"_links":{"self":[{"href":"https:\/\/ahdhiya.com\/ar\/wp-json\/wp\/v2\/product\/10908","targetHints":{"allow":["GET"]}}],"collection":[{"href":"https:\/\/ahdhiya.com\/ar\/wp-json\/wp\/v2\/product"}],"about":[{"href":"https:\/\/ahdhiya.com\/ar\/wp-json\/wp\/v2\/types\/product"}],"replies":[{"embeddable":true,"href":"https:\/\/ahdhiya.com\/ar\/wp-json\/wp\/v2\/comments?post=10908"}],"wp:featuredmedia":[{"embeddable":true,"href":"https:\/\/ahdhiya.com\/ar\/wp-json\/wp\/v2\/media\/10909"}],"wp:attachment":[{"href":"https:\/\/ahdhiya.com\/ar\/wp-json\/wp\/v2\/media?parent=10908"}],"wp:term":[{"taxonomy":"product_brand","embeddable":true,"href":"https:\/\/ahdhiya.com\/ar\/wp-json\/wp\/v2\/product_brand?post=10908"},{"taxonomy":"product_cat","embeddable":true,"href":"https:\/\/ahdhiya.com\/ar\/wp-json\/wp\/v2\/product_cat?post=10908"},{"taxonomy":"product_tag","embeddable":true,"href":"https:\/\/ahdhiya.com\/ar\/wp-json\/wp\/v2\/product_tag?post=10908"}],"curies":[{"name":"wp","href":"https:\/\/api.w.org\/{rel}","templated":true}]}}