{"id":11027,"date":"2026-01-08T09:11:37","date_gmt":"2026-01-08T09:11:37","guid":{"rendered":"https:\/\/ahdhiya.com\/produit\/puma-rs-x3-puzzle-white-lava-blast\/"},"modified":"2026-03-12T14:03:55","modified_gmt":"2026-03-12T14:03:55","slug":"puma-rs-x3-puzzle-white-lava-blast","status":"publish","type":"product","link":"https:\/\/ahdhiya.com\/ar\/product\/puma-rs-x3-puzzle-white-lava-blast\/","title":{"rendered":"PUMA RS-X3 PUZZLE -WHITE\/LAVA BLAST"},"content":{"rendered":"<p>PUMA RS-X3 PUZZLE -WHITE\/LAVA BLAST\u00a0&#8211; Baskets RS-X3 Puzzle- Semelle ext\u00e9rieure en caoutchouc- Semelle interm\u00e9diaire IMEVA- Forme du talon : plat- Lacage continu pour un maintien en s\u00e9curit\u00e9- Tige bi-mati\u00e8re- Chaussures basses- Bout de la chaussure rond- Boucle au talon pour se chausser et se d\u00e9chausser facilement- Tige : Textile et Synth\u00e9tique- Doublure : 100% Textile- Semelle ext\u00e9rieure : 100% Caoutchouc<\/p>","protected":false},"excerpt":{"rendered":"<p>PUMA RS-X3 PUZZLE -WHITE\/LAVA BLAST\u00a0&#8211; Baskets RS-X3 Puzzle- Semelle ext\u00e9rieure en caoutchouc- Semelle interm\u00e9diaire IMEVA- Forme du talon : plat- Lacage continu pour un maintien en s\u00e9curit\u00e9- Tige bi-mati\u00e8re- Chaussures basses- Bout de la chaussure rond- Boucle au talon pour se chausser et se d\u00e9chausser facilement- Tige : Textile et Synth\u00e9tique- Doublure : 100% Textile- Semelle ext\u00e9rieure : 100% Caoutchouc<\/p>","protected":false},"featured_media":11028,"comment_status":"open","ping_status":"closed","template":"","meta":{"_gspb_post_css":"","om_disable_all_campaigns":false,"_monsterinsights_skip_tracking":false,"_monsterinsights_sitenote_active":false,"_monsterinsights_sitenote_note":"","_monsterinsights_sitenote_category":0},"product_brand":[],"product_cat":[174,92],"product_tag":[],"class_list":{"0":"post-11027","1":"product","2":"type-product","3":"status-publish","4":"has-post-thumbnail","6":"product_cat-baskets-hommes","7":"product_cat-hommes","9":"first","10":"outofstock","11":"shipping-taxable","12":"purchasable","13":"product-type-simple"},"aioseo_notices":[],"jetpack_sharing_enabled":true,"_links":{"self":[{"href":"https:\/\/ahdhiya.com\/ar\/wp-json\/wp\/v2\/product\/11027","targetHints":{"allow":["GET"]}}],"collection":[{"href":"https:\/\/ahdhiya.com\/ar\/wp-json\/wp\/v2\/product"}],"about":[{"href":"https:\/\/ahdhiya.com\/ar\/wp-json\/wp\/v2\/types\/product"}],"replies":[{"embeddable":true,"href":"https:\/\/ahdhiya.com\/ar\/wp-json\/wp\/v2\/comments?post=11027"}],"wp:featuredmedia":[{"embeddable":true,"href":"https:\/\/ahdhiya.com\/ar\/wp-json\/wp\/v2\/media\/11028"}],"wp:attachment":[{"href":"https:\/\/ahdhiya.com\/ar\/wp-json\/wp\/v2\/media?parent=11027"}],"wp:term":[{"taxonomy":"product_brand","embeddable":true,"href":"https:\/\/ahdhiya.com\/ar\/wp-json\/wp\/v2\/product_brand?post=11027"},{"taxonomy":"product_cat","embeddable":true,"href":"https:\/\/ahdhiya.com\/ar\/wp-json\/wp\/v2\/product_cat?post=11027"},{"taxonomy":"product_tag","embeddable":true,"href":"https:\/\/ahdhiya.com\/ar\/wp-json\/wp\/v2\/product_tag?post=11027"}],"curies":[{"name":"wp","href":"https:\/\/api.w.org\/{rel}","templated":true}]}}