{"id":11264,"date":"2026-01-08T09:20:09","date_gmt":"2026-01-08T09:20:09","guid":{"rendered":"https:\/\/ahdhiya.com\/produit\/champion-st-trail-mid\/"},"modified":"2026-03-12T14:03:55","modified_gmt":"2026-03-12T14:03:55","slug":"champion-st-trail-mid","status":"publish","type":"product","link":"https:\/\/ahdhiya.com\/ar\/product\/champion-st-trail-mid\/","title":{"rendered":"CHAMPION ST TRAIL MID"},"content":{"rendered":"<p>Chaussure Champion au style sportif moderne, con\u00e7ue pour offrir confort et performance au quotidien. Sa tige respirante assure une bonne circulation de l\u2019air, tandis que sa semelle l\u00e9g\u00e8re amortit efficacement les chocs pour une marche plus agr\u00e9able. Le maintien du pied est stable et la finition Champion apporte une touche authentique \u00e0 votre look sportif. Id\u00e9ale pour l\u2019usage quotidien, le travail ou les sorties.MADE IN CHINA<\/p>","protected":false},"excerpt":{"rendered":"<p>Chaussure Champion au style sportif moderne, con\u00e7ue pour offrir confort et performance au quotidien. Sa tige respirante assure une bonne circulation de l\u2019air, tandis que sa semelle l\u00e9g\u00e8re amortit efficacement les chocs pour une marche plus agr\u00e9able. Le maintien du pied est stable et la finition Champion apporte une touche authentique \u00e0 votre look sportif. Id\u00e9ale pour l\u2019usage quotidien, le travail ou les sorties.MADE IN CHINA<\/p>","protected":false},"featured_media":11265,"comment_status":"open","ping_status":"closed","template":"","meta":{"_gspb_post_css":"","om_disable_all_campaigns":false,"_monsterinsights_skip_tracking":false,"_monsterinsights_sitenote_active":false,"_monsterinsights_sitenote_note":"","_monsterinsights_sitenote_category":0},"product_brand":[],"product_cat":[174,92],"product_tag":[],"class_list":{"0":"post-11264","1":"product","2":"type-product","3":"status-publish","4":"has-post-thumbnail","6":"product_cat-baskets-hommes","7":"product_cat-hommes","9":"first","10":"outofstock","11":"shipping-taxable","12":"purchasable","13":"product-type-simple"},"aioseo_notices":[],"jetpack_sharing_enabled":true,"_links":{"self":[{"href":"https:\/\/ahdhiya.com\/ar\/wp-json\/wp\/v2\/product\/11264","targetHints":{"allow":["GET"]}}],"collection":[{"href":"https:\/\/ahdhiya.com\/ar\/wp-json\/wp\/v2\/product"}],"about":[{"href":"https:\/\/ahdhiya.com\/ar\/wp-json\/wp\/v2\/types\/product"}],"replies":[{"embeddable":true,"href":"https:\/\/ahdhiya.com\/ar\/wp-json\/wp\/v2\/comments?post=11264"}],"wp:featuredmedia":[{"embeddable":true,"href":"https:\/\/ahdhiya.com\/ar\/wp-json\/wp\/v2\/media\/11265"}],"wp:attachment":[{"href":"https:\/\/ahdhiya.com\/ar\/wp-json\/wp\/v2\/media?parent=11264"}],"wp:term":[{"taxonomy":"product_brand","embeddable":true,"href":"https:\/\/ahdhiya.com\/ar\/wp-json\/wp\/v2\/product_brand?post=11264"},{"taxonomy":"product_cat","embeddable":true,"href":"https:\/\/ahdhiya.com\/ar\/wp-json\/wp\/v2\/product_cat?post=11264"},{"taxonomy":"product_tag","embeddable":true,"href":"https:\/\/ahdhiya.com\/ar\/wp-json\/wp\/v2\/product_tag?post=11264"}],"curies":[{"name":"wp","href":"https:\/\/api.w.org\/{rel}","templated":true}]}}