{"id":11328,"date":"2026-01-08T09:21:00","date_gmt":"2026-01-08T09:21:00","guid":{"rendered":"https:\/\/ahdhiya.com\/produit\/basket-geox-u-spherica-vert-militaire\/"},"modified":"2026-03-12T14:03:56","modified_gmt":"2026-03-12T14:03:56","slug":"basket-geox-u-spherica-vert-militaire","status":"publish","type":"product","link":"https:\/\/ahdhiya.com\/ar\/product\/basket-geox-u-spherica-vert-militaire\/","title":{"rendered":"BASKET GEOX U SPHERICA VERT MILITAIRE"},"content":{"rendered":"<p>D\u00e9couvrez l&rsquo;alliance parfaite de style, innovation et confort avec les baskets Geox U Spherica vert militaire . Con\u00e7ues pour l&rsquo;homme moderne, ces sneakers au design \u00e9pur\u00e9 int\u00e8grent les technologies avanc\u00e9es de Geox pour un bien-\u00eatre in\u00e9gal\u00e9 au quotidien. Leur tige en tissu technique respirant \u00e9pouse le pied \u00e0 la perfection, tandis que la semelle innovante Zero-Shock absorbe les impacts pour une marche l\u00e9g\u00e8re.Parfaites pour vos journ\u00e9es en ville, vos d\u00e9placements ou vos week-ends d\u00e9tendus, elles assurent un excellent maintien avec leur tige type chaussette et leur syst\u00e8me de la\u00e7age rapide. Tout cela dans une \u00e9l\u00e9gante finition bleu marine, \u00e0 la fois chic et polyvalente.<\/p>","protected":false},"excerpt":{"rendered":"<p>D\u00e9couvrez l&rsquo;alliance parfaite de style, innovation et confort avec les baskets Geox U Spherica vert militaire . Con\u00e7ues pour l&rsquo;homme moderne, ces sneakers au design \u00e9pur\u00e9 int\u00e8grent les technologies avanc\u00e9es de Geox pour un bien-\u00eatre in\u00e9gal\u00e9 au quotidien. Leur tige en tissu technique respirant \u00e9pouse le pied \u00e0 la perfection, tandis que la semelle innovante Zero-Shock absorbe les impacts pour une marche l\u00e9g\u00e8re.Parfaites pour vos journ\u00e9es en ville, vos d\u00e9placements ou vos week-ends d\u00e9tendus, elles assurent un excellent maintien avec leur tige type chaussette et leur syst\u00e8me de la\u00e7age rapide. Tout cela dans une \u00e9l\u00e9gante finition bleu marine, \u00e0 la fois chic et polyvalente.<\/p>","protected":false},"featured_media":11329,"comment_status":"open","ping_status":"closed","template":"","meta":{"_gspb_post_css":"","om_disable_all_campaigns":false,"_monsterinsights_skip_tracking":false,"_monsterinsights_sitenote_active":false,"_monsterinsights_sitenote_note":"","_monsterinsights_sitenote_category":0},"product_brand":[],"product_cat":[174,92],"product_tag":[],"class_list":{"0":"post-11328","1":"product","2":"type-product","3":"status-publish","4":"has-post-thumbnail","6":"product_cat-baskets-hommes","7":"product_cat-hommes","9":"first","10":"instock","11":"shipping-taxable","12":"purchasable","13":"product-type-simple"},"aioseo_notices":[],"jetpack_sharing_enabled":true,"_links":{"self":[{"href":"https:\/\/ahdhiya.com\/ar\/wp-json\/wp\/v2\/product\/11328","targetHints":{"allow":["GET"]}}],"collection":[{"href":"https:\/\/ahdhiya.com\/ar\/wp-json\/wp\/v2\/product"}],"about":[{"href":"https:\/\/ahdhiya.com\/ar\/wp-json\/wp\/v2\/types\/product"}],"replies":[{"embeddable":true,"href":"https:\/\/ahdhiya.com\/ar\/wp-json\/wp\/v2\/comments?post=11328"}],"wp:featuredmedia":[{"embeddable":true,"href":"https:\/\/ahdhiya.com\/ar\/wp-json\/wp\/v2\/media\/11329"}],"wp:attachment":[{"href":"https:\/\/ahdhiya.com\/ar\/wp-json\/wp\/v2\/media?parent=11328"}],"wp:term":[{"taxonomy":"product_brand","embeddable":true,"href":"https:\/\/ahdhiya.com\/ar\/wp-json\/wp\/v2\/product_brand?post=11328"},{"taxonomy":"product_cat","embeddable":true,"href":"https:\/\/ahdhiya.com\/ar\/wp-json\/wp\/v2\/product_cat?post=11328"},{"taxonomy":"product_tag","embeddable":true,"href":"https:\/\/ahdhiya.com\/ar\/wp-json\/wp\/v2\/product_tag?post=11328"}],"curies":[{"name":"wp","href":"https:\/\/api.w.org\/{rel}","templated":true}]}}