{"id":11463,"date":"2026-01-08T09:23:08","date_gmt":"2026-01-08T09:23:08","guid":{"rendered":"https:\/\/ahdhiya.com\/produit\/puma-trinity-warm-white-white-turquoise\/"},"modified":"2026-03-12T14:03:56","modified_gmt":"2026-03-12T14:03:56","slug":"puma-trinity-warm-white-white-turquoise","status":"publish","type":"product","link":"https:\/\/ahdhiya.com\/ar\/product\/puma-trinity-warm-white-white-turquoise\/","title":{"rendered":"PUMA TRINITY WARM WHITE WHITE TURQUOISE"},"content":{"rendered":"<p>Le mod\u00e8le PUMA 389289-28 correspond aux baskets pour hommes \u00ab\u00a0Trinity\u00a0\u00bb. Ces chaussures incarnent l&rsquo;esth\u00e9tique \u00ab\u00a0Futro\u00a0\u00bb de PUMA, combinant des \u00e9l\u00e9ments h\u00e9rit\u00e9s du pass\u00e9 avec une touche moderne.<\/p>","protected":false},"excerpt":{"rendered":"<p>Le mod\u00e8le PUMA 389289-28 correspond aux baskets pour hommes \u00ab\u00a0Trinity\u00a0\u00bb. Ces chaussures incarnent l&rsquo;esth\u00e9tique \u00ab\u00a0Futro\u00a0\u00bb de PUMA, combinant des \u00e9l\u00e9ments h\u00e9rit\u00e9s du pass\u00e9 avec une touche moderne.<\/p>","protected":false},"featured_media":11464,"comment_status":"open","ping_status":"closed","template":"","meta":{"_gspb_post_css":"","om_disable_all_campaigns":false,"_monsterinsights_skip_tracking":false,"_monsterinsights_sitenote_active":false,"_monsterinsights_sitenote_note":"","_monsterinsights_sitenote_category":0},"product_brand":[],"product_cat":[174,92],"product_tag":[],"class_list":{"0":"post-11463","1":"product","2":"type-product","3":"status-publish","4":"has-post-thumbnail","6":"product_cat-baskets-hommes","7":"product_cat-hommes","9":"first","10":"outofstock","11":"shipping-taxable","12":"purchasable","13":"product-type-simple"},"aioseo_notices":[],"jetpack_sharing_enabled":true,"_links":{"self":[{"href":"https:\/\/ahdhiya.com\/ar\/wp-json\/wp\/v2\/product\/11463","targetHints":{"allow":["GET"]}}],"collection":[{"href":"https:\/\/ahdhiya.com\/ar\/wp-json\/wp\/v2\/product"}],"about":[{"href":"https:\/\/ahdhiya.com\/ar\/wp-json\/wp\/v2\/types\/product"}],"replies":[{"embeddable":true,"href":"https:\/\/ahdhiya.com\/ar\/wp-json\/wp\/v2\/comments?post=11463"}],"wp:featuredmedia":[{"embeddable":true,"href":"https:\/\/ahdhiya.com\/ar\/wp-json\/wp\/v2\/media\/11464"}],"wp:attachment":[{"href":"https:\/\/ahdhiya.com\/ar\/wp-json\/wp\/v2\/media?parent=11463"}],"wp:term":[{"taxonomy":"product_brand","embeddable":true,"href":"https:\/\/ahdhiya.com\/ar\/wp-json\/wp\/v2\/product_brand?post=11463"},{"taxonomy":"product_cat","embeddable":true,"href":"https:\/\/ahdhiya.com\/ar\/wp-json\/wp\/v2\/product_cat?post=11463"},{"taxonomy":"product_tag","embeddable":true,"href":"https:\/\/ahdhiya.com\/ar\/wp-json\/wp\/v2\/product_tag?post=11463"}],"curies":[{"name":"wp","href":"https:\/\/api.w.org\/{rel}","templated":true}]}}