{"id":11661,"date":"2026-01-08T09:27:21","date_gmt":"2026-01-08T09:27:21","guid":{"rendered":"https:\/\/ahdhiya.com\/produit\/fit-energy-adrun-3\/"},"modified":"2026-03-12T14:03:57","modified_gmt":"2026-03-12T14:03:57","slug":"fit-energy-adrun-3","status":"publish","type":"product","link":"https:\/\/ahdhiya.com\/ar\/product\/fit-energy-adrun-3\/","title":{"rendered":"FIT ENERGY ADRUN"},"content":{"rendered":"<p>Une allure minimaliste, avec une semelle en EVA l\u00e9g\u00e8re et douce. Les t\u00eates sont constitu\u00e9es de nylons avec des superpositions en fusion directe.CUIR\u00a0: Nylon\/tissuDoublure : Textile qui absorbe l&rsquo;humidit\u00e9<\/p>","protected":false},"excerpt":{"rendered":"<p>Une allure minimaliste, avec une semelle en EVA l\u00e9g\u00e8re et douce. Les t\u00eates sont constitu\u00e9es de nylons avec des superpositions en fusion directe.CUIR\u00a0: Nylon\/tissuDoublure : Textile qui absorbe l&rsquo;humidit\u00e9<\/p>","protected":false},"featured_media":11662,"comment_status":"open","ping_status":"closed","template":"","meta":{"_gspb_post_css":"","om_disable_all_campaigns":false,"_monsterinsights_skip_tracking":false,"_monsterinsights_sitenote_active":false,"_monsterinsights_sitenote_note":"","_monsterinsights_sitenote_category":0},"product_brand":[],"product_cat":[174,92],"product_tag":[],"class_list":{"0":"post-11661","1":"product","2":"type-product","3":"status-publish","4":"has-post-thumbnail","6":"product_cat-baskets-hommes","7":"product_cat-hommes","9":"first","10":"instock","11":"shipping-taxable","12":"purchasable","13":"product-type-simple"},"aioseo_notices":[],"jetpack_sharing_enabled":true,"_links":{"self":[{"href":"https:\/\/ahdhiya.com\/ar\/wp-json\/wp\/v2\/product\/11661","targetHints":{"allow":["GET"]}}],"collection":[{"href":"https:\/\/ahdhiya.com\/ar\/wp-json\/wp\/v2\/product"}],"about":[{"href":"https:\/\/ahdhiya.com\/ar\/wp-json\/wp\/v2\/types\/product"}],"replies":[{"embeddable":true,"href":"https:\/\/ahdhiya.com\/ar\/wp-json\/wp\/v2\/comments?post=11661"}],"wp:featuredmedia":[{"embeddable":true,"href":"https:\/\/ahdhiya.com\/ar\/wp-json\/wp\/v2\/media\/11662"}],"wp:attachment":[{"href":"https:\/\/ahdhiya.com\/ar\/wp-json\/wp\/v2\/media?parent=11661"}],"wp:term":[{"taxonomy":"product_brand","embeddable":true,"href":"https:\/\/ahdhiya.com\/ar\/wp-json\/wp\/v2\/product_brand?post=11661"},{"taxonomy":"product_cat","embeddable":true,"href":"https:\/\/ahdhiya.com\/ar\/wp-json\/wp\/v2\/product_cat?post=11661"},{"taxonomy":"product_tag","embeddable":true,"href":"https:\/\/ahdhiya.com\/ar\/wp-json\/wp\/v2\/product_tag?post=11661"}],"curies":[{"name":"wp","href":"https:\/\/api.w.org\/{rel}","templated":true}]}}