{"id":11685,"date":"2026-01-08T09:27:39","date_gmt":"2026-01-08T09:27:39","guid":{"rendered":"https:\/\/ahdhiya.com\/produit\/basket-sun68-tom-solid-56-avio\/"},"modified":"2026-03-12T14:03:57","modified_gmt":"2026-03-12T14:03:57","slug":"basket-sun68-tom-solid-56-avio","status":"publish","type":"product","link":"https:\/\/ahdhiya.com\/ar\/product\/basket-sun68-tom-solid-56-avio\/","title":{"rendered":"BASKET SUN68 TOM SOLID 56 AVIO"},"content":{"rendered":"<p>Avec la sneaker \u00a0TOM SOLID 56 AVIO\u00a0\u00a0bleue de Sun 68, les hommes adoptent un style \u00e0 la fois cool et sportif.Son design soign\u00e9 et tr\u00e8s tendance conf\u00e8re \u00e0 la basket une allure dynamique. Le jeu de couleurs blanc et bleu sur l&#8217;empeigne a\u00e9r\u00e9e et le contrefort du talon renforce cet effet styl\u00e9.C\u00f4t\u00e9 confort, la Tom Solid marque des points gr\u00e2ce \u00e0 sa semelle int\u00e9rieure amovible (Wechselfu\u00dfbett), son talon compens\u00e9 et sa semelle ext\u00e9rieure robuste et rebondissante (ou \u00ab\u00a0souple et amortissante\u00a0\u00bb). Les larges lacets accentuent le style urbain (Street Style) tout en assurant un ajustement parfait.Les hommes \u00e0 la recherche d&rsquo;un look branch\u00e9 ne devraient pas manquer cette sneaker Sun 68 !Made In China .<\/p>","protected":false},"excerpt":{"rendered":"<p>Avec la sneaker \u00a0TOM SOLID 56 AVIO\u00a0\u00a0bleue de Sun 68, les hommes adoptent un style \u00e0 la fois cool et sportif.Son design soign\u00e9 et tr\u00e8s tendance conf\u00e8re \u00e0 la basket une allure dynamique. Le jeu de couleurs blanc et bleu sur l&#8217;empeigne a\u00e9r\u00e9e et le contrefort du talon renforce cet effet styl\u00e9.C\u00f4t\u00e9 confort, la Tom Solid marque des points gr\u00e2ce \u00e0 sa semelle int\u00e9rieure amovible (Wechselfu\u00dfbett), son talon compens\u00e9 et sa semelle ext\u00e9rieure robuste et rebondissante (ou \u00ab\u00a0souple et amortissante\u00a0\u00bb). Les larges lacets accentuent le style urbain (Street Style) tout en assurant un ajustement parfait.Les hommes \u00e0 la recherche d&rsquo;un look branch\u00e9 ne devraient pas manquer cette sneaker Sun 68 !Made In China .<\/p>","protected":false},"featured_media":11686,"comment_status":"open","ping_status":"closed","template":"","meta":{"_gspb_post_css":"","om_disable_all_campaigns":false,"_monsterinsights_skip_tracking":false,"_monsterinsights_sitenote_active":false,"_monsterinsights_sitenote_note":"","_monsterinsights_sitenote_category":0},"product_brand":[],"product_cat":[174,92],"product_tag":[],"class_list":{"0":"post-11685","1":"product","2":"type-product","3":"status-publish","4":"has-post-thumbnail","6":"product_cat-baskets-hommes","7":"product_cat-hommes","9":"first","10":"instock","11":"shipping-taxable","12":"purchasable","13":"product-type-simple"},"aioseo_notices":[],"jetpack_sharing_enabled":true,"_links":{"self":[{"href":"https:\/\/ahdhiya.com\/ar\/wp-json\/wp\/v2\/product\/11685","targetHints":{"allow":["GET"]}}],"collection":[{"href":"https:\/\/ahdhiya.com\/ar\/wp-json\/wp\/v2\/product"}],"about":[{"href":"https:\/\/ahdhiya.com\/ar\/wp-json\/wp\/v2\/types\/product"}],"replies":[{"embeddable":true,"href":"https:\/\/ahdhiya.com\/ar\/wp-json\/wp\/v2\/comments?post=11685"}],"wp:featuredmedia":[{"embeddable":true,"href":"https:\/\/ahdhiya.com\/ar\/wp-json\/wp\/v2\/media\/11686"}],"wp:attachment":[{"href":"https:\/\/ahdhiya.com\/ar\/wp-json\/wp\/v2\/media?parent=11685"}],"wp:term":[{"taxonomy":"product_brand","embeddable":true,"href":"https:\/\/ahdhiya.com\/ar\/wp-json\/wp\/v2\/product_brand?post=11685"},{"taxonomy":"product_cat","embeddable":true,"href":"https:\/\/ahdhiya.com\/ar\/wp-json\/wp\/v2\/product_cat?post=11685"},{"taxonomy":"product_tag","embeddable":true,"href":"https:\/\/ahdhiya.com\/ar\/wp-json\/wp\/v2\/product_tag?post=11685"}],"curies":[{"name":"wp","href":"https:\/\/api.w.org\/{rel}","templated":true}]}}