{"id":11791,"date":"2026-01-08T09:32:25","date_gmt":"2026-01-08T09:32:25","guid":{"rendered":"https:\/\/ahdhiya.com\/produit\/action-float-adrun\/"},"modified":"2026-03-12T14:03:57","modified_gmt":"2026-03-12T14:03:57","slug":"action-float-adrun","status":"publish","type":"product","link":"https:\/\/ahdhiya.com\/ar\/product\/action-float-adrun\/","title":{"rendered":"ACTION FLOAT ADRUN"},"content":{"rendered":"<p>D\u00e9velopp\u00e9e avec la technologie FLOAT, cette ligne poss\u00e8de une semelle EVA et une super m\u00e9moire qui garantit une meilleure absorption des impacts et r\u00e9duit les vibrations. Chaussures super l\u00e9g\u00e8res pour marcher et courir.<\/p>","protected":false},"excerpt":{"rendered":"<p>D\u00e9velopp\u00e9e avec la technologie FLOAT, cette ligne poss\u00e8de une semelle EVA et une super m\u00e9moire qui garantit une meilleure absorption des impacts et r\u00e9duit les vibrations. Chaussures super l\u00e9g\u00e8res pour marcher et courir.<\/p>","protected":false},"featured_media":11792,"comment_status":"open","ping_status":"closed","template":"","meta":{"_gspb_post_css":"","om_disable_all_campaigns":false,"_monsterinsights_skip_tracking":false,"_monsterinsights_sitenote_active":false,"_monsterinsights_sitenote_note":"","_monsterinsights_sitenote_category":0},"product_brand":[],"product_cat":[174,92],"product_tag":[],"class_list":{"0":"post-11791","1":"product","2":"type-product","3":"status-publish","4":"has-post-thumbnail","6":"product_cat-baskets-hommes","7":"product_cat-hommes","9":"first","10":"instock","11":"shipping-taxable","12":"purchasable","13":"product-type-simple"},"aioseo_notices":[],"jetpack_sharing_enabled":true,"_links":{"self":[{"href":"https:\/\/ahdhiya.com\/ar\/wp-json\/wp\/v2\/product\/11791","targetHints":{"allow":["GET"]}}],"collection":[{"href":"https:\/\/ahdhiya.com\/ar\/wp-json\/wp\/v2\/product"}],"about":[{"href":"https:\/\/ahdhiya.com\/ar\/wp-json\/wp\/v2\/types\/product"}],"replies":[{"embeddable":true,"href":"https:\/\/ahdhiya.com\/ar\/wp-json\/wp\/v2\/comments?post=11791"}],"wp:featuredmedia":[{"embeddable":true,"href":"https:\/\/ahdhiya.com\/ar\/wp-json\/wp\/v2\/media\/11792"}],"wp:attachment":[{"href":"https:\/\/ahdhiya.com\/ar\/wp-json\/wp\/v2\/media?parent=11791"}],"wp:term":[{"taxonomy":"product_brand","embeddable":true,"href":"https:\/\/ahdhiya.com\/ar\/wp-json\/wp\/v2\/product_brand?post=11791"},{"taxonomy":"product_cat","embeddable":true,"href":"https:\/\/ahdhiya.com\/ar\/wp-json\/wp\/v2\/product_cat?post=11791"},{"taxonomy":"product_tag","embeddable":true,"href":"https:\/\/ahdhiya.com\/ar\/wp-json\/wp\/v2\/product_tag?post=11791"}],"curies":[{"name":"wp","href":"https:\/\/api.w.org\/{rel}","templated":true}]}}