{"id":11824,"date":"2026-01-08T09:33:10","date_gmt":"2026-01-08T09:33:10","guid":{"rendered":"https:\/\/ahdhiya.com\/produit\/armani-exchange-sneaker-stand-black-multicolor\/"},"modified":"2026-03-12T14:03:57","modified_gmt":"2026-03-12T14:03:57","slug":"armani-exchange-sneaker-stand-black-multicolor","status":"publish","type":"product","link":"https:\/\/ahdhiya.com\/ar\/product\/armani-exchange-sneaker-stand-black-multicolor\/","title":{"rendered":"ARMANI EXCHANGE SNEAKER STAND BLACK\/MULTICOLOR"},"content":{"rendered":"<p>Armani Exchange XUX017-XCC68-S541 est une paire de chaussures d\u00e9contract\u00e9es et modernes qui incarne l&rsquo;\u00e9l\u00e9gance italienne et la praticit\u00e9 urbaine. Con\u00e7ues avec des mat\u00e9riaux de haute qualit\u00e9, ces chaussures offrent un m\u00e9lange parfait de style et de confort.Design : Un look minimaliste avec des lignes \u00e9pur\u00e9es et une finition soign\u00e9e, id\u00e9al pour compl\u00e9ter une tenue d\u00e9contract\u00e9e ou semi-formelle.Mat\u00e9riaux : Une combinaison de tissus premium et de d\u00e9tails en cuir pour un style durable et \u00e9l\u00e9gant.Confort : Semelle int\u00e9rieure ergonomique et semelle ext\u00e9rieure antid\u00e9rapante pour un port confortable tout au long de la journ\u00e9e.Polyvalence : Convient aussi bien pour un usage quotidien que pour des occasions sp\u00e9ciales.Avec son design intemporel et sa qualit\u00e9 in\u00e9gal\u00e9e, ce mod\u00e8le incarne parfaitement l&rsquo;esprit d&rsquo;Armani Exchange : une mode moderne et accessible.<\/p>","protected":false},"excerpt":{"rendered":"<p>Armani Exchange XUX017-XCC68-S541 est une paire de chaussures d\u00e9contract\u00e9es et modernes qui incarne l&rsquo;\u00e9l\u00e9gance italienne et la praticit\u00e9 urbaine. Con\u00e7ues avec des mat\u00e9riaux de haute qualit\u00e9, ces chaussures offrent un m\u00e9lange parfait de style et de confort.Design : Un look minimaliste avec des lignes \u00e9pur\u00e9es et une finition soign\u00e9e, id\u00e9al pour compl\u00e9ter une tenue d\u00e9contract\u00e9e ou semi-formelle.Mat\u00e9riaux : Une combinaison de tissus premium et de d\u00e9tails en cuir pour un style durable et \u00e9l\u00e9gant.Confort : Semelle int\u00e9rieure ergonomique et semelle ext\u00e9rieure antid\u00e9rapante pour un port confortable tout au long de la journ\u00e9e.Polyvalence : Convient aussi bien pour un usage quotidien que pour des occasions sp\u00e9ciales.Avec son design intemporel et sa qualit\u00e9 in\u00e9gal\u00e9e, ce mod\u00e8le incarne parfaitement l&rsquo;esprit d&rsquo;Armani Exchange : une mode moderne et accessible.<\/p>","protected":false},"featured_media":11825,"comment_status":"open","ping_status":"closed","template":"","meta":{"_gspb_post_css":"","om_disable_all_campaigns":false,"_monsterinsights_skip_tracking":false,"_monsterinsights_sitenote_active":false,"_monsterinsights_sitenote_note":"","_monsterinsights_sitenote_category":0},"product_brand":[],"product_cat":[174,92],"product_tag":[],"class_list":{"0":"post-11824","1":"product","2":"type-product","3":"status-publish","4":"has-post-thumbnail","6":"product_cat-baskets-hommes","7":"product_cat-hommes","9":"first","10":"outofstock","11":"shipping-taxable","12":"purchasable","13":"product-type-simple"},"aioseo_notices":[],"jetpack_sharing_enabled":true,"_links":{"self":[{"href":"https:\/\/ahdhiya.com\/ar\/wp-json\/wp\/v2\/product\/11824","targetHints":{"allow":["GET"]}}],"collection":[{"href":"https:\/\/ahdhiya.com\/ar\/wp-json\/wp\/v2\/product"}],"about":[{"href":"https:\/\/ahdhiya.com\/ar\/wp-json\/wp\/v2\/types\/product"}],"replies":[{"embeddable":true,"href":"https:\/\/ahdhiya.com\/ar\/wp-json\/wp\/v2\/comments?post=11824"}],"wp:featuredmedia":[{"embeddable":true,"href":"https:\/\/ahdhiya.com\/ar\/wp-json\/wp\/v2\/media\/11825"}],"wp:attachment":[{"href":"https:\/\/ahdhiya.com\/ar\/wp-json\/wp\/v2\/media?parent=11824"}],"wp:term":[{"taxonomy":"product_brand","embeddable":true,"href":"https:\/\/ahdhiya.com\/ar\/wp-json\/wp\/v2\/product_brand?post=11824"},{"taxonomy":"product_cat","embeddable":true,"href":"https:\/\/ahdhiya.com\/ar\/wp-json\/wp\/v2\/product_cat?post=11824"},{"taxonomy":"product_tag","embeddable":true,"href":"https:\/\/ahdhiya.com\/ar\/wp-json\/wp\/v2\/product_tag?post=11824"}],"curies":[{"name":"wp","href":"https:\/\/api.w.org\/{rel}","templated":true}]}}