{"id":11944,"date":"2026-01-08T09:39:04","date_gmt":"2026-01-08T09:39:04","guid":{"rendered":"https:\/\/ahdhiya.com\/produit\/reebok-trail-2\/"},"modified":"2026-03-12T14:03:57","modified_gmt":"2026-03-12T14:03:57","slug":"reebok-trail-2","status":"publish","type":"product","link":"https:\/\/ahdhiya.com\/ar\/product\/reebok-trail-2\/","title":{"rendered":"REEBOK TRAIL 2"},"content":{"rendered":"<p>Les Reebok Trail 2 sont con\u00e7ues pour les passionn\u00e9s d\u2019aventure et de course en ext\u00e9rieur. Leur tige r\u00e9sistante et respirante prot\u00e8ge vos pieds tout en offrant un confort optimal, m\u00eame sur les sentiers les plus exigeants.La semelle interm\u00e9diaire amortissante absorbe les chocs pour un meilleur soutien, tandis que la semelle ext\u00e9rieure crant\u00e9e en caoutchouc assure une excellente traction et stabilit\u00e9 sur terrains vari\u00e9s : boue, graviers, chemins accident\u00e9s.Avec leur design robuste et dynamique, les Trail 2 sont id\u00e9ales pour le trail, la randonn\u00e9e l\u00e9g\u00e8re ou toute activit\u00e9 outdoor, combinant durabilit\u00e9, confort et performance.<\/p>","protected":false},"excerpt":{"rendered":"<p>Les Reebok Trail 2 sont con\u00e7ues pour les passionn\u00e9s d\u2019aventure et de course en ext\u00e9rieur. Leur tige r\u00e9sistante et respirante prot\u00e8ge vos pieds tout en offrant un confort optimal, m\u00eame sur les sentiers les plus exigeants.La semelle interm\u00e9diaire amortissante absorbe les chocs pour un meilleur soutien, tandis que la semelle ext\u00e9rieure crant\u00e9e en caoutchouc assure une excellente traction et stabilit\u00e9 sur terrains vari\u00e9s : boue, graviers, chemins accident\u00e9s.Avec leur design robuste et dynamique, les Trail 2 sont id\u00e9ales pour le trail, la randonn\u00e9e l\u00e9g\u00e8re ou toute activit\u00e9 outdoor, combinant durabilit\u00e9, confort et performance.<\/p>","protected":false},"featured_media":11945,"comment_status":"open","ping_status":"closed","template":"","meta":{"_gspb_post_css":"","om_disable_all_campaigns":false,"_monsterinsights_skip_tracking":false,"_monsterinsights_sitenote_active":false,"_monsterinsights_sitenote_note":"","_monsterinsights_sitenote_category":0},"product_brand":[],"product_cat":[174,92],"product_tag":[],"class_list":{"0":"post-11944","1":"product","2":"type-product","3":"status-publish","4":"has-post-thumbnail","6":"product_cat-baskets-hommes","7":"product_cat-hommes","9":"first","10":"outofstock","11":"shipping-taxable","12":"purchasable","13":"product-type-simple"},"aioseo_notices":[],"jetpack_sharing_enabled":true,"_links":{"self":[{"href":"https:\/\/ahdhiya.com\/ar\/wp-json\/wp\/v2\/product\/11944","targetHints":{"allow":["GET"]}}],"collection":[{"href":"https:\/\/ahdhiya.com\/ar\/wp-json\/wp\/v2\/product"}],"about":[{"href":"https:\/\/ahdhiya.com\/ar\/wp-json\/wp\/v2\/types\/product"}],"replies":[{"embeddable":true,"href":"https:\/\/ahdhiya.com\/ar\/wp-json\/wp\/v2\/comments?post=11944"}],"wp:featuredmedia":[{"embeddable":true,"href":"https:\/\/ahdhiya.com\/ar\/wp-json\/wp\/v2\/media\/11945"}],"wp:attachment":[{"href":"https:\/\/ahdhiya.com\/ar\/wp-json\/wp\/v2\/media?parent=11944"}],"wp:term":[{"taxonomy":"product_brand","embeddable":true,"href":"https:\/\/ahdhiya.com\/ar\/wp-json\/wp\/v2\/product_brand?post=11944"},{"taxonomy":"product_cat","embeddable":true,"href":"https:\/\/ahdhiya.com\/ar\/wp-json\/wp\/v2\/product_cat?post=11944"},{"taxonomy":"product_tag","embeddable":true,"href":"https:\/\/ahdhiya.com\/ar\/wp-json\/wp\/v2\/product_tag?post=11944"}],"curies":[{"name":"wp","href":"https:\/\/api.w.org\/{rel}","templated":true}]}}