{"id":12063,"date":"2026-01-08T09:46:35","date_gmt":"2026-01-08T09:46:35","guid":{"rendered":"https:\/\/ahdhiya.com\/produit\/chaussure-homme-skechers-street-wear-210037-blk\/"},"modified":"2026-03-12T14:03:58","modified_gmt":"2026-03-12T14:03:58","slug":"chaussure-homme-skechers-street-wear-210037-blk","status":"publish","type":"product","link":"https:\/\/ahdhiya.com\/ar\/product\/chaussure-homme-skechers-street-wear-210037-blk\/","title":{"rendered":"Chaussure Homme Skechers STREET WEAR 210037\/BLK"},"content":{"rendered":"<p>Chaussure Homme\u00a0 Skechers STREET WEAR 210037\/BLKCode article: S210037\/BLKSkechers USA, Inc. est une entreprise am\u00e9ricaine de chaussures de style de vie et de performance. Bas\u00e9e \u00e0 Manhattan Beach , en Californie , la marque a \u00e9t\u00e9 fond\u00e9e en 1992 et est aujourd&rsquo;hui la troisi\u00e8me plus grande marque de chaussures de sport aux \u00c9tats-Unis.Fiche techniquePRINCIPALES CARACT\u00c9RISTIQUESMarque: SKECHERSType de produit: ChaussureLibill\u00e9: VERRADO &#8211; RANDENSexe: HOMME<\/p>","protected":false},"excerpt":{"rendered":"<p>Chaussure Homme\u00a0 Skechers STREET WEAR 210037\/BLKCode article: S210037\/BLKSkechers USA, Inc. est une entreprise am\u00e9ricaine de chaussures de style de vie et de performance. Bas\u00e9e \u00e0 Manhattan Beach , en Californie , la marque a \u00e9t\u00e9 fond\u00e9e en 1992 et est aujourd&rsquo;hui la troisi\u00e8me plus grande marque de chaussures de sport aux \u00c9tats-Unis.Fiche techniquePRINCIPALES CARACT\u00c9RISTIQUESMarque: SKECHERSType de produit: ChaussureLibill\u00e9: VERRADO &#8211; RANDENSexe: HOMME<\/p>","protected":false},"featured_media":12064,"comment_status":"open","ping_status":"closed","template":"","meta":{"_gspb_post_css":"","om_disable_all_campaigns":false,"_monsterinsights_skip_tracking":false,"_monsterinsights_sitenote_active":false,"_monsterinsights_sitenote_note":"","_monsterinsights_sitenote_category":0},"product_brand":[],"product_cat":[174,92],"product_tag":[],"class_list":{"0":"post-12063","1":"product","2":"type-product","3":"status-publish","4":"has-post-thumbnail","6":"product_cat-baskets-hommes","7":"product_cat-hommes","9":"first","10":"outofstock","11":"shipping-taxable","12":"purchasable","13":"product-type-simple"},"aioseo_notices":[],"jetpack_sharing_enabled":true,"_links":{"self":[{"href":"https:\/\/ahdhiya.com\/ar\/wp-json\/wp\/v2\/product\/12063","targetHints":{"allow":["GET"]}}],"collection":[{"href":"https:\/\/ahdhiya.com\/ar\/wp-json\/wp\/v2\/product"}],"about":[{"href":"https:\/\/ahdhiya.com\/ar\/wp-json\/wp\/v2\/types\/product"}],"replies":[{"embeddable":true,"href":"https:\/\/ahdhiya.com\/ar\/wp-json\/wp\/v2\/comments?post=12063"}],"wp:featuredmedia":[{"embeddable":true,"href":"https:\/\/ahdhiya.com\/ar\/wp-json\/wp\/v2\/media\/12064"}],"wp:attachment":[{"href":"https:\/\/ahdhiya.com\/ar\/wp-json\/wp\/v2\/media?parent=12063"}],"wp:term":[{"taxonomy":"product_brand","embeddable":true,"href":"https:\/\/ahdhiya.com\/ar\/wp-json\/wp\/v2\/product_brand?post=12063"},{"taxonomy":"product_cat","embeddable":true,"href":"https:\/\/ahdhiya.com\/ar\/wp-json\/wp\/v2\/product_cat?post=12063"},{"taxonomy":"product_tag","embeddable":true,"href":"https:\/\/ahdhiya.com\/ar\/wp-json\/wp\/v2\/product_tag?post=12063"}],"curies":[{"name":"wp","href":"https:\/\/api.w.org\/{rel}","templated":true}]}}