{"id":12109,"date":"2026-01-08T09:53:53","date_gmt":"2026-01-08T09:53:53","guid":{"rendered":"https:\/\/ahdhiya.com\/produit\/chaussure-skechers-air-cooled-bounder-rinstet-232068-bbk\/"},"modified":"2026-03-12T14:03:58","modified_gmt":"2026-03-12T14:03:58","slug":"chaussure-skechers-air-cooled-bounder-rinstet-232068-bbk","status":"publish","type":"product","link":"https:\/\/ahdhiya.com\/ar\/product\/chaussure-skechers-air-cooled-bounder-rinstet-232068-bbk\/","title":{"rendered":"Chaussure Skechers Air -Cooled ,bounder -rinstet 232068\/BBK"},"content":{"rendered":"<p>Chaussure Skechers Air -Cooled ,bounder -rinstet\u00a0ref :\u00a0232068\/BBKSKECHERS SPORTDessus \/ Tige: TextileDoublure: TextileSemelle de propret\u00e9: TextileSemelle d\u2019usure: Mati\u00e8re synth\u00e9tique\u00c9paisseur de la doublure: Doublure prot\u00e9geant du froidMati\u00e8re: Tricot \/ MailleBout de la chaussure: RondFermeture: Sans lacetsMotif \/ Couleur: Couleur unie<\/p>","protected":false},"excerpt":{"rendered":"<p>Chaussure Skechers Air -Cooled ,bounder -rinstet\u00a0ref :\u00a0232068\/BBKSKECHERS SPORTDessus \/ Tige: TextileDoublure: TextileSemelle de propret\u00e9: TextileSemelle d\u2019usure: Mati\u00e8re synth\u00e9tique\u00c9paisseur de la doublure: Doublure prot\u00e9geant du froidMati\u00e8re: Tricot \/ MailleBout de la chaussure: RondFermeture: Sans lacetsMotif \/ Couleur: Couleur unie<\/p>","protected":false},"featured_media":12110,"comment_status":"open","ping_status":"closed","template":"","meta":{"_gspb_post_css":"","om_disable_all_campaigns":false,"_monsterinsights_skip_tracking":false,"_monsterinsights_sitenote_active":false,"_monsterinsights_sitenote_note":"","_monsterinsights_sitenote_category":0},"product_brand":[],"product_cat":[174,92],"product_tag":[],"class_list":{"0":"post-12109","1":"product","2":"type-product","3":"status-publish","4":"has-post-thumbnail","6":"product_cat-baskets-hommes","7":"product_cat-hommes","9":"first","10":"outofstock","11":"shipping-taxable","12":"purchasable","13":"product-type-simple"},"aioseo_notices":[],"jetpack_sharing_enabled":true,"_links":{"self":[{"href":"https:\/\/ahdhiya.com\/ar\/wp-json\/wp\/v2\/product\/12109","targetHints":{"allow":["GET"]}}],"collection":[{"href":"https:\/\/ahdhiya.com\/ar\/wp-json\/wp\/v2\/product"}],"about":[{"href":"https:\/\/ahdhiya.com\/ar\/wp-json\/wp\/v2\/types\/product"}],"replies":[{"embeddable":true,"href":"https:\/\/ahdhiya.com\/ar\/wp-json\/wp\/v2\/comments?post=12109"}],"wp:featuredmedia":[{"embeddable":true,"href":"https:\/\/ahdhiya.com\/ar\/wp-json\/wp\/v2\/media\/12110"}],"wp:attachment":[{"href":"https:\/\/ahdhiya.com\/ar\/wp-json\/wp\/v2\/media?parent=12109"}],"wp:term":[{"taxonomy":"product_brand","embeddable":true,"href":"https:\/\/ahdhiya.com\/ar\/wp-json\/wp\/v2\/product_brand?post=12109"},{"taxonomy":"product_cat","embeddable":true,"href":"https:\/\/ahdhiya.com\/ar\/wp-json\/wp\/v2\/product_cat?post=12109"},{"taxonomy":"product_tag","embeddable":true,"href":"https:\/\/ahdhiya.com\/ar\/wp-json\/wp\/v2\/product_tag?post=12109"}],"curies":[{"name":"wp","href":"https:\/\/api.w.org\/{rel}","templated":true}]}}