{"id":12146,"date":"2026-01-08T10:16:11","date_gmt":"2026-01-08T10:16:11","guid":{"rendered":"https:\/\/ahdhiya.com\/produit\/new-balance-levis-x-327-grey\/"},"modified":"2026-03-12T14:03:58","modified_gmt":"2026-03-12T14:03:58","slug":"new-balance-levis-x-327-grey","status":"publish","type":"product","link":"https:\/\/ahdhiya.com\/ar\/product\/new-balance-levis-x-327-grey\/","title":{"rendered":"NEW BALANCE LEVI&rsquo;S X 327 GREY"},"content":{"rendered":"<p>W BALANCE LEVI&rsquo;S X 327 GREYLa saison hivernale sera marqu\u00e9e par les d\u00e9buts d\u2019une nouvelle collection de Levi\u2019s x New Balance 327.Dans le cadre de cette collaboration in\u00e9dite, les deux partenaires ont revisit\u00e9 la populaire New Balance 327, ainsi que l\u2019embl\u00e9matique veste Levi\u2019s Trucker. Du c\u00f4t\u00e9 de la gente masculine, on retrouve un coloris \u201cstone wash\u201d et une version en denim gris tandis que les petits pieds auront le droit \u00e0 une d\u00e9clinaison \u201clight wash\u201d tr\u00e8s r\u00e9ussie.Toutes les paires b\u00e9n\u00e9ficient d\u2019une construction asym\u00e9trique, ax\u00e9e sur un m\u00e9lange de denim, de nylon et de daim. Un co-branding sur le quarter panel, une touche de cuir sur la languette et une semelle waffle qui recouvre presque le talon, compl\u00e8tent les looks.<\/p>","protected":false},"excerpt":{"rendered":"<p>W BALANCE LEVI&rsquo;S X 327 GREYLa saison hivernale sera marqu\u00e9e par les d\u00e9buts d\u2019une nouvelle collection de Levi\u2019s x New Balance 327.Dans le cadre de cette collaboration in\u00e9dite, les deux partenaires ont revisit\u00e9 la populaire New Balance 327, ainsi que l\u2019embl\u00e9matique veste Levi\u2019s Trucker. Du c\u00f4t\u00e9 de la gente masculine, on retrouve un coloris \u201cstone wash\u201d et une version en denim gris tandis que les petits pieds auront le droit \u00e0 une d\u00e9clinaison \u201clight wash\u201d tr\u00e8s r\u00e9ussie.Toutes les paires b\u00e9n\u00e9ficient d\u2019une construction asym\u00e9trique, ax\u00e9e sur un m\u00e9lange de denim, de nylon et de daim. Un co-branding sur le quarter panel, une touche de cuir sur la languette et une semelle waffle qui recouvre presque le talon, compl\u00e8tent les looks.<\/p>","protected":false},"featured_media":12147,"comment_status":"open","ping_status":"closed","template":"","meta":{"_gspb_post_css":"","om_disable_all_campaigns":false,"_monsterinsights_skip_tracking":false,"_monsterinsights_sitenote_active":false,"_monsterinsights_sitenote_note":"","_monsterinsights_sitenote_category":0},"product_brand":[],"product_cat":[174,92],"product_tag":[],"class_list":{"0":"post-12146","1":"product","2":"type-product","3":"status-publish","4":"has-post-thumbnail","6":"product_cat-baskets-hommes","7":"product_cat-hommes","9":"first","10":"outofstock","11":"shipping-taxable","12":"purchasable","13":"product-type-simple"},"aioseo_notices":[],"jetpack_sharing_enabled":true,"_links":{"self":[{"href":"https:\/\/ahdhiya.com\/ar\/wp-json\/wp\/v2\/product\/12146","targetHints":{"allow":["GET"]}}],"collection":[{"href":"https:\/\/ahdhiya.com\/ar\/wp-json\/wp\/v2\/product"}],"about":[{"href":"https:\/\/ahdhiya.com\/ar\/wp-json\/wp\/v2\/types\/product"}],"replies":[{"embeddable":true,"href":"https:\/\/ahdhiya.com\/ar\/wp-json\/wp\/v2\/comments?post=12146"}],"wp:featuredmedia":[{"embeddable":true,"href":"https:\/\/ahdhiya.com\/ar\/wp-json\/wp\/v2\/media\/12147"}],"wp:attachment":[{"href":"https:\/\/ahdhiya.com\/ar\/wp-json\/wp\/v2\/media?parent=12146"}],"wp:term":[{"taxonomy":"product_brand","embeddable":true,"href":"https:\/\/ahdhiya.com\/ar\/wp-json\/wp\/v2\/product_brand?post=12146"},{"taxonomy":"product_cat","embeddable":true,"href":"https:\/\/ahdhiya.com\/ar\/wp-json\/wp\/v2\/product_cat?post=12146"},{"taxonomy":"product_tag","embeddable":true,"href":"https:\/\/ahdhiya.com\/ar\/wp-json\/wp\/v2\/product_tag?post=12146"}],"curies":[{"name":"wp","href":"https:\/\/api.w.org\/{rel}","templated":true}]}}