{"id":12152,"date":"2026-01-08T10:16:34","date_gmt":"2026-01-08T10:16:34","guid":{"rendered":"https:\/\/ahdhiya.com\/produit\/adidas-x9000l1-gx8298\/"},"modified":"2026-03-12T14:03:58","modified_gmt":"2026-03-12T14:03:58","slug":"adidas-x9000l1-gx8298","status":"publish","type":"product","link":"https:\/\/ahdhiya.com\/ar\/product\/adidas-x9000l1-gx8298\/","title":{"rendered":"Adidas X9000l1 gx8298"},"content":{"rendered":"<p>CHAUSSURE X9000L1Prends les commandes et approprie-toi ton run. Cette chaussure de running adidas X9000L1 styl\u00e9e ne passera pas inaper\u00e7ue dans la rue. L&rsquo;amorti Bounce est souple et l\u00e9ger pour plus de confort. Ce produit est con\u00e7u \u00e0 partir de mati\u00e8res recycl\u00e9es, dans le cadre de notre lutte contre les d\u00e9chets plastiques. 20 % des pi\u00e8ces utilis\u00e9es pour la fabrication de la tige sont fabriqu\u00e9es avec au moins 50 % de mat\u00e9riaux recycl\u00e9s.Chaussure X9000L1Chaussure X9000L1Chaussure X9000L1Chaussure X9000L1D\u00c9TAILS DU PRODUITChaussant standard.Fermeture \u00e0 lacets.Tige textile.Semelle interm\u00e9diaire Bounce.Doublure textile.Semelle ext\u00e9rieure en caoutchouc.<\/p>","protected":false},"excerpt":{"rendered":"<p>CHAUSSURE X9000L1Prends les commandes et approprie-toi ton run. Cette chaussure de running adidas X9000L1 styl\u00e9e ne passera pas inaper\u00e7ue dans la rue. L&rsquo;amorti Bounce est souple et l\u00e9ger pour plus de confort. Ce produit est con\u00e7u \u00e0 partir de mati\u00e8res recycl\u00e9es, dans le cadre de notre lutte contre les d\u00e9chets plastiques. 20 % des pi\u00e8ces utilis\u00e9es pour la fabrication de la tige sont fabriqu\u00e9es avec au moins 50 % de mat\u00e9riaux recycl\u00e9s.Chaussure X9000L1Chaussure X9000L1Chaussure X9000L1Chaussure X9000L1D\u00c9TAILS DU PRODUITChaussant standard.Fermeture \u00e0 lacets.Tige textile.Semelle interm\u00e9diaire Bounce.Doublure textile.Semelle ext\u00e9rieure en caoutchouc.<\/p>","protected":false},"featured_media":12153,"comment_status":"open","ping_status":"closed","template":"","meta":{"_gspb_post_css":"","om_disable_all_campaigns":false,"_monsterinsights_skip_tracking":false,"_monsterinsights_sitenote_active":false,"_monsterinsights_sitenote_note":"","_monsterinsights_sitenote_category":0},"product_brand":[],"product_cat":[174,92],"product_tag":[],"class_list":{"0":"post-12152","1":"product","2":"type-product","3":"status-publish","4":"has-post-thumbnail","6":"product_cat-baskets-hommes","7":"product_cat-hommes","9":"first","10":"outofstock","11":"shipping-taxable","12":"purchasable","13":"product-type-simple"},"aioseo_notices":[],"jetpack_sharing_enabled":true,"_links":{"self":[{"href":"https:\/\/ahdhiya.com\/ar\/wp-json\/wp\/v2\/product\/12152","targetHints":{"allow":["GET"]}}],"collection":[{"href":"https:\/\/ahdhiya.com\/ar\/wp-json\/wp\/v2\/product"}],"about":[{"href":"https:\/\/ahdhiya.com\/ar\/wp-json\/wp\/v2\/types\/product"}],"replies":[{"embeddable":true,"href":"https:\/\/ahdhiya.com\/ar\/wp-json\/wp\/v2\/comments?post=12152"}],"wp:featuredmedia":[{"embeddable":true,"href":"https:\/\/ahdhiya.com\/ar\/wp-json\/wp\/v2\/media\/12153"}],"wp:attachment":[{"href":"https:\/\/ahdhiya.com\/ar\/wp-json\/wp\/v2\/media?parent=12152"}],"wp:term":[{"taxonomy":"product_brand","embeddable":true,"href":"https:\/\/ahdhiya.com\/ar\/wp-json\/wp\/v2\/product_brand?post=12152"},{"taxonomy":"product_cat","embeddable":true,"href":"https:\/\/ahdhiya.com\/ar\/wp-json\/wp\/v2\/product_cat?post=12152"},{"taxonomy":"product_tag","embeddable":true,"href":"https:\/\/ahdhiya.com\/ar\/wp-json\/wp\/v2\/product_tag?post=12152"}],"curies":[{"name":"wp","href":"https:\/\/api.w.org\/{rel}","templated":true}]}}