{"id":12172,"date":"2026-01-08T10:22:22","date_gmt":"2026-01-08T10:22:22","guid":{"rendered":"https:\/\/ahdhiya.com\/produit\/le-coq-sportif-noir\/"},"modified":"2026-03-12T14:03:58","modified_gmt":"2026-03-12T14:03:58","slug":"le-coq-sportif-noir","status":"publish","type":"product","link":"https:\/\/ahdhiya.com\/ar\/product\/le-coq-sportif-noir\/","title":{"rendered":"LE COQ SPORTIF NOIR"},"content":{"rendered":"<p>LE COQ SPORTIF NOIRd\u00e9couvrez les nouvelles basket sign\u00e9e Le Coq Sportif-Tige en mesh et Nylon-Empi\u00e8cements en suede-Lacets plats-Doublure textile-Semelle interm\u00e9diaire en EVA tranch\u00e9-Semelle exterieur en caoutchouc-Semelle int\u00e9rieure confort-Logo lat\u00e9ral brod\u00e9-Patch tiss\u00e9 sur la languette-Logo talon d\u00e9boss\u00e9 et imprim\u00e9<\/p>","protected":false},"excerpt":{"rendered":"<p>LE COQ SPORTIF NOIRd\u00e9couvrez les nouvelles basket sign\u00e9e Le Coq Sportif-Tige en mesh et Nylon-Empi\u00e8cements en suede-Lacets plats-Doublure textile-Semelle interm\u00e9diaire en EVA tranch\u00e9-Semelle exterieur en caoutchouc-Semelle int\u00e9rieure confort-Logo lat\u00e9ral brod\u00e9-Patch tiss\u00e9 sur la languette-Logo talon d\u00e9boss\u00e9 et imprim\u00e9<\/p>","protected":false},"featured_media":12173,"comment_status":"open","ping_status":"closed","template":"","meta":{"_gspb_post_css":"","om_disable_all_campaigns":false,"_monsterinsights_skip_tracking":false,"_monsterinsights_sitenote_active":false,"_monsterinsights_sitenote_note":"","_monsterinsights_sitenote_category":0},"product_brand":[],"product_cat":[174,92],"product_tag":[],"class_list":{"0":"post-12172","1":"product","2":"type-product","3":"status-publish","4":"has-post-thumbnail","6":"product_cat-baskets-hommes","7":"product_cat-hommes","9":"first","10":"outofstock","11":"shipping-taxable","12":"purchasable","13":"product-type-simple"},"aioseo_notices":[],"jetpack_sharing_enabled":true,"_links":{"self":[{"href":"https:\/\/ahdhiya.com\/ar\/wp-json\/wp\/v2\/product\/12172","targetHints":{"allow":["GET"]}}],"collection":[{"href":"https:\/\/ahdhiya.com\/ar\/wp-json\/wp\/v2\/product"}],"about":[{"href":"https:\/\/ahdhiya.com\/ar\/wp-json\/wp\/v2\/types\/product"}],"replies":[{"embeddable":true,"href":"https:\/\/ahdhiya.com\/ar\/wp-json\/wp\/v2\/comments?post=12172"}],"wp:featuredmedia":[{"embeddable":true,"href":"https:\/\/ahdhiya.com\/ar\/wp-json\/wp\/v2\/media\/12173"}],"wp:attachment":[{"href":"https:\/\/ahdhiya.com\/ar\/wp-json\/wp\/v2\/media?parent=12172"}],"wp:term":[{"taxonomy":"product_brand","embeddable":true,"href":"https:\/\/ahdhiya.com\/ar\/wp-json\/wp\/v2\/product_brand?post=12172"},{"taxonomy":"product_cat","embeddable":true,"href":"https:\/\/ahdhiya.com\/ar\/wp-json\/wp\/v2\/product_cat?post=12172"},{"taxonomy":"product_tag","embeddable":true,"href":"https:\/\/ahdhiya.com\/ar\/wp-json\/wp\/v2\/product_tag?post=12172"}],"curies":[{"name":"wp","href":"https:\/\/api.w.org\/{rel}","templated":true}]}}