{"id":12178,"date":"2026-01-08T10:22:45","date_gmt":"2026-01-08T10:22:45","guid":{"rendered":"https:\/\/ahdhiya.com\/produit\/geox-u-spherica-actif-d-te-coa-le\/"},"modified":"2026-03-12T14:03:58","modified_gmt":"2026-03-12T14:03:58","slug":"geox-u-spherica-actif-d-te-coa-le","status":"publish","type":"product","link":"https:\/\/ahdhiya.com\/ar\/product\/geox-u-spherica-actif-d-te-coa-le\/","title":{"rendered":"GEOX U SPHERICA ACTIF D &#8211; TE COA.LE"},"content":{"rendered":"<p>La GEOX U Spherica Actif D \u2013 TE COA.LE est une sneaker homme au style audacieux et technique. Sa tige combine du textile r\u00e9sistant (TE) avec du cuir \/ mati\u00e8re imitation cuir de veau (Coated Leather \/ Coa.Le) pour offrir un bon \u00e9quilibre entre respirabilit\u00e9, robustesse et \u00e9l\u00e9gance.Elle est dot\u00e9e de la technologie Spherica\u2122 Actif, avec un syst\u00e8me d\u2019amorti type \u00ab Zero Shock \u00bb qui absorbe les chocs et rend la marche plus confortable, m\u00eame lors de longues p\u00e9riodes d\u2019utilisation. La semelle int\u00e9rieure est rembourr\u00e9e, et la semelle ext\u00e9rieure en mat\u00e9riau synth\u00e9tique assure adh\u00e9rence et durabilit\u00e9.Avec ses finitions modernes et son look urbain dynamique, cette paire est parfaite pour le quotidien, tout en conservant une touche premium gr\u00e2ce au cuir\/coated leather.<\/p>","protected":false},"excerpt":{"rendered":"<p>La GEOX U Spherica Actif D \u2013 TE COA.LE est une sneaker homme au style audacieux et technique. Sa tige combine du textile r\u00e9sistant (TE) avec du cuir \/ mati\u00e8re imitation cuir de veau (Coated Leather \/ Coa.Le) pour offrir un bon \u00e9quilibre entre respirabilit\u00e9, robustesse et \u00e9l\u00e9gance.Elle est dot\u00e9e de la technologie Spherica\u2122 Actif, avec un syst\u00e8me d\u2019amorti type \u00ab Zero Shock \u00bb qui absorbe les chocs et rend la marche plus confortable, m\u00eame lors de longues p\u00e9riodes d\u2019utilisation. La semelle int\u00e9rieure est rembourr\u00e9e, et la semelle ext\u00e9rieure en mat\u00e9riau synth\u00e9tique assure adh\u00e9rence et durabilit\u00e9.Avec ses finitions modernes et son look urbain dynamique, cette paire est parfaite pour le quotidien, tout en conservant une touche premium gr\u00e2ce au cuir\/coated leather.<\/p>","protected":false},"featured_media":12179,"comment_status":"open","ping_status":"closed","template":"","meta":{"_gspb_post_css":"","om_disable_all_campaigns":false,"_monsterinsights_skip_tracking":false,"_monsterinsights_sitenote_active":false,"_monsterinsights_sitenote_note":"","_monsterinsights_sitenote_category":0},"product_brand":[],"product_cat":[174,92],"product_tag":[],"class_list":{"0":"post-12178","1":"product","2":"type-product","3":"status-publish","4":"has-post-thumbnail","6":"product_cat-baskets-hommes","7":"product_cat-hommes","9":"first","10":"outofstock","11":"shipping-taxable","12":"purchasable","13":"product-type-simple"},"aioseo_notices":[],"jetpack_sharing_enabled":true,"_links":{"self":[{"href":"https:\/\/ahdhiya.com\/ar\/wp-json\/wp\/v2\/product\/12178","targetHints":{"allow":["GET"]}}],"collection":[{"href":"https:\/\/ahdhiya.com\/ar\/wp-json\/wp\/v2\/product"}],"about":[{"href":"https:\/\/ahdhiya.com\/ar\/wp-json\/wp\/v2\/types\/product"}],"replies":[{"embeddable":true,"href":"https:\/\/ahdhiya.com\/ar\/wp-json\/wp\/v2\/comments?post=12178"}],"wp:featuredmedia":[{"embeddable":true,"href":"https:\/\/ahdhiya.com\/ar\/wp-json\/wp\/v2\/media\/12179"}],"wp:attachment":[{"href":"https:\/\/ahdhiya.com\/ar\/wp-json\/wp\/v2\/media?parent=12178"}],"wp:term":[{"taxonomy":"product_brand","embeddable":true,"href":"https:\/\/ahdhiya.com\/ar\/wp-json\/wp\/v2\/product_brand?post=12178"},{"taxonomy":"product_cat","embeddable":true,"href":"https:\/\/ahdhiya.com\/ar\/wp-json\/wp\/v2\/product_cat?post=12178"},{"taxonomy":"product_tag","embeddable":true,"href":"https:\/\/ahdhiya.com\/ar\/wp-json\/wp\/v2\/product_tag?post=12178"}],"curies":[{"name":"wp","href":"https:\/\/api.w.org\/{rel}","templated":true}]}}