{"id":12186,"date":"2026-01-08T10:22:50","date_gmt":"2026-01-08T10:22:50","guid":{"rendered":"https:\/\/ahdhiya.com\/produit\/basket-champion-5\/"},"modified":"2026-03-12T14:03:58","modified_gmt":"2026-03-12T14:03:58","slug":"basket-champion-5","status":"publish","type":"product","link":"https:\/\/ahdhiya.com\/ar\/product\/basket-champion-5\/","title":{"rendered":"BASKET CHAMPION"},"content":{"rendered":"<p>Description :\u00a0Caract\u00e9ristiques du ProduitMarque : ChampionMod\u00e8le : WB-RD18 LOW COMBCode Produit : S22477-KK001Genre : HommeCouleur : NoirStyle : SportifConception et Mat\u00e9riauxMat\u00e9riau ext\u00e9rieur : Synth\u00e9tiqueMat\u00e9riau int\u00e9rieur : TextileBout : RondFermeture : LacetsSemelle : Mati\u00e8re synth\u00e9tique\u00c9paisseur de la semelle : 3 cmIsolation : Non isol\u00e9es (adapt\u00e9es pour toute l&rsquo;ann\u00e9e).Poids (environ) : 420 grammes (pour une chaussure).Ces sneakers combinent un design sportif avec des mat\u00e9riaux synth\u00e9tiques et textiles, offrant un confort id\u00e9al pour les activit\u00e9s quotidiennes et les loisirs.MADE IN CHINA .\u00a0<\/p>","protected":false},"excerpt":{"rendered":"<p>Description :\u00a0Caract\u00e9ristiques du ProduitMarque : ChampionMod\u00e8le : WB-RD18 LOW COMBCode Produit : S22477-KK001Genre : HommeCouleur : NoirStyle : SportifConception et Mat\u00e9riauxMat\u00e9riau ext\u00e9rieur : Synth\u00e9tiqueMat\u00e9riau int\u00e9rieur : TextileBout : RondFermeture : LacetsSemelle : Mati\u00e8re synth\u00e9tique\u00c9paisseur de la semelle : 3 cmIsolation : Non isol\u00e9es (adapt\u00e9es pour toute l&rsquo;ann\u00e9e).Poids (environ) : 420 grammes (pour une chaussure).Ces sneakers combinent un design sportif avec des mat\u00e9riaux synth\u00e9tiques et textiles, offrant un confort id\u00e9al pour les activit\u00e9s quotidiennes et les loisirs.MADE IN CHINA .\u00a0<\/p>","protected":false},"featured_media":12187,"comment_status":"open","ping_status":"closed","template":"","meta":{"_gspb_post_css":"","om_disable_all_campaigns":false,"_monsterinsights_skip_tracking":false,"_monsterinsights_sitenote_active":false,"_monsterinsights_sitenote_note":"","_monsterinsights_sitenote_category":0},"product_brand":[],"product_cat":[174,92],"product_tag":[],"class_list":{"0":"post-12186","1":"product","2":"type-product","3":"status-publish","4":"has-post-thumbnail","6":"product_cat-baskets-hommes","7":"product_cat-hommes","9":"first","10":"instock","11":"shipping-taxable","12":"purchasable","13":"product-type-simple"},"aioseo_notices":[],"jetpack_sharing_enabled":true,"_links":{"self":[{"href":"https:\/\/ahdhiya.com\/ar\/wp-json\/wp\/v2\/product\/12186","targetHints":{"allow":["GET"]}}],"collection":[{"href":"https:\/\/ahdhiya.com\/ar\/wp-json\/wp\/v2\/product"}],"about":[{"href":"https:\/\/ahdhiya.com\/ar\/wp-json\/wp\/v2\/types\/product"}],"replies":[{"embeddable":true,"href":"https:\/\/ahdhiya.com\/ar\/wp-json\/wp\/v2\/comments?post=12186"}],"wp:featuredmedia":[{"embeddable":true,"href":"https:\/\/ahdhiya.com\/ar\/wp-json\/wp\/v2\/media\/12187"}],"wp:attachment":[{"href":"https:\/\/ahdhiya.com\/ar\/wp-json\/wp\/v2\/media?parent=12186"}],"wp:term":[{"taxonomy":"product_brand","embeddable":true,"href":"https:\/\/ahdhiya.com\/ar\/wp-json\/wp\/v2\/product_brand?post=12186"},{"taxonomy":"product_cat","embeddable":true,"href":"https:\/\/ahdhiya.com\/ar\/wp-json\/wp\/v2\/product_cat?post=12186"},{"taxonomy":"product_tag","embeddable":true,"href":"https:\/\/ahdhiya.com\/ar\/wp-json\/wp\/v2\/product_tag?post=12186"}],"curies":[{"name":"wp","href":"https:\/\/api.w.org\/{rel}","templated":true}]}}