{"id":12270,"date":"2026-01-08T10:27:45","date_gmt":"2026-01-08T10:27:45","guid":{"rendered":"https:\/\/ahdhiya.com\/produit\/skechers-mens-skechers-gowalk-4-black-54681-bbk\/"},"modified":"2026-03-12T14:03:58","modified_gmt":"2026-03-12T14:03:58","slug":"skechers-mens-skechers-gowalk-4-black-54681-bbk","status":"publish","type":"product","link":"https:\/\/ahdhiya.com\/ar\/product\/skechers-mens-skechers-gowalk-4-black-54681-bbk\/","title":{"rendered":"Skechers Men&rsquo;s Skechers GOwalk 4 Black 54681\/BBK"},"content":{"rendered":"<p>Skechers Men&rsquo;s Skechers GOwalk 4 Blackref:\u00a0\u00a054681\/BBKSKECHERS GO WALK : gardez le rythme avec un confort et une stabilit\u00e9 am\u00e9lior\u00e9s avec les mocassins Skechers Go Walk 4 &#8211; Incroyable athl\u00e9tique ; enfilez simplement et partezCOUPE MOYENNE (D) ET EXTRA LARGE (4E) : ces baskets sont dot\u00e9es d&rsquo;un devant \u00e0 enfiler d\u00e9contract\u00e9 (en haut de la chaussure) pour un ajustement confortable ; tige en mesh athl\u00e9tique respirant pour un effet rafra\u00eechissant (a\u00e9ration qui aide les pieds \u00e0 respirer)GOGA MAX REFROIDIE PAR AIR (COUSSIN DE SEMELLE INT\u00c9RIEURE SUP\u00c9RIEURE) : par rapport \u00e0 la mousse \u00e0 m\u00e9moire de forme ; la mousse l\u00e9g\u00e8re Goga Max offre un maximum de soutien et d&rsquo;amorti ; le coussin rebondit comme un tapis de yoga ; aide \u00e9galement \u00e0 \u00e9vacuer l&rsquo;humidit\u00e9 (sueur)ACTIVIT\u00c9S SPORTIVES : marche, jogging l\u00e9ger, tapis roulant, entra\u00eenements, entra\u00eenement, gym, levage, exercice multisports ; ceux-ci peuvent \u00eatre port\u00e9s toute l&rsquo;ann\u00e9e (hiver, \u00e9t\u00e9, automne, printemps); lavable en machine &#8211; facile \u00e0 nettoyerMULTI-USAGES (FONCTION) : ajoutez un confort de performance aux occasions d\u00e9contract\u00e9es ; porter \u00e0 l&rsquo;int\u00e9rieur, \u00e0 la maison, au travail, au travail, en voyage ou m\u00eame en conduisant ; les possibilit\u00e9s d&rsquo;utilisation continuent<\/p>","protected":false},"excerpt":{"rendered":"<p>Skechers Men&rsquo;s Skechers GOwalk 4 Blackref:\u00a0\u00a054681\/BBKSKECHERS GO WALK : gardez le rythme avec un confort et une stabilit\u00e9 am\u00e9lior\u00e9s avec les mocassins Skechers Go Walk 4 &#8211; Incroyable athl\u00e9tique ; enfilez simplement et partezCOUPE MOYENNE (D) ET EXTRA LARGE (4E) : ces baskets sont dot\u00e9es d&rsquo;un devant \u00e0 enfiler d\u00e9contract\u00e9 (en haut de la chaussure) pour un ajustement confortable ; tige en mesh athl\u00e9tique respirant pour un effet rafra\u00eechissant (a\u00e9ration qui aide les pieds \u00e0 respirer)GOGA MAX REFROIDIE PAR AIR (COUSSIN DE SEMELLE INT\u00c9RIEURE SUP\u00c9RIEURE) : par rapport \u00e0 la mousse \u00e0 m\u00e9moire de forme ; la mousse l\u00e9g\u00e8re Goga Max offre un maximum de soutien et d&rsquo;amorti ; le coussin rebondit comme un tapis de yoga ; aide \u00e9galement \u00e0 \u00e9vacuer l&rsquo;humidit\u00e9 (sueur)ACTIVIT\u00c9S SPORTIVES : marche, jogging l\u00e9ger, tapis roulant, entra\u00eenements, entra\u00eenement, gym, levage, exercice multisports ; ceux-ci peuvent \u00eatre port\u00e9s toute l&rsquo;ann\u00e9e (hiver, \u00e9t\u00e9, automne, printemps); lavable en machine &#8211; facile \u00e0 nettoyerMULTI-USAGES (FONCTION) : ajoutez un confort de performance aux occasions d\u00e9contract\u00e9es ; porter \u00e0 l&rsquo;int\u00e9rieur, \u00e0 la maison, au travail, au travail, en voyage ou m\u00eame en conduisant ; les possibilit\u00e9s d&rsquo;utilisation continuent<\/p>","protected":false},"featured_media":12271,"comment_status":"open","ping_status":"closed","template":"","meta":{"_gspb_post_css":"","om_disable_all_campaigns":false,"_monsterinsights_skip_tracking":false,"_monsterinsights_sitenote_active":false,"_monsterinsights_sitenote_note":"","_monsterinsights_sitenote_category":0},"product_brand":[],"product_cat":[174,92],"product_tag":[],"class_list":{"0":"post-12270","1":"product","2":"type-product","3":"status-publish","4":"has-post-thumbnail","6":"product_cat-baskets-hommes","7":"product_cat-hommes","9":"first","10":"instock","11":"shipping-taxable","12":"purchasable","13":"product-type-simple"},"aioseo_notices":[],"jetpack_sharing_enabled":true,"_links":{"self":[{"href":"https:\/\/ahdhiya.com\/ar\/wp-json\/wp\/v2\/product\/12270","targetHints":{"allow":["GET"]}}],"collection":[{"href":"https:\/\/ahdhiya.com\/ar\/wp-json\/wp\/v2\/product"}],"about":[{"href":"https:\/\/ahdhiya.com\/ar\/wp-json\/wp\/v2\/types\/product"}],"replies":[{"embeddable":true,"href":"https:\/\/ahdhiya.com\/ar\/wp-json\/wp\/v2\/comments?post=12270"}],"wp:featuredmedia":[{"embeddable":true,"href":"https:\/\/ahdhiya.com\/ar\/wp-json\/wp\/v2\/media\/12271"}],"wp:attachment":[{"href":"https:\/\/ahdhiya.com\/ar\/wp-json\/wp\/v2\/media?parent=12270"}],"wp:term":[{"taxonomy":"product_brand","embeddable":true,"href":"https:\/\/ahdhiya.com\/ar\/wp-json\/wp\/v2\/product_brand?post=12270"},{"taxonomy":"product_cat","embeddable":true,"href":"https:\/\/ahdhiya.com\/ar\/wp-json\/wp\/v2\/product_cat?post=12270"},{"taxonomy":"product_tag","embeddable":true,"href":"https:\/\/ahdhiya.com\/ar\/wp-json\/wp\/v2\/product_tag?post=12270"}],"curies":[{"name":"wp","href":"https:\/\/api.w.org\/{rel}","templated":true}]}}