{"id":12281,"date":"2026-01-08T10:28:10","date_gmt":"2026-01-08T10:28:10","guid":{"rendered":"https:\/\/ahdhiya.com\/produit\/skechers-mens-moogen-black\/"},"modified":"2026-03-12T14:03:58","modified_gmt":"2026-03-12T14:03:58","slug":"skechers-mens-moogen-black","status":"publish","type":"product","link":"https:\/\/ahdhiya.com\/ar\/product\/skechers-mens-moogen-black\/","title":{"rendered":"Skechers Men&rsquo;s Moogen BLACK"},"content":{"rendered":"<p>Skechers Men&rsquo;s Moogen BLACKref : 65149-BKWAcc\u00e9l\u00e9rez le rythme avec un style \u00e9l\u00e9gant et un confort incroyable avec la chaussure SKECHERS Moogen &#8211; Holder. Tissu en maille douce et tige en similisu\u00e8de doux dans une basket d\u00e9contract\u00e9e sportive avec des accents de conception en tricot et un panneau avant lac\u00e9. Semelle int\u00e9rieure en mousse \u00e0 m\u00e9moire de forme refroidie par air.Marque : SkechersStyle: Moogen &#8211; TitulaireID du groupe de produits : 35111Groupe de couleurs : noir<\/p>","protected":false},"excerpt":{"rendered":"<p>Skechers Men&rsquo;s Moogen BLACKref : 65149-BKWAcc\u00e9l\u00e9rez le rythme avec un style \u00e9l\u00e9gant et un confort incroyable avec la chaussure SKECHERS Moogen &#8211; Holder. Tissu en maille douce et tige en similisu\u00e8de doux dans une basket d\u00e9contract\u00e9e sportive avec des accents de conception en tricot et un panneau avant lac\u00e9. Semelle int\u00e9rieure en mousse \u00e0 m\u00e9moire de forme refroidie par air.Marque : SkechersStyle: Moogen &#8211; TitulaireID du groupe de produits : 35111Groupe de couleurs : noir<\/p>","protected":false},"featured_media":12282,"comment_status":"open","ping_status":"closed","template":"","meta":{"_gspb_post_css":"","om_disable_all_campaigns":false,"_monsterinsights_skip_tracking":false,"_monsterinsights_sitenote_active":false,"_monsterinsights_sitenote_note":"","_monsterinsights_sitenote_category":0},"product_brand":[],"product_cat":[174,92],"product_tag":[],"class_list":{"0":"post-12281","1":"product","2":"type-product","3":"status-publish","4":"has-post-thumbnail","6":"product_cat-baskets-hommes","7":"product_cat-hommes","9":"first","10":"instock","11":"shipping-taxable","12":"purchasable","13":"product-type-simple"},"aioseo_notices":[],"jetpack_sharing_enabled":true,"_links":{"self":[{"href":"https:\/\/ahdhiya.com\/ar\/wp-json\/wp\/v2\/product\/12281","targetHints":{"allow":["GET"]}}],"collection":[{"href":"https:\/\/ahdhiya.com\/ar\/wp-json\/wp\/v2\/product"}],"about":[{"href":"https:\/\/ahdhiya.com\/ar\/wp-json\/wp\/v2\/types\/product"}],"replies":[{"embeddable":true,"href":"https:\/\/ahdhiya.com\/ar\/wp-json\/wp\/v2\/comments?post=12281"}],"wp:featuredmedia":[{"embeddable":true,"href":"https:\/\/ahdhiya.com\/ar\/wp-json\/wp\/v2\/media\/12282"}],"wp:attachment":[{"href":"https:\/\/ahdhiya.com\/ar\/wp-json\/wp\/v2\/media?parent=12281"}],"wp:term":[{"taxonomy":"product_brand","embeddable":true,"href":"https:\/\/ahdhiya.com\/ar\/wp-json\/wp\/v2\/product_brand?post=12281"},{"taxonomy":"product_cat","embeddable":true,"href":"https:\/\/ahdhiya.com\/ar\/wp-json\/wp\/v2\/product_cat?post=12281"},{"taxonomy":"product_tag","embeddable":true,"href":"https:\/\/ahdhiya.com\/ar\/wp-json\/wp\/v2\/product_tag?post=12281"}],"curies":[{"name":"wp","href":"https:\/\/api.w.org\/{rel}","templated":true}]}}