{"id":12511,"date":"2026-01-08T10:37:45","date_gmt":"2026-01-08T10:37:45","guid":{"rendered":"https:\/\/ahdhiya.com\/produit\/champion-25\/"},"modified":"2026-03-12T14:03:59","modified_gmt":"2026-03-12T14:03:59","slug":"champion-25","status":"publish","type":"product","link":"https:\/\/ahdhiya.com\/ar\/product\/champion-25\/","title":{"rendered":"Champion"},"content":{"rendered":"<p>Caract\u00e9ristiques \u2013 Champion S21904-WW001Type : Basket montante (mid-cut)Couleur : Triple White (WW001)Fermeture : Lacets + bride velcro sur la chevilleTige : Similicuir (PU) durable et facile \u00e0 nettoyerDoublure : Mesh respirant pour plus de confortSemelle ext\u00e9rieure : Caoutchouc antid\u00e9rapantAmorti : Semelle int\u00e9rieure souple pour un confort quotidienStyle : Look sportif classique inspir\u00e9 des sneakers r\u00e9troUtilisation : Id\u00e9ale pour le quotidien, l\u2019\u00e9cole et les sortiesMADE IN CHINA<\/p>","protected":false},"excerpt":{"rendered":"<p>Caract\u00e9ristiques \u2013 Champion S21904-WW001Type : Basket montante (mid-cut)Couleur : Triple White (WW001)Fermeture : Lacets + bride velcro sur la chevilleTige : Similicuir (PU) durable et facile \u00e0 nettoyerDoublure : Mesh respirant pour plus de confortSemelle ext\u00e9rieure : Caoutchouc antid\u00e9rapantAmorti : Semelle int\u00e9rieure souple pour un confort quotidienStyle : Look sportif classique inspir\u00e9 des sneakers r\u00e9troUtilisation : Id\u00e9ale pour le quotidien, l\u2019\u00e9cole et les sortiesMADE IN CHINA<\/p>","protected":false},"featured_media":12512,"comment_status":"open","ping_status":"closed","template":"","meta":{"_gspb_post_css":"","om_disable_all_campaigns":false,"_monsterinsights_skip_tracking":false,"_monsterinsights_sitenote_active":false,"_monsterinsights_sitenote_note":"","_monsterinsights_sitenote_category":0},"product_brand":[],"product_cat":[174,92],"product_tag":[],"class_list":{"0":"post-12511","1":"product","2":"type-product","3":"status-publish","4":"has-post-thumbnail","6":"product_cat-baskets-hommes","7":"product_cat-hommes","9":"first","10":"instock","11":"shipping-taxable","12":"purchasable","13":"product-type-simple"},"aioseo_notices":[],"jetpack_sharing_enabled":true,"_links":{"self":[{"href":"https:\/\/ahdhiya.com\/ar\/wp-json\/wp\/v2\/product\/12511","targetHints":{"allow":["GET"]}}],"collection":[{"href":"https:\/\/ahdhiya.com\/ar\/wp-json\/wp\/v2\/product"}],"about":[{"href":"https:\/\/ahdhiya.com\/ar\/wp-json\/wp\/v2\/types\/product"}],"replies":[{"embeddable":true,"href":"https:\/\/ahdhiya.com\/ar\/wp-json\/wp\/v2\/comments?post=12511"}],"wp:featuredmedia":[{"embeddable":true,"href":"https:\/\/ahdhiya.com\/ar\/wp-json\/wp\/v2\/media\/12512"}],"wp:attachment":[{"href":"https:\/\/ahdhiya.com\/ar\/wp-json\/wp\/v2\/media?parent=12511"}],"wp:term":[{"taxonomy":"product_brand","embeddable":true,"href":"https:\/\/ahdhiya.com\/ar\/wp-json\/wp\/v2\/product_brand?post=12511"},{"taxonomy":"product_cat","embeddable":true,"href":"https:\/\/ahdhiya.com\/ar\/wp-json\/wp\/v2\/product_cat?post=12511"},{"taxonomy":"product_tag","embeddable":true,"href":"https:\/\/ahdhiya.com\/ar\/wp-json\/wp\/v2\/product_tag?post=12511"}],"curies":[{"name":"wp","href":"https:\/\/api.w.org\/{rel}","templated":true}]}}