{"id":13012,"date":"2026-01-08T11:01:52","date_gmt":"2026-01-08T11:01:52","guid":{"rendered":"https:\/\/ahdhiya.com\/produit\/basket-sun68-jaki-solid-13-turchese\/"},"modified":"2026-03-12T14:04:00","modified_gmt":"2026-03-12T14:04:00","slug":"basket-sun68-jaki-solid-13-turchese","status":"publish","type":"product","link":"https:\/\/ahdhiya.com\/ar\/product\/basket-sun68-jaki-solid-13-turchese\/","title":{"rendered":"BASKET SUN68 JAKI SOLID 13 TURCHESE"},"content":{"rendered":"<p>La sneaker SUN68 JAKI SOLID 13 TURCHESEest un mod\u00e8le phare et intemporel de SUN68, constamment revisit\u00e9 pour rester au c\u0153ur de la tendance. Elle se distingue par son style running et l&rsquo;application d&rsquo;un maxi-patch lat\u00e9ral orn\u00e9 du logo iconique brod\u00e9 en contraste.\u00a0D\u00e9tails du Produit\u00a0 :\u00a0\u00a0Mod\u00e8le : Sneaker Jaki pour homme.Style : Inspir\u00e9 du running.Mat\u00e9riaux de la tige : Fabriqu\u00e9e dans un m\u00e9lange de nylon, de su\u00e8de (daim) et de PU (polyur\u00e9thane).Fermeture : Lacets en coton.Design distinctif : Maxi-patch logot\u00e9 sur le c\u00f4t\u00e9.Doublure : Micro-mesh.Semelle : Semelle interm\u00e9diaire en EVA (\u00c9thyl\u00e8ne-ac\u00e9tate de vinyle) et semelle ext\u00e9rieure en caoutchouc pour une meilleure adh\u00e9rence. Made In China<\/p>","protected":false},"excerpt":{"rendered":"<p>La sneaker SUN68 JAKI SOLID 13 TURCHESEest un mod\u00e8le phare et intemporel de SUN68, constamment revisit\u00e9 pour rester au c\u0153ur de la tendance. Elle se distingue par son style running et l&rsquo;application d&rsquo;un maxi-patch lat\u00e9ral orn\u00e9 du logo iconique brod\u00e9 en contraste.\u00a0D\u00e9tails du Produit\u00a0 :\u00a0\u00a0Mod\u00e8le : Sneaker Jaki pour homme.Style : Inspir\u00e9 du running.Mat\u00e9riaux de la tige : Fabriqu\u00e9e dans un m\u00e9lange de nylon, de su\u00e8de (daim) et de PU (polyur\u00e9thane).Fermeture : Lacets en coton.Design distinctif : Maxi-patch logot\u00e9 sur le c\u00f4t\u00e9.Doublure : Micro-mesh.Semelle : Semelle interm\u00e9diaire en EVA (\u00c9thyl\u00e8ne-ac\u00e9tate de vinyle) et semelle ext\u00e9rieure en caoutchouc pour une meilleure adh\u00e9rence. Made In China<\/p>","protected":false},"featured_media":13013,"comment_status":"open","ping_status":"closed","template":"","meta":{"_gspb_post_css":"","om_disable_all_campaigns":false,"_monsterinsights_skip_tracking":false,"_monsterinsights_sitenote_active":false,"_monsterinsights_sitenote_note":"","_monsterinsights_sitenote_category":0},"product_brand":[],"product_cat":[174,92],"product_tag":[],"class_list":{"0":"post-13012","1":"product","2":"type-product","3":"status-publish","4":"has-post-thumbnail","6":"product_cat-baskets-hommes","7":"product_cat-hommes","9":"first","10":"instock","11":"shipping-taxable","12":"purchasable","13":"product-type-simple"},"aioseo_notices":[],"jetpack_sharing_enabled":true,"_links":{"self":[{"href":"https:\/\/ahdhiya.com\/ar\/wp-json\/wp\/v2\/product\/13012","targetHints":{"allow":["GET"]}}],"collection":[{"href":"https:\/\/ahdhiya.com\/ar\/wp-json\/wp\/v2\/product"}],"about":[{"href":"https:\/\/ahdhiya.com\/ar\/wp-json\/wp\/v2\/types\/product"}],"replies":[{"embeddable":true,"href":"https:\/\/ahdhiya.com\/ar\/wp-json\/wp\/v2\/comments?post=13012"}],"wp:featuredmedia":[{"embeddable":true,"href":"https:\/\/ahdhiya.com\/ar\/wp-json\/wp\/v2\/media\/13013"}],"wp:attachment":[{"href":"https:\/\/ahdhiya.com\/ar\/wp-json\/wp\/v2\/media?parent=13012"}],"wp:term":[{"taxonomy":"product_brand","embeddable":true,"href":"https:\/\/ahdhiya.com\/ar\/wp-json\/wp\/v2\/product_brand?post=13012"},{"taxonomy":"product_cat","embeddable":true,"href":"https:\/\/ahdhiya.com\/ar\/wp-json\/wp\/v2\/product_cat?post=13012"},{"taxonomy":"product_tag","embeddable":true,"href":"https:\/\/ahdhiya.com\/ar\/wp-json\/wp\/v2\/product_tag?post=13012"}],"curies":[{"name":"wp","href":"https:\/\/api.w.org\/{rel}","templated":true}]}}