{"id":13112,"date":"2026-01-08T17:12:55","date_gmt":"2026-01-08T17:12:55","guid":{"rendered":"https:\/\/ahdhiya.com\/produit\/adidas-adilette-aqua-3\/"},"modified":"2026-03-12T14:04:01","modified_gmt":"2026-03-12T14:04:01","slug":"adidas-adilette-aqua-3","status":"publish","type":"product","link":"https:\/\/ahdhiya.com\/ar\/product\/adidas-adilette-aqua-3\/","title":{"rendered":"ADIDAS ADILETTE AQUA"},"content":{"rendered":"<p>Adilette Aqua EG1758 \u2013 Claquettes de Douche ConfortablesProfitez d\u2019un confort imm\u00e9diat avec les Adilette Aqua\u00a0EG1758\u00a0, des claquettes Adidas pens\u00e9es pour la d\u00e9tente, la piscine ou la douche. Dot\u00e9es d\u2019une conception l\u00e9g\u00e8re en une seule pi\u00e8ce, elles offrent un enfilage facile et un ajustement parfait. Leur assise plantaire Cloudfoam assure un amorti doux \u00e0 chaque pas, tandis que la bande embl\u00e9matique \u00e0 3 bandes ajoute une touche classique au design. R\u00e9sistantes \u00e0 l\u2019eau et rapides \u00e0 s\u00e9cher, ces claquettes combinent praticit\u00e9, style et confort au quotidien.<\/p>","protected":false},"excerpt":{"rendered":"<p>Adilette Aqua EG1758 \u2013 Claquettes de Douche ConfortablesProfitez d\u2019un confort imm\u00e9diat avec les Adilette Aqua\u00a0EG1758\u00a0, des claquettes Adidas pens\u00e9es pour la d\u00e9tente, la piscine ou la douche. Dot\u00e9es d\u2019une conception l\u00e9g\u00e8re en une seule pi\u00e8ce, elles offrent un enfilage facile et un ajustement parfait. Leur assise plantaire Cloudfoam assure un amorti doux \u00e0 chaque pas, tandis que la bande embl\u00e9matique \u00e0 3 bandes ajoute une touche classique au design. R\u00e9sistantes \u00e0 l\u2019eau et rapides \u00e0 s\u00e9cher, ces claquettes combinent praticit\u00e9, style et confort au quotidien.<\/p>","protected":false},"featured_media":13113,"comment_status":"open","ping_status":"closed","template":"","meta":{"_gspb_post_css":"","om_disable_all_campaigns":false,"_monsterinsights_skip_tracking":false,"_monsterinsights_sitenote_active":false,"_monsterinsights_sitenote_note":"","_monsterinsights_sitenote_category":0},"product_brand":[],"product_cat":[140,92],"product_tag":[],"class_list":{"0":"post-13112","1":"product","2":"type-product","3":"status-publish","4":"has-post-thumbnail","6":"product_cat-claquettes","7":"product_cat-hommes","9":"first","10":"instock","11":"shipping-taxable","12":"purchasable","13":"product-type-variable"},"aioseo_notices":[],"jetpack_sharing_enabled":true,"_links":{"self":[{"href":"https:\/\/ahdhiya.com\/ar\/wp-json\/wp\/v2\/product\/13112","targetHints":{"allow":["GET"]}}],"collection":[{"href":"https:\/\/ahdhiya.com\/ar\/wp-json\/wp\/v2\/product"}],"about":[{"href":"https:\/\/ahdhiya.com\/ar\/wp-json\/wp\/v2\/types\/product"}],"replies":[{"embeddable":true,"href":"https:\/\/ahdhiya.com\/ar\/wp-json\/wp\/v2\/comments?post=13112"}],"wp:featuredmedia":[{"embeddable":true,"href":"https:\/\/ahdhiya.com\/ar\/wp-json\/wp\/v2\/media\/13113"}],"wp:attachment":[{"href":"https:\/\/ahdhiya.com\/ar\/wp-json\/wp\/v2\/media?parent=13112"}],"wp:term":[{"taxonomy":"product_brand","embeddable":true,"href":"https:\/\/ahdhiya.com\/ar\/wp-json\/wp\/v2\/product_brand?post=13112"},{"taxonomy":"product_cat","embeddable":true,"href":"https:\/\/ahdhiya.com\/ar\/wp-json\/wp\/v2\/product_cat?post=13112"},{"taxonomy":"product_tag","embeddable":true,"href":"https:\/\/ahdhiya.com\/ar\/wp-json\/wp\/v2\/product_tag?post=13112"}],"curies":[{"name":"wp","href":"https:\/\/api.w.org\/{rel}","templated":true}]}}