{"id":13197,"date":"2026-01-08T17:23:35","date_gmt":"2026-01-08T17:23:35","guid":{"rendered":"https:\/\/ahdhiya.com\/produit\/geox-u-spherica-a-knitted-text\/"},"modified":"2026-03-12T14:04:01","modified_gmt":"2026-03-12T14:04:01","slug":"geox-u-spherica-a-knitted-text","status":"publish","type":"product","link":"https:\/\/ahdhiya.com\/ar\/product\/geox-u-spherica-a-knitted-text\/","title":{"rendered":"GEOX U SPHERICA A &#8211; KNITTED TEXT."},"content":{"rendered":"<p>La GEOX U Spherica A \u2013 Knitted Text. est une sneaker pour homme qui marie technologie, confort et design contemporain. Sa tige est r\u00e9alis\u00e9e dans un mat\u00e9riau tricot\u00e9 technique (knitted textile), procurant une excellente respirabilit\u00e9, flexibilit\u00e9 et un effet de maintien naturel autour du pied.Elle est \u00e9quip\u00e9e de la technologie Spherica\u2122, offrant un amorti \u201cZero Shock\u201d qui r\u00e9partit les pressions sur le pied pour une marche plus confortable. La semelle ext\u00e9rieure est con\u00e7ue pour offrir durabilit\u00e9 et adh\u00e9rence, tandis que la semelle int\u00e9rieure rembourr\u00e9e renforce le confort pour un port prolong\u00e9.Avec son design l\u00e9ger, respirant et moderne, la U Spherica A \u2013 Knitted Text. se pr\u00eate parfaitement \u00e0 un usage urbain dynamique, combinant look d\u00e9contract\u00e9 et performance technique.<\/p>","protected":false},"excerpt":{"rendered":"<p>La GEOX U Spherica A \u2013 Knitted Text. est une sneaker pour homme qui marie technologie, confort et design contemporain. Sa tige est r\u00e9alis\u00e9e dans un mat\u00e9riau tricot\u00e9 technique (knitted textile), procurant une excellente respirabilit\u00e9, flexibilit\u00e9 et un effet de maintien naturel autour du pied.Elle est \u00e9quip\u00e9e de la technologie Spherica\u2122, offrant un amorti \u201cZero Shock\u201d qui r\u00e9partit les pressions sur le pied pour une marche plus confortable. La semelle ext\u00e9rieure est con\u00e7ue pour offrir durabilit\u00e9 et adh\u00e9rence, tandis que la semelle int\u00e9rieure rembourr\u00e9e renforce le confort pour un port prolong\u00e9.Avec son design l\u00e9ger, respirant et moderne, la U Spherica A \u2013 Knitted Text. se pr\u00eate parfaitement \u00e0 un usage urbain dynamique, combinant look d\u00e9contract\u00e9 et performance technique.<\/p>","protected":false},"featured_media":13198,"comment_status":"open","ping_status":"closed","template":"","meta":{"_gspb_post_css":"","om_disable_all_campaigns":false,"_monsterinsights_skip_tracking":false,"_monsterinsights_sitenote_active":false,"_monsterinsights_sitenote_note":"","_monsterinsights_sitenote_category":0},"product_brand":[],"product_cat":[174,92],"product_tag":[],"class_list":{"0":"post-13197","1":"product","2":"type-product","3":"status-publish","4":"has-post-thumbnail","6":"product_cat-baskets-hommes","7":"product_cat-hommes","9":"first","10":"instock","11":"shipping-taxable","12":"purchasable","13":"product-type-variable"},"aioseo_notices":[],"jetpack_sharing_enabled":true,"_links":{"self":[{"href":"https:\/\/ahdhiya.com\/ar\/wp-json\/wp\/v2\/product\/13197","targetHints":{"allow":["GET"]}}],"collection":[{"href":"https:\/\/ahdhiya.com\/ar\/wp-json\/wp\/v2\/product"}],"about":[{"href":"https:\/\/ahdhiya.com\/ar\/wp-json\/wp\/v2\/types\/product"}],"replies":[{"embeddable":true,"href":"https:\/\/ahdhiya.com\/ar\/wp-json\/wp\/v2\/comments?post=13197"}],"wp:featuredmedia":[{"embeddable":true,"href":"https:\/\/ahdhiya.com\/ar\/wp-json\/wp\/v2\/media\/13198"}],"wp:attachment":[{"href":"https:\/\/ahdhiya.com\/ar\/wp-json\/wp\/v2\/media?parent=13197"}],"wp:term":[{"taxonomy":"product_brand","embeddable":true,"href":"https:\/\/ahdhiya.com\/ar\/wp-json\/wp\/v2\/product_brand?post=13197"},{"taxonomy":"product_cat","embeddable":true,"href":"https:\/\/ahdhiya.com\/ar\/wp-json\/wp\/v2\/product_cat?post=13197"},{"taxonomy":"product_tag","embeddable":true,"href":"https:\/\/ahdhiya.com\/ar\/wp-json\/wp\/v2\/product_tag?post=13197"}],"curies":[{"name":"wp","href":"https:\/\/api.w.org\/{rel}","templated":true}]}}