{"id":13543,"date":"2026-01-08T17:47:38","date_gmt":"2026-01-08T17:47:38","guid":{"rendered":"https:\/\/ahdhiya.com\/produit\/rockport-tm-sport-w-knit\/"},"modified":"2026-03-12T14:04:03","modified_gmt":"2026-03-12T14:04:03","slug":"rockport-tm-sport-w-knit","status":"publish","type":"product","link":"https:\/\/ahdhiya.com\/ar\/product\/rockport-tm-sport-w-knit\/","title":{"rendered":"ROCKPORT TM SPORT W KNIT"},"content":{"rendered":"<p>Le groupe Rockport\u00a0est un fabricant am\u00e9ricain de chaussures bas\u00e9 \u00e0 Newton, Massachusetts . Il abrite les marques Aravon, Dunham et Rockport ainsi que la populaire Rockport Cobb Hill Collection.<\/p>","protected":false},"excerpt":{"rendered":"<p>Le groupe Rockport\u00a0est un fabricant am\u00e9ricain de chaussures bas\u00e9 \u00e0 Newton, Massachusetts . Il abrite les marques Aravon, Dunham et Rockport ainsi que la populaire Rockport Cobb Hill Collection.<\/p>","protected":false},"featured_media":13544,"comment_status":"open","ping_status":"closed","template":"","meta":{"_gspb_post_css":"","om_disable_all_campaigns":false,"_monsterinsights_skip_tracking":false,"_monsterinsights_sitenote_active":false,"_monsterinsights_sitenote_note":"","_monsterinsights_sitenote_category":0},"product_brand":[],"product_cat":[176,91],"product_tag":[],"class_list":{"0":"post-13543","1":"product","2":"type-product","3":"status-publish","4":"has-post-thumbnail","6":"product_cat-baskets-femmes","7":"product_cat-femmes","9":"first","10":"instock","11":"shipping-taxable","12":"purchasable","13":"product-type-variable"},"aioseo_notices":[],"jetpack_sharing_enabled":true,"_links":{"self":[{"href":"https:\/\/ahdhiya.com\/ar\/wp-json\/wp\/v2\/product\/13543","targetHints":{"allow":["GET"]}}],"collection":[{"href":"https:\/\/ahdhiya.com\/ar\/wp-json\/wp\/v2\/product"}],"about":[{"href":"https:\/\/ahdhiya.com\/ar\/wp-json\/wp\/v2\/types\/product"}],"replies":[{"embeddable":true,"href":"https:\/\/ahdhiya.com\/ar\/wp-json\/wp\/v2\/comments?post=13543"}],"wp:featuredmedia":[{"embeddable":true,"href":"https:\/\/ahdhiya.com\/ar\/wp-json\/wp\/v2\/media\/13544"}],"wp:attachment":[{"href":"https:\/\/ahdhiya.com\/ar\/wp-json\/wp\/v2\/media?parent=13543"}],"wp:term":[{"taxonomy":"product_brand","embeddable":true,"href":"https:\/\/ahdhiya.com\/ar\/wp-json\/wp\/v2\/product_brand?post=13543"},{"taxonomy":"product_cat","embeddable":true,"href":"https:\/\/ahdhiya.com\/ar\/wp-json\/wp\/v2\/product_cat?post=13543"},{"taxonomy":"product_tag","embeddable":true,"href":"https:\/\/ahdhiya.com\/ar\/wp-json\/wp\/v2\/product_tag?post=13543"}],"curies":[{"name":"wp","href":"https:\/\/api.w.org\/{rel}","templated":true}]}}