{"id":13738,"date":"2026-01-08T17:53:25","date_gmt":"2026-01-08T17:53:25","guid":{"rendered":"https:\/\/ahdhiya.com\/produit\/puma-carina-2-0-jr\/"},"modified":"2026-03-12T14:04:04","modified_gmt":"2026-03-12T14:04:04","slug":"puma-carina-2-0-jr","status":"publish","type":"product","link":"https:\/\/ahdhiya.com\/ar\/product\/puma-carina-2-0-jr\/","title":{"rendered":"PUMA CARINA 2.0 JR"},"content":{"rendered":"<p>Inspir\u00e9e par l&rsquo;ambiance californienne d\u00e9contract\u00e9e des ann\u00e9es 80, la Carina est l&rsquo;incarnation du cool sans effort. La derni\u00e8re \u00e9dition a \u00e9t\u00e9 revue avec une semelle plus \u00e9paisse et plus textur\u00e9eMADE IN VIETNAM<\/p>","protected":false},"excerpt":{"rendered":"<p>Inspir\u00e9e par l&rsquo;ambiance californienne d\u00e9contract\u00e9e des ann\u00e9es 80, la Carina est l&rsquo;incarnation du cool sans effort. La derni\u00e8re \u00e9dition a \u00e9t\u00e9 revue avec une semelle plus \u00e9paisse et plus textur\u00e9eMADE IN VIETNAM<\/p>","protected":false},"featured_media":13739,"comment_status":"open","ping_status":"closed","template":"","meta":{"_gspb_post_css":"","om_disable_all_campaigns":false,"_monsterinsights_skip_tracking":false,"_monsterinsights_sitenote_active":false,"_monsterinsights_sitenote_note":"","_monsterinsights_sitenote_category":0},"product_brand":[],"product_cat":[175,93],"product_tag":[],"class_list":{"0":"post-13738","1":"product","2":"type-product","3":"status-publish","4":"has-post-thumbnail","6":"product_cat-baskets","7":"product_cat-enfant-et-bebe","9":"first","10":"instock","11":"shipping-taxable","12":"purchasable","13":"product-type-variable"},"aioseo_notices":[],"jetpack_sharing_enabled":true,"_links":{"self":[{"href":"https:\/\/ahdhiya.com\/ar\/wp-json\/wp\/v2\/product\/13738","targetHints":{"allow":["GET"]}}],"collection":[{"href":"https:\/\/ahdhiya.com\/ar\/wp-json\/wp\/v2\/product"}],"about":[{"href":"https:\/\/ahdhiya.com\/ar\/wp-json\/wp\/v2\/types\/product"}],"replies":[{"embeddable":true,"href":"https:\/\/ahdhiya.com\/ar\/wp-json\/wp\/v2\/comments?post=13738"}],"wp:featuredmedia":[{"embeddable":true,"href":"https:\/\/ahdhiya.com\/ar\/wp-json\/wp\/v2\/media\/13739"}],"wp:attachment":[{"href":"https:\/\/ahdhiya.com\/ar\/wp-json\/wp\/v2\/media?parent=13738"}],"wp:term":[{"taxonomy":"product_brand","embeddable":true,"href":"https:\/\/ahdhiya.com\/ar\/wp-json\/wp\/v2\/product_brand?post=13738"},{"taxonomy":"product_cat","embeddable":true,"href":"https:\/\/ahdhiya.com\/ar\/wp-json\/wp\/v2\/product_cat?post=13738"},{"taxonomy":"product_tag","embeddable":true,"href":"https:\/\/ahdhiya.com\/ar\/wp-json\/wp\/v2\/product_tag?post=13738"}],"curies":[{"name":"wp","href":"https:\/\/api.w.org\/{rel}","templated":true}]}}