{"id":13755,"date":"2026-01-08T17:53:58","date_gmt":"2026-01-08T17:53:58","guid":{"rendered":"https:\/\/ahdhiya.com\/produit\/basket-champion-6\/"},"modified":"2026-03-12T14:04:04","modified_gmt":"2026-03-12T14:04:04","slug":"basket-champion-6","status":"publish","type":"product","link":"https:\/\/ahdhiya.com\/ar\/product\/basket-champion-6\/","title":{"rendered":"BASKET CHAMPION"},"content":{"rendered":"<p>Description :\u00a0D\u00e9tails du ProduitMarque : ChampionCat\u00e9gorie : Baskets (Kedi) \/ Chaussures bassesCode Produit (Article) : chaS11868-WHT\/VTICouleur : Blanc (avec de l\u00e9gers accents rose p\u00e2le, selon la description)Saison : Mi-saison (Printemps\/Automne)Composition et ConceptionMat\u00e9riau ext\u00e9rieur : 100% Polyur\u00e9thane (Dessus synth\u00e9tique r\u00e9sistant \u00e0 l&rsquo;usure et facile d&rsquo;entretien).Doublure : Tissu doux (propri\u00e9t\u00e9s respirantes pour un microclimat confortable du pied).Semelle int\u00e9rieure : Souple pour un confort accru.Semelle ext\u00e9rieure : Caoutchouc plat et r\u00e9sistant \u00e0 l&rsquo;usure pour une excellente adh\u00e9rence.Fermeture : Syst\u00e8me de la\u00e7age classique assurant un bon ajustement et un maintien stable.Ventilation : Trous perfor\u00e9s sur la partie sup\u00e9rieure pour une meilleure a\u00e9ration.Style et UsageCes sneakers sont un excellent choix quotidien, offrant l\u00e9g\u00e8ret\u00e9 et confort. Leur design minimaliste, rehauss\u00e9 d&rsquo;un accent d\u00e9licat de couleur rose p\u00e2le et du logo embl\u00e9matique Champion, leur conf\u00e8re une touche de f\u00e9minit\u00e9 et les rend polyvalentes pour compl\u00e9ter votre garde-robe.MADE IN CHINA .<\/p>","protected":false},"excerpt":{"rendered":"<p>Description :\u00a0D\u00e9tails du ProduitMarque : ChampionCat\u00e9gorie : Baskets (Kedi) \/ Chaussures bassesCode Produit (Article) : chaS11868-WHT\/VTICouleur : Blanc (avec de l\u00e9gers accents rose p\u00e2le, selon la description)Saison : Mi-saison (Printemps\/Automne)Composition et ConceptionMat\u00e9riau ext\u00e9rieur : 100% Polyur\u00e9thane (Dessus synth\u00e9tique r\u00e9sistant \u00e0 l&rsquo;usure et facile d&rsquo;entretien).Doublure : Tissu doux (propri\u00e9t\u00e9s respirantes pour un microclimat confortable du pied).Semelle int\u00e9rieure : Souple pour un confort accru.Semelle ext\u00e9rieure : Caoutchouc plat et r\u00e9sistant \u00e0 l&rsquo;usure pour une excellente adh\u00e9rence.Fermeture : Syst\u00e8me de la\u00e7age classique assurant un bon ajustement et un maintien stable.Ventilation : Trous perfor\u00e9s sur la partie sup\u00e9rieure pour une meilleure a\u00e9ration.Style et UsageCes sneakers sont un excellent choix quotidien, offrant l\u00e9g\u00e8ret\u00e9 et confort. Leur design minimaliste, rehauss\u00e9 d&rsquo;un accent d\u00e9licat de couleur rose p\u00e2le et du logo embl\u00e9matique Champion, leur conf\u00e8re une touche de f\u00e9minit\u00e9 et les rend polyvalentes pour compl\u00e9ter votre garde-robe.MADE IN CHINA .<\/p>","protected":false},"featured_media":13756,"comment_status":"open","ping_status":"closed","template":"","meta":{"_gspb_post_css":"","om_disable_all_campaigns":false,"_monsterinsights_skip_tracking":false,"_monsterinsights_sitenote_active":false,"_monsterinsights_sitenote_note":"","_monsterinsights_sitenote_category":0},"product_brand":[],"product_cat":[176,91],"product_tag":[],"class_list":{"0":"post-13755","1":"product","2":"type-product","3":"status-publish","4":"has-post-thumbnail","6":"product_cat-baskets-femmes","7":"product_cat-femmes","9":"first","10":"instock","11":"shipping-taxable","12":"purchasable","13":"product-type-variable"},"aioseo_notices":[],"jetpack_sharing_enabled":true,"_links":{"self":[{"href":"https:\/\/ahdhiya.com\/ar\/wp-json\/wp\/v2\/product\/13755","targetHints":{"allow":["GET"]}}],"collection":[{"href":"https:\/\/ahdhiya.com\/ar\/wp-json\/wp\/v2\/product"}],"about":[{"href":"https:\/\/ahdhiya.com\/ar\/wp-json\/wp\/v2\/types\/product"}],"replies":[{"embeddable":true,"href":"https:\/\/ahdhiya.com\/ar\/wp-json\/wp\/v2\/comments?post=13755"}],"wp:featuredmedia":[{"embeddable":true,"href":"https:\/\/ahdhiya.com\/ar\/wp-json\/wp\/v2\/media\/13756"}],"wp:attachment":[{"href":"https:\/\/ahdhiya.com\/ar\/wp-json\/wp\/v2\/media?parent=13755"}],"wp:term":[{"taxonomy":"product_brand","embeddable":true,"href":"https:\/\/ahdhiya.com\/ar\/wp-json\/wp\/v2\/product_brand?post=13755"},{"taxonomy":"product_cat","embeddable":true,"href":"https:\/\/ahdhiya.com\/ar\/wp-json\/wp\/v2\/product_cat?post=13755"},{"taxonomy":"product_tag","embeddable":true,"href":"https:\/\/ahdhiya.com\/ar\/wp-json\/wp\/v2\/product_tag?post=13755"}],"curies":[{"name":"wp","href":"https:\/\/api.w.org\/{rel}","templated":true}]}}