{"id":14033,"date":"2026-01-08T18:06:39","date_gmt":"2026-01-08T18:06:39","guid":{"rendered":"https:\/\/ahdhiya.com\/produit\/claquette-peak-slippers-chubby-mustard-yellow\/"},"modified":"2026-03-12T14:04:05","modified_gmt":"2026-03-12T14:04:05","slug":"claquette-peak-slippers-chubby-mustard-yellow","status":"publish","type":"product","link":"https:\/\/ahdhiya.com\/ar\/product\/claquette-peak-slippers-chubby-mustard-yellow\/","title":{"rendered":"CLAQUETTE PEAK SLIPPERS CHUBBY MUSTARD YELLOW"},"content":{"rendered":"<p>Description :\u00a0Ces claquettes \u00ab\u00a0Chubby\u00a0\u00bb de la marque PEAK Sport sont con\u00e7ues pour offrir un confort maximal avec un style d\u00e9contract\u00e9 et moderne. Class\u00e9es dans la cat\u00e9gorie des chaussures \u00ab\u00a0Claquettes et Tongs\u00a0\u00bb pour Homme, elles sont id\u00e9ales pour la d\u00e9tente, que ce soit \u00e0 la maison, \u00e0 la piscine, ou pour des sorties rapides.Leur conception met l&rsquo;accent sur le soutien et le confort durable, des qualit\u00e9s pour lesquelles la marque PEAK est reconnue.D\u00e9tails du Produit :Nom : Peak Slippers Chubby Mustard YellowCouleur : Mustard Yellow (Jaune Moutarde)R\u00e9f\u00e9rence (UGS) : ET31797L_MUSTARD YELLOW MADE IN CHINA\u00a0<\/p>","protected":false},"excerpt":{"rendered":"<p>Description :\u00a0Ces claquettes \u00ab\u00a0Chubby\u00a0\u00bb de la marque PEAK Sport sont con\u00e7ues pour offrir un confort maximal avec un style d\u00e9contract\u00e9 et moderne. Class\u00e9es dans la cat\u00e9gorie des chaussures \u00ab\u00a0Claquettes et Tongs\u00a0\u00bb pour Homme, elles sont id\u00e9ales pour la d\u00e9tente, que ce soit \u00e0 la maison, \u00e0 la piscine, ou pour des sorties rapides.Leur conception met l&rsquo;accent sur le soutien et le confort durable, des qualit\u00e9s pour lesquelles la marque PEAK est reconnue.D\u00e9tails du Produit :Nom : Peak Slippers Chubby Mustard YellowCouleur : Mustard Yellow (Jaune Moutarde)R\u00e9f\u00e9rence (UGS) : ET31797L_MUSTARD YELLOW MADE IN CHINA\u00a0<\/p>","protected":false},"featured_media":14034,"comment_status":"open","ping_status":"closed","template":"","meta":{"_gspb_post_css":"","om_disable_all_campaigns":false,"_monsterinsights_skip_tracking":false,"_monsterinsights_sitenote_active":false,"_monsterinsights_sitenote_note":"","_monsterinsights_sitenote_category":0},"product_brand":[],"product_cat":[140,92],"product_tag":[],"class_list":{"0":"post-14033","1":"product","2":"type-product","3":"status-publish","4":"has-post-thumbnail","6":"product_cat-claquettes","7":"product_cat-hommes","9":"first","10":"instock","11":"shipping-taxable","12":"purchasable","13":"product-type-variable"},"aioseo_notices":[],"jetpack_sharing_enabled":true,"_links":{"self":[{"href":"https:\/\/ahdhiya.com\/ar\/wp-json\/wp\/v2\/product\/14033","targetHints":{"allow":["GET"]}}],"collection":[{"href":"https:\/\/ahdhiya.com\/ar\/wp-json\/wp\/v2\/product"}],"about":[{"href":"https:\/\/ahdhiya.com\/ar\/wp-json\/wp\/v2\/types\/product"}],"replies":[{"embeddable":true,"href":"https:\/\/ahdhiya.com\/ar\/wp-json\/wp\/v2\/comments?post=14033"}],"wp:featuredmedia":[{"embeddable":true,"href":"https:\/\/ahdhiya.com\/ar\/wp-json\/wp\/v2\/media\/14034"}],"wp:attachment":[{"href":"https:\/\/ahdhiya.com\/ar\/wp-json\/wp\/v2\/media?parent=14033"}],"wp:term":[{"taxonomy":"product_brand","embeddable":true,"href":"https:\/\/ahdhiya.com\/ar\/wp-json\/wp\/v2\/product_brand?post=14033"},{"taxonomy":"product_cat","embeddable":true,"href":"https:\/\/ahdhiya.com\/ar\/wp-json\/wp\/v2\/product_cat?post=14033"},{"taxonomy":"product_tag","embeddable":true,"href":"https:\/\/ahdhiya.com\/ar\/wp-json\/wp\/v2\/product_tag?post=14033"}],"curies":[{"name":"wp","href":"https:\/\/api.w.org\/{rel}","templated":true}]}}