{"id":14048,"date":"2026-01-08T18:06:48","date_gmt":"2026-01-08T18:06:48","guid":{"rendered":"https:\/\/ahdhiya.com\/produit\/puma-carina-street-jr-white-silver-mist\/"},"modified":"2026-03-12T14:04:05","modified_gmt":"2026-03-12T14:04:05","slug":"puma-carina-street-jr-white-silver-mist","status":"publish","type":"product","link":"https:\/\/ahdhiya.com\/ar\/product\/puma-carina-street-jr-white-silver-mist\/","title":{"rendered":"PUMA CARINA STREET JR WHITE SILVER MIST"},"content":{"rendered":"<p>Puma Carina Street JR Pens\u00e9e pour les jeunes passionn\u00e9s de mode, la Puma Carina Street JR allie confort et style urbain. Inspir\u00e9e du look d\u00e9contract\u00e9 des ann\u00e9es 80, elle s\u00e9duit par sa silhouette \u00e9pur\u00e9e, sa tige en cuir synth\u00e9tique et ses d\u00e9tails soign\u00e9s. Sa semelle \u00e9paisse au design sculpt\u00e9 apporte une touche moderne et assure une bonne stabilit\u00e9 au quotidien. Parfaite pour l\u2019\u00e9cole, les sorties ou les moments de d\u00e9tente, cette basket est un must-have du dressing junior.<\/p>","protected":false},"excerpt":{"rendered":"<p>Puma Carina Street JR Pens\u00e9e pour les jeunes passionn\u00e9s de mode, la Puma Carina Street JR allie confort et style urbain. Inspir\u00e9e du look d\u00e9contract\u00e9 des ann\u00e9es 80, elle s\u00e9duit par sa silhouette \u00e9pur\u00e9e, sa tige en cuir synth\u00e9tique et ses d\u00e9tails soign\u00e9s. Sa semelle \u00e9paisse au design sculpt\u00e9 apporte une touche moderne et assure une bonne stabilit\u00e9 au quotidien. Parfaite pour l\u2019\u00e9cole, les sorties ou les moments de d\u00e9tente, cette basket est un must-have du dressing junior.<\/p>","protected":false},"featured_media":14049,"comment_status":"open","ping_status":"closed","template":"","meta":{"_gspb_post_css":"","om_disable_all_campaigns":false,"_monsterinsights_skip_tracking":false,"_monsterinsights_sitenote_active":false,"_monsterinsights_sitenote_note":"","_monsterinsights_sitenote_category":0},"product_brand":[],"product_cat":[175,93],"product_tag":[],"class_list":{"0":"post-14048","1":"product","2":"type-product","3":"status-publish","4":"has-post-thumbnail","6":"product_cat-baskets","7":"product_cat-enfant-et-bebe","9":"first","10":"instock","11":"shipping-taxable","12":"purchasable","13":"product-type-variable"},"aioseo_notices":[],"jetpack_sharing_enabled":true,"_links":{"self":[{"href":"https:\/\/ahdhiya.com\/ar\/wp-json\/wp\/v2\/product\/14048","targetHints":{"allow":["GET"]}}],"collection":[{"href":"https:\/\/ahdhiya.com\/ar\/wp-json\/wp\/v2\/product"}],"about":[{"href":"https:\/\/ahdhiya.com\/ar\/wp-json\/wp\/v2\/types\/product"}],"replies":[{"embeddable":true,"href":"https:\/\/ahdhiya.com\/ar\/wp-json\/wp\/v2\/comments?post=14048"}],"wp:featuredmedia":[{"embeddable":true,"href":"https:\/\/ahdhiya.com\/ar\/wp-json\/wp\/v2\/media\/14049"}],"wp:attachment":[{"href":"https:\/\/ahdhiya.com\/ar\/wp-json\/wp\/v2\/media?parent=14048"}],"wp:term":[{"taxonomy":"product_brand","embeddable":true,"href":"https:\/\/ahdhiya.com\/ar\/wp-json\/wp\/v2\/product_brand?post=14048"},{"taxonomy":"product_cat","embeddable":true,"href":"https:\/\/ahdhiya.com\/ar\/wp-json\/wp\/v2\/product_cat?post=14048"},{"taxonomy":"product_tag","embeddable":true,"href":"https:\/\/ahdhiya.com\/ar\/wp-json\/wp\/v2\/product_tag?post=14048"}],"curies":[{"name":"wp","href":"https:\/\/api.w.org\/{rel}","templated":true}]}}