{"id":14177,"date":"2026-01-08T18:11:51","date_gmt":"2026-01-08T18:11:51","guid":{"rendered":"https:\/\/ahdhiya.com\/produit\/basket-tommy-2\/"},"modified":"2026-03-12T14:04:06","modified_gmt":"2026-03-12T14:04:06","slug":"basket-tommy-2","status":"publish","type":"product","link":"https:\/\/ahdhiya.com\/ar\/product\/basket-tommy-2\/","title":{"rendered":"BASKET TOMMY"},"content":{"rendered":"<p>Description :\u00a0Ces bottes de randonn\u00e9e Tommy Hilfiger (R\u00e9f. T1B5-33154-0316A105) combinent un style ext\u00e9rieur robuste avec l&rsquo;esth\u00e9tique classique de la marque. Elles pr\u00e9sentent une tige montante de couleur ocre et noir, fabriqu\u00e9e \u00e0 partir d&rsquo;un m\u00e9lange d&rsquo;imitation cuir et de mati\u00e8re textile, id\u00e9ales pour un usage quotidien. Con\u00e7ues sans isolation, elles sont parfaites pour les saisons interm\u00e9diaires. La fermeture se fait par lacets, et elles reposent sur une semelle synth\u00e9tique plate, assurant confort et stabilit\u00e9.MADE IN CHINA\u00a0\u00a0<\/p>","protected":false},"excerpt":{"rendered":"<p>Description :\u00a0Ces bottes de randonn\u00e9e Tommy Hilfiger (R\u00e9f. T1B5-33154-0316A105) combinent un style ext\u00e9rieur robuste avec l&rsquo;esth\u00e9tique classique de la marque. Elles pr\u00e9sentent une tige montante de couleur ocre et noir, fabriqu\u00e9e \u00e0 partir d&rsquo;un m\u00e9lange d&rsquo;imitation cuir et de mati\u00e8re textile, id\u00e9ales pour un usage quotidien. Con\u00e7ues sans isolation, elles sont parfaites pour les saisons interm\u00e9diaires. La fermeture se fait par lacets, et elles reposent sur une semelle synth\u00e9tique plate, assurant confort et stabilit\u00e9.MADE IN CHINA\u00a0\u00a0<\/p>","protected":false},"featured_media":14178,"comment_status":"open","ping_status":"closed","template":"","meta":{"_gspb_post_css":"","om_disable_all_campaigns":false,"_monsterinsights_skip_tracking":false,"_monsterinsights_sitenote_active":false,"_monsterinsights_sitenote_note":"","_monsterinsights_sitenote_category":0},"product_brand":[],"product_cat":[93,183],"product_tag":[],"class_list":{"0":"post-14177","1":"product","2":"type-product","3":"status-publish","4":"has-post-thumbnail","6":"product_cat-enfant-et-bebe","7":"product_cat-godasses-et-boots-enfant-et-bebe","9":"first","10":"instock","11":"shipping-taxable","12":"purchasable","13":"product-type-variable"},"aioseo_notices":[],"jetpack_sharing_enabled":true,"_links":{"self":[{"href":"https:\/\/ahdhiya.com\/ar\/wp-json\/wp\/v2\/product\/14177","targetHints":{"allow":["GET"]}}],"collection":[{"href":"https:\/\/ahdhiya.com\/ar\/wp-json\/wp\/v2\/product"}],"about":[{"href":"https:\/\/ahdhiya.com\/ar\/wp-json\/wp\/v2\/types\/product"}],"replies":[{"embeddable":true,"href":"https:\/\/ahdhiya.com\/ar\/wp-json\/wp\/v2\/comments?post=14177"}],"wp:featuredmedia":[{"embeddable":true,"href":"https:\/\/ahdhiya.com\/ar\/wp-json\/wp\/v2\/media\/14178"}],"wp:attachment":[{"href":"https:\/\/ahdhiya.com\/ar\/wp-json\/wp\/v2\/media?parent=14177"}],"wp:term":[{"taxonomy":"product_brand","embeddable":true,"href":"https:\/\/ahdhiya.com\/ar\/wp-json\/wp\/v2\/product_brand?post=14177"},{"taxonomy":"product_cat","embeddable":true,"href":"https:\/\/ahdhiya.com\/ar\/wp-json\/wp\/v2\/product_cat?post=14177"},{"taxonomy":"product_tag","embeddable":true,"href":"https:\/\/ahdhiya.com\/ar\/wp-json\/wp\/v2\/product_tag?post=14177"}],"curies":[{"name":"wp","href":"https:\/\/api.w.org\/{rel}","templated":true}]}}