{"id":14194,"date":"2026-01-08T18:12:00","date_gmt":"2026-01-08T18:12:00","guid":{"rendered":"https:\/\/ahdhiya.com\/produit\/basket-tommy-3\/"},"modified":"2026-03-12T14:04:06","modified_gmt":"2026-03-12T14:04:06","slug":"basket-tommy-3","status":"publish","type":"product","link":"https:\/\/ahdhiya.com\/ar\/product\/basket-tommy-3\/","title":{"rendered":"BASKET TOMMY"},"content":{"rendered":"<p>Description :\u00a0Ces\u00a0bottes d&rsquo;hiver Tommy Hilfiger\u00a0 KIDS\u00a0sont con\u00e7ues pour garder les pieds des enfants au chaud et au sec pendant la saison froide. Elles pr\u00e9sentent un design \u00e0 lacets et sont fabriqu\u00e9es avec une tige en mati\u00e8re d\u00e9perlante, souvent en polyester recycl\u00e9, et une doublure int\u00e9rieure chaude. Leur col matelass\u00e9 et leur semelle \u00e9paisse et crant\u00e9e assurent un confort accru et une bonne adh\u00e9rence sur les surfaces enneig\u00e9es ou glissantes.MADE IN CHINA .\u00a0<\/p>","protected":false},"excerpt":{"rendered":"<p>Description :\u00a0Ces\u00a0bottes d&rsquo;hiver Tommy Hilfiger\u00a0 KIDS\u00a0sont con\u00e7ues pour garder les pieds des enfants au chaud et au sec pendant la saison froide. Elles pr\u00e9sentent un design \u00e0 lacets et sont fabriqu\u00e9es avec une tige en mati\u00e8re d\u00e9perlante, souvent en polyester recycl\u00e9, et une doublure int\u00e9rieure chaude. Leur col matelass\u00e9 et leur semelle \u00e9paisse et crant\u00e9e assurent un confort accru et une bonne adh\u00e9rence sur les surfaces enneig\u00e9es ou glissantes.MADE IN CHINA .\u00a0<\/p>","protected":false},"featured_media":14195,"comment_status":"open","ping_status":"closed","template":"","meta":{"_gspb_post_css":"","om_disable_all_campaigns":false,"_monsterinsights_skip_tracking":false,"_monsterinsights_sitenote_active":false,"_monsterinsights_sitenote_note":"","_monsterinsights_sitenote_category":0},"product_brand":[],"product_cat":[93,183],"product_tag":[],"class_list":{"0":"post-14194","1":"product","2":"type-product","3":"status-publish","4":"has-post-thumbnail","6":"product_cat-enfant-et-bebe","7":"product_cat-godasses-et-boots-enfant-et-bebe","9":"first","10":"instock","11":"shipping-taxable","12":"purchasable","13":"product-type-variable"},"aioseo_notices":[],"jetpack_sharing_enabled":true,"_links":{"self":[{"href":"https:\/\/ahdhiya.com\/ar\/wp-json\/wp\/v2\/product\/14194","targetHints":{"allow":["GET"]}}],"collection":[{"href":"https:\/\/ahdhiya.com\/ar\/wp-json\/wp\/v2\/product"}],"about":[{"href":"https:\/\/ahdhiya.com\/ar\/wp-json\/wp\/v2\/types\/product"}],"replies":[{"embeddable":true,"href":"https:\/\/ahdhiya.com\/ar\/wp-json\/wp\/v2\/comments?post=14194"}],"wp:featuredmedia":[{"embeddable":true,"href":"https:\/\/ahdhiya.com\/ar\/wp-json\/wp\/v2\/media\/14195"}],"wp:attachment":[{"href":"https:\/\/ahdhiya.com\/ar\/wp-json\/wp\/v2\/media?parent=14194"}],"wp:term":[{"taxonomy":"product_brand","embeddable":true,"href":"https:\/\/ahdhiya.com\/ar\/wp-json\/wp\/v2\/product_brand?post=14194"},{"taxonomy":"product_cat","embeddable":true,"href":"https:\/\/ahdhiya.com\/ar\/wp-json\/wp\/v2\/product_cat?post=14194"},{"taxonomy":"product_tag","embeddable":true,"href":"https:\/\/ahdhiya.com\/ar\/wp-json\/wp\/v2\/product_tag?post=14194"}],"curies":[{"name":"wp","href":"https:\/\/api.w.org\/{rel}","templated":true}]}}