{"id":14225,"date":"2026-01-08T18:12:18","date_gmt":"2026-01-08T18:12:18","guid":{"rendered":"https:\/\/ahdhiya.com\/produit\/la-martina-lfm241-060-3000\/"},"modified":"2026-03-12T14:04:06","modified_gmt":"2026-03-12T14:04:06","slug":"la-martina-lfm241-060-3000","status":"publish","type":"product","link":"https:\/\/ahdhiya.com\/ar\/product\/la-martina-lfm241-060-3000\/","title":{"rendered":"LA MARTINA LFM241.060.3000"},"content":{"rendered":"<p>Les sneakers La Martina incarnent l\u2019alliance parfaite entre \u00e9l\u00e9gance italienne et esprit sportif. Fid\u00e8le \u00e0 son h\u00e9ritage li\u00e9 au polo, la marque revisite le style urbain avec des mod\u00e8les qui associent raffinement, confort et qualit\u00e9 artisanale. Chaque paire refl\u00e8te le soin du d\u00e9tail propre \u00e0 La Martina, offrant des chaussures polyvalentes, modernes et authentiques, pens\u00e9es pour ceux qui recherchent \u00e0 la fois distinction et performance au quotidien.<\/p>","protected":false},"excerpt":{"rendered":"<p>Les sneakers La Martina incarnent l\u2019alliance parfaite entre \u00e9l\u00e9gance italienne et esprit sportif. Fid\u00e8le \u00e0 son h\u00e9ritage li\u00e9 au polo, la marque revisite le style urbain avec des mod\u00e8les qui associent raffinement, confort et qualit\u00e9 artisanale. Chaque paire refl\u00e8te le soin du d\u00e9tail propre \u00e0 La Martina, offrant des chaussures polyvalentes, modernes et authentiques, pens\u00e9es pour ceux qui recherchent \u00e0 la fois distinction et performance au quotidien.<\/p>","protected":false},"featured_media":14226,"comment_status":"open","ping_status":"closed","template":"","meta":{"_gspb_post_css":"","om_disable_all_campaigns":false,"_monsterinsights_skip_tracking":false,"_monsterinsights_sitenote_active":false,"_monsterinsights_sitenote_note":"","_monsterinsights_sitenote_category":0},"product_brand":[],"product_cat":[174,92],"product_tag":[],"class_list":{"0":"post-14225","1":"product","2":"type-product","3":"status-publish","4":"has-post-thumbnail","6":"product_cat-baskets-hommes","7":"product_cat-hommes","9":"first","10":"instock","11":"shipping-taxable","12":"purchasable","13":"product-type-variable"},"aioseo_notices":[],"jetpack_sharing_enabled":true,"_links":{"self":[{"href":"https:\/\/ahdhiya.com\/ar\/wp-json\/wp\/v2\/product\/14225","targetHints":{"allow":["GET"]}}],"collection":[{"href":"https:\/\/ahdhiya.com\/ar\/wp-json\/wp\/v2\/product"}],"about":[{"href":"https:\/\/ahdhiya.com\/ar\/wp-json\/wp\/v2\/types\/product"}],"replies":[{"embeddable":true,"href":"https:\/\/ahdhiya.com\/ar\/wp-json\/wp\/v2\/comments?post=14225"}],"wp:featuredmedia":[{"embeddable":true,"href":"https:\/\/ahdhiya.com\/ar\/wp-json\/wp\/v2\/media\/14226"}],"wp:attachment":[{"href":"https:\/\/ahdhiya.com\/ar\/wp-json\/wp\/v2\/media?parent=14225"}],"wp:term":[{"taxonomy":"product_brand","embeddable":true,"href":"https:\/\/ahdhiya.com\/ar\/wp-json\/wp\/v2\/product_brand?post=14225"},{"taxonomy":"product_cat","embeddable":true,"href":"https:\/\/ahdhiya.com\/ar\/wp-json\/wp\/v2\/product_cat?post=14225"},{"taxonomy":"product_tag","embeddable":true,"href":"https:\/\/ahdhiya.com\/ar\/wp-json\/wp\/v2\/product_tag?post=14225"}],"curies":[{"name":"wp","href":"https:\/\/api.w.org\/{rel}","templated":true}]}}