{"id":14237,"date":"2026-01-08T18:12:23","date_gmt":"2026-01-08T18:12:23","guid":{"rendered":"https:\/\/ahdhiya.com\/produit\/tommy-hilfiger-footwear-4\/"},"modified":"2026-03-12T14:04:06","modified_gmt":"2026-03-12T14:04:06","slug":"tommy-hilfiger-footwear-4","status":"publish","type":"product","link":"https:\/\/ahdhiya.com\/ar\/product\/tommy-hilfiger-footwear-4\/","title":{"rendered":"TOMMY HILFIGER FOOTWEAR"},"content":{"rendered":"<p>La sneaker T3X9-33664-1269B058 de Tommy Hilfiger allie \u00e9l\u00e9gance d\u00e9contract\u00e9e et esprit sportif. Sa tige dans un ton beige\/off-white se distingue par des touches subtiles bleu et rouge \u00e9voquant l\u2019identit\u00e9 de la marque. Le mod\u00e8le adopte une coupe basse (\u00ab low-cut \u00bb) facilitant la tenue urbaine, tandis que le la\u00e7age classique assure un ajustement pr\u00e9cis.La semelle ext\u00e9rieure en caoutchouc offre une bonne adh\u00e9rence au quotidien, et l\u2019int\u00e9rieur rembourr\u00e9 garantit un confort prolong\u00e9. Polyvalente, cette sneaker s\u2019harmonise aussi bien avec un jean qu\u2019avec un chino l\u00e9ger, pour un style casual chic sans effort.<\/p>","protected":false},"excerpt":{"rendered":"<p>La sneaker T3X9-33664-1269B058 de Tommy Hilfiger allie \u00e9l\u00e9gance d\u00e9contract\u00e9e et esprit sportif. Sa tige dans un ton beige\/off-white se distingue par des touches subtiles bleu et rouge \u00e9voquant l\u2019identit\u00e9 de la marque. Le mod\u00e8le adopte une coupe basse (\u00ab low-cut \u00bb) facilitant la tenue urbaine, tandis que le la\u00e7age classique assure un ajustement pr\u00e9cis.La semelle ext\u00e9rieure en caoutchouc offre une bonne adh\u00e9rence au quotidien, et l\u2019int\u00e9rieur rembourr\u00e9 garantit un confort prolong\u00e9. Polyvalente, cette sneaker s\u2019harmonise aussi bien avec un jean qu\u2019avec un chino l\u00e9ger, pour un style casual chic sans effort.<\/p>","protected":false},"featured_media":14238,"comment_status":"open","ping_status":"closed","template":"","meta":{"_gspb_post_css":"","om_disable_all_campaigns":false,"_monsterinsights_skip_tracking":false,"_monsterinsights_sitenote_active":false,"_monsterinsights_sitenote_note":"","_monsterinsights_sitenote_category":0},"product_brand":[],"product_cat":[174,92],"product_tag":[],"class_list":{"0":"post-14237","1":"product","2":"type-product","3":"status-publish","4":"has-post-thumbnail","6":"product_cat-baskets-hommes","7":"product_cat-hommes","9":"first","10":"instock","11":"shipping-taxable","12":"purchasable","13":"product-type-variable"},"aioseo_notices":[],"jetpack_sharing_enabled":true,"_links":{"self":[{"href":"https:\/\/ahdhiya.com\/ar\/wp-json\/wp\/v2\/product\/14237","targetHints":{"allow":["GET"]}}],"collection":[{"href":"https:\/\/ahdhiya.com\/ar\/wp-json\/wp\/v2\/product"}],"about":[{"href":"https:\/\/ahdhiya.com\/ar\/wp-json\/wp\/v2\/types\/product"}],"replies":[{"embeddable":true,"href":"https:\/\/ahdhiya.com\/ar\/wp-json\/wp\/v2\/comments?post=14237"}],"wp:featuredmedia":[{"embeddable":true,"href":"https:\/\/ahdhiya.com\/ar\/wp-json\/wp\/v2\/media\/14238"}],"wp:attachment":[{"href":"https:\/\/ahdhiya.com\/ar\/wp-json\/wp\/v2\/media?parent=14237"}],"wp:term":[{"taxonomy":"product_brand","embeddable":true,"href":"https:\/\/ahdhiya.com\/ar\/wp-json\/wp\/v2\/product_brand?post=14237"},{"taxonomy":"product_cat","embeddable":true,"href":"https:\/\/ahdhiya.com\/ar\/wp-json\/wp\/v2\/product_cat?post=14237"},{"taxonomy":"product_tag","embeddable":true,"href":"https:\/\/ahdhiya.com\/ar\/wp-json\/wp\/v2\/product_tag?post=14237"}],"curies":[{"name":"wp","href":"https:\/\/api.w.org\/{rel}","templated":true}]}}