{"id":14286,"date":"2026-01-08T18:13:09","date_gmt":"2026-01-08T18:13:09","guid":{"rendered":"https:\/\/ahdhiya.com\/produit\/basket-sun68-jaki-bicolor\/"},"modified":"2026-03-12T14:04:06","modified_gmt":"2026-03-12T14:04:06","slug":"basket-sun68-jaki-bicolor","status":"publish","type":"product","link":"https:\/\/ahdhiya.com\/ar\/product\/basket-sun68-jaki-bicolor\/","title":{"rendered":"BASKET SUN68 JAKI BICOLOR"},"content":{"rendered":"<p>Les SUN68 JAKI Bicolor sont des baskets modernes qui combinent parfaitement look sportif et design urbain. Leur finition bicolore apporte une touche tendance tout en restant facile \u00e0 porter avec toutes les tenues. Con\u00e7ues avec des mat\u00e9riaux l\u00e9gers et respirants, elles assurent un confort optimal du matin au soir.Dot\u00e9es d\u2019une semelle amortissante, elles offrent une marche stable et agr\u00e9able. Le logo SUN68 discret sur le c\u00f4t\u00e9 ajoute une signature \u00e9l\u00e9gante et authentique.Parfaites pour un usage quotidien, sorties, travail ou lifestyle, les SUN68 JAKI Bicolor sont un choix id\u00e9al pour ceux qui recherchent une basket styl\u00e9e, polyvalente et confortable.MADE IN CHINA<\/p>","protected":false},"excerpt":{"rendered":"<p>Les SUN68 JAKI Bicolor sont des baskets modernes qui combinent parfaitement look sportif et design urbain. Leur finition bicolore apporte une touche tendance tout en restant facile \u00e0 porter avec toutes les tenues. Con\u00e7ues avec des mat\u00e9riaux l\u00e9gers et respirants, elles assurent un confort optimal du matin au soir.Dot\u00e9es d\u2019une semelle amortissante, elles offrent une marche stable et agr\u00e9able. Le logo SUN68 discret sur le c\u00f4t\u00e9 ajoute une signature \u00e9l\u00e9gante et authentique.Parfaites pour un usage quotidien, sorties, travail ou lifestyle, les SUN68 JAKI Bicolor sont un choix id\u00e9al pour ceux qui recherchent une basket styl\u00e9e, polyvalente et confortable.MADE IN CHINA<\/p>","protected":false},"featured_media":14287,"comment_status":"open","ping_status":"closed","template":"","meta":{"_gspb_post_css":"","om_disable_all_campaigns":false,"_monsterinsights_skip_tracking":false,"_monsterinsights_sitenote_active":false,"_monsterinsights_sitenote_note":"","_monsterinsights_sitenote_category":0},"product_brand":[],"product_cat":[174,92],"product_tag":[],"class_list":{"0":"post-14286","1":"product","2":"type-product","3":"status-publish","4":"has-post-thumbnail","6":"product_cat-baskets-hommes","7":"product_cat-hommes","9":"first","10":"instock","11":"shipping-taxable","12":"purchasable","13":"product-type-variable"},"aioseo_notices":[],"jetpack_sharing_enabled":true,"_links":{"self":[{"href":"https:\/\/ahdhiya.com\/ar\/wp-json\/wp\/v2\/product\/14286","targetHints":{"allow":["GET"]}}],"collection":[{"href":"https:\/\/ahdhiya.com\/ar\/wp-json\/wp\/v2\/product"}],"about":[{"href":"https:\/\/ahdhiya.com\/ar\/wp-json\/wp\/v2\/types\/product"}],"replies":[{"embeddable":true,"href":"https:\/\/ahdhiya.com\/ar\/wp-json\/wp\/v2\/comments?post=14286"}],"wp:featuredmedia":[{"embeddable":true,"href":"https:\/\/ahdhiya.com\/ar\/wp-json\/wp\/v2\/media\/14287"}],"wp:attachment":[{"href":"https:\/\/ahdhiya.com\/ar\/wp-json\/wp\/v2\/media?parent=14286"}],"wp:term":[{"taxonomy":"product_brand","embeddable":true,"href":"https:\/\/ahdhiya.com\/ar\/wp-json\/wp\/v2\/product_brand?post=14286"},{"taxonomy":"product_cat","embeddable":true,"href":"https:\/\/ahdhiya.com\/ar\/wp-json\/wp\/v2\/product_cat?post=14286"},{"taxonomy":"product_tag","embeddable":true,"href":"https:\/\/ahdhiya.com\/ar\/wp-json\/wp\/v2\/product_tag?post=14286"}],"curies":[{"name":"wp","href":"https:\/\/api.w.org\/{rel}","templated":true}]}}