{"id":14346,"date":"2026-01-08T18:13:35","date_gmt":"2026-01-08T18:13:35","guid":{"rendered":"https:\/\/ahdhiya.com\/produit\/geox-d-spherica-c-suede-shi-goat\/"},"modified":"2026-03-12T14:04:07","modified_gmt":"2026-03-12T14:04:07","slug":"geox-d-spherica-c-suede-shi-goat","status":"publish","type":"product","link":"https:\/\/ahdhiya.com\/ar\/product\/geox-d-spherica-c-suede-shi-goat\/","title":{"rendered":"GEOX D SPHERICA C &#8211; SUEDE SHI.GOAT"},"content":{"rendered":"<p>La Geox D Spherica C \u2013 Suede Shi.Goat est une sneaker pour femme qui allie \u00e9l\u00e9gance urbaine et confort technologique. Sa tige en cuir su\u00e9d\u00e9 et peau de ch\u00e8vre souple apporte une touche raffin\u00e9e tout en garantissant une grande respirabilit\u00e9 naturelle.Dot\u00e9e de la technologie exclusive Geox Respira\u2122, cette chaussure assure une a\u00e9ration optimale du pied tout en restant imperm\u00e9able. Sa semelle interm\u00e9diaire dot\u00e9e de sph\u00e8res amortissantes offre un confort exceptionnel et une absorption des chocs incomparable \u00e0 chaque pas.La semelle ext\u00e9rieure en caoutchouc antid\u00e9rapant garantit stabilit\u00e9 et adh\u00e9rence, tandis que le design \u00e9pur\u00e9 et moderne s\u2019adapte parfaitement aux looks d\u00e9contract\u00e9s comme habill\u00e9s.Une chaussure premium sign\u00e9e Geox, o\u00f9 style, technologie et confort s\u2019unissent pour un bien-\u00eatre absolu au quotidien.MADE IN CAMBODIA<\/p>","protected":false},"excerpt":{"rendered":"<p>La Geox D Spherica C \u2013 Suede Shi.Goat est une sneaker pour femme qui allie \u00e9l\u00e9gance urbaine et confort technologique. Sa tige en cuir su\u00e9d\u00e9 et peau de ch\u00e8vre souple apporte une touche raffin\u00e9e tout en garantissant une grande respirabilit\u00e9 naturelle.Dot\u00e9e de la technologie exclusive Geox Respira\u2122, cette chaussure assure une a\u00e9ration optimale du pied tout en restant imperm\u00e9able. Sa semelle interm\u00e9diaire dot\u00e9e de sph\u00e8res amortissantes offre un confort exceptionnel et une absorption des chocs incomparable \u00e0 chaque pas.La semelle ext\u00e9rieure en caoutchouc antid\u00e9rapant garantit stabilit\u00e9 et adh\u00e9rence, tandis que le design \u00e9pur\u00e9 et moderne s\u2019adapte parfaitement aux looks d\u00e9contract\u00e9s comme habill\u00e9s.Une chaussure premium sign\u00e9e Geox, o\u00f9 style, technologie et confort s\u2019unissent pour un bien-\u00eatre absolu au quotidien.MADE IN CAMBODIA<\/p>","protected":false},"featured_media":14347,"comment_status":"open","ping_status":"closed","template":"","meta":{"_gspb_post_css":"","om_disable_all_campaigns":false,"_monsterinsights_skip_tracking":false,"_monsterinsights_sitenote_active":false,"_monsterinsights_sitenote_note":"","_monsterinsights_sitenote_category":0},"product_brand":[],"product_cat":[176,91],"product_tag":[],"class_list":{"0":"post-14346","1":"product","2":"type-product","3":"status-publish","4":"has-post-thumbnail","6":"product_cat-baskets-femmes","7":"product_cat-femmes","9":"first","10":"instock","11":"shipping-taxable","12":"purchasable","13":"product-type-variable"},"aioseo_notices":[],"jetpack_sharing_enabled":true,"_links":{"self":[{"href":"https:\/\/ahdhiya.com\/ar\/wp-json\/wp\/v2\/product\/14346","targetHints":{"allow":["GET"]}}],"collection":[{"href":"https:\/\/ahdhiya.com\/ar\/wp-json\/wp\/v2\/product"}],"about":[{"href":"https:\/\/ahdhiya.com\/ar\/wp-json\/wp\/v2\/types\/product"}],"replies":[{"embeddable":true,"href":"https:\/\/ahdhiya.com\/ar\/wp-json\/wp\/v2\/comments?post=14346"}],"wp:featuredmedia":[{"embeddable":true,"href":"https:\/\/ahdhiya.com\/ar\/wp-json\/wp\/v2\/media\/14347"}],"wp:attachment":[{"href":"https:\/\/ahdhiya.com\/ar\/wp-json\/wp\/v2\/media?parent=14346"}],"wp:term":[{"taxonomy":"product_brand","embeddable":true,"href":"https:\/\/ahdhiya.com\/ar\/wp-json\/wp\/v2\/product_brand?post=14346"},{"taxonomy":"product_cat","embeddable":true,"href":"https:\/\/ahdhiya.com\/ar\/wp-json\/wp\/v2\/product_cat?post=14346"},{"taxonomy":"product_tag","embeddable":true,"href":"https:\/\/ahdhiya.com\/ar\/wp-json\/wp\/v2\/product_tag?post=14346"}],"curies":[{"name":"wp","href":"https:\/\/api.w.org\/{rel}","templated":true}]}}