{"id":14359,"date":"2026-01-08T18:13:40","date_gmt":"2026-01-08T18:13:40","guid":{"rendered":"https:\/\/ahdhiya.com\/produit\/geox-d-spherica-c-nap-knitt-text\/"},"modified":"2026-03-12T14:04:07","modified_gmt":"2026-03-12T14:04:07","slug":"geox-d-spherica-c-nap-knitt-text","status":"publish","type":"product","link":"https:\/\/ahdhiya.com\/ar\/product\/geox-d-spherica-c-nap-knitt-text\/","title":{"rendered":"GEOX D SPHERICA C &#8211; NAP KNITT.TEXT."},"content":{"rendered":"<p>La Geox D Spherica C \u2013 Nap Knitt.Text. incarne la fusion parfaite entre technologie, confort et design contemporain. Sa tige associe habilement du cuir nappa souple \u00e0 des empi\u00e8cements en textile tricot\u00e9, offrant un \u00e9quilibre id\u00e9al entre souplesse, respirabilit\u00e9 et \u00e9l\u00e9gance.Gr\u00e2ce \u00e0 la technologie exclusive Geox Respira\u2122, la chaussure garantit une circulation optimale de l\u2019air tout en restant imperm\u00e9able. Sa semelle innovante \u00e0 sph\u00e8res amortissantes assure une absorption des chocs exceptionnelle et un confort longue dur\u00e9e, m\u00eame apr\u00e8s plusieurs heures de marche.L\u00e9g\u00e8re, flexible et moderne, la D Spherica C \u2013 Nap Knitt.Text. s\u2019adapte parfaitement \u00e0 un usage quotidien, alliant style urbain raffin\u00e9 et bien-\u00eatre absolu. Un choix id\u00e9al pour celles qui recherchent la performance discr\u00e8te et l\u2019\u00e9l\u00e9gance italienne sign\u00e9e Geox.MADE IN CAMBODIA<\/p>","protected":false},"excerpt":{"rendered":"<p>La Geox D Spherica C \u2013 Nap Knitt.Text. incarne la fusion parfaite entre technologie, confort et design contemporain. Sa tige associe habilement du cuir nappa souple \u00e0 des empi\u00e8cements en textile tricot\u00e9, offrant un \u00e9quilibre id\u00e9al entre souplesse, respirabilit\u00e9 et \u00e9l\u00e9gance.Gr\u00e2ce \u00e0 la technologie exclusive Geox Respira\u2122, la chaussure garantit une circulation optimale de l\u2019air tout en restant imperm\u00e9able. Sa semelle innovante \u00e0 sph\u00e8res amortissantes assure une absorption des chocs exceptionnelle et un confort longue dur\u00e9e, m\u00eame apr\u00e8s plusieurs heures de marche.L\u00e9g\u00e8re, flexible et moderne, la D Spherica C \u2013 Nap Knitt.Text. s\u2019adapte parfaitement \u00e0 un usage quotidien, alliant style urbain raffin\u00e9 et bien-\u00eatre absolu. Un choix id\u00e9al pour celles qui recherchent la performance discr\u00e8te et l\u2019\u00e9l\u00e9gance italienne sign\u00e9e Geox.MADE IN CAMBODIA<\/p>","protected":false},"featured_media":14360,"comment_status":"open","ping_status":"closed","template":"","meta":{"_gspb_post_css":"","om_disable_all_campaigns":false,"_monsterinsights_skip_tracking":false,"_monsterinsights_sitenote_active":false,"_monsterinsights_sitenote_note":"","_monsterinsights_sitenote_category":0},"product_brand":[],"product_cat":[176,91],"product_tag":[],"class_list":{"0":"post-14359","1":"product","2":"type-product","3":"status-publish","4":"has-post-thumbnail","6":"product_cat-baskets-femmes","7":"product_cat-femmes","9":"first","10":"instock","11":"shipping-taxable","12":"purchasable","13":"product-type-variable"},"aioseo_notices":[],"jetpack_sharing_enabled":true,"_links":{"self":[{"href":"https:\/\/ahdhiya.com\/ar\/wp-json\/wp\/v2\/product\/14359","targetHints":{"allow":["GET"]}}],"collection":[{"href":"https:\/\/ahdhiya.com\/ar\/wp-json\/wp\/v2\/product"}],"about":[{"href":"https:\/\/ahdhiya.com\/ar\/wp-json\/wp\/v2\/types\/product"}],"replies":[{"embeddable":true,"href":"https:\/\/ahdhiya.com\/ar\/wp-json\/wp\/v2\/comments?post=14359"}],"wp:featuredmedia":[{"embeddable":true,"href":"https:\/\/ahdhiya.com\/ar\/wp-json\/wp\/v2\/media\/14360"}],"wp:attachment":[{"href":"https:\/\/ahdhiya.com\/ar\/wp-json\/wp\/v2\/media?parent=14359"}],"wp:term":[{"taxonomy":"product_brand","embeddable":true,"href":"https:\/\/ahdhiya.com\/ar\/wp-json\/wp\/v2\/product_brand?post=14359"},{"taxonomy":"product_cat","embeddable":true,"href":"https:\/\/ahdhiya.com\/ar\/wp-json\/wp\/v2\/product_cat?post=14359"},{"taxonomy":"product_tag","embeddable":true,"href":"https:\/\/ahdhiya.com\/ar\/wp-json\/wp\/v2\/product_tag?post=14359"}],"curies":[{"name":"wp","href":"https:\/\/api.w.org\/{rel}","templated":true}]}}