{"id":14509,"date":"2026-01-08T18:49:14","date_gmt":"2026-01-08T18:49:14","guid":{"rendered":"https:\/\/ahdhiya.com\/produit\/champion-footwear-2\/"},"modified":"2026-03-12T14:04:08","modified_gmt":"2026-03-12T14:04:08","slug":"champion-footwear-2","status":"publish","type":"product","link":"https:\/\/ahdhiya.com\/ar\/product\/champion-footwear-2\/","title":{"rendered":"CHAMPION FOOTWEAR"},"content":{"rendered":"<p>Description du mod\u00e8le S21904-WW017 \u2013 Champion RD18 Mid TrainersLes Champion RD18 Mid Trainers pour hommes offrent un style moderne et sportif, id\u00e9al pour un usage quotidien comme pour les activit\u00e9s urbaines. Ce mod\u00e8le montants allie confort, durabilit\u00e9 et design \u00e9pur\u00e9, refl\u00e9tant parfaitement l\u2019ADN dynamique de la marque Champion.Caract\u00e9ristiques principales :Type de produit : Baskets montantes pour hommes.Tige : Con\u00e7ue en mati\u00e8re synth\u00e9tique, offrant l\u00e9g\u00e8ret\u00e9 et r\u00e9sistance.Doublure :Tissu respirant, assurant un bon confort tout au long de la journ\u00e9e.Semelle int\u00e9rieure : En tissu, apportant un accueil doux et agr\u00e9able au pied.Semelle ext\u00e9rieure : R\u00e9alis\u00e9e en mat\u00e9riaux compacts, garantissant une traction efficace et une bonne durabilit\u00e9.Polyvalentes et styl\u00e9es, ces chaussures sont parfaites pour compl\u00e9ter un look streetwear ou accompagner une tenue d\u00e9contract\u00e9e.\u00a0\u00a0 \u00a0 \u00a0 \u00a0Made in Vietnam. Fabriqu\u00e9 au Vietnam.\u00a0<\/p>","protected":false},"excerpt":{"rendered":"<p>Description du mod\u00e8le S21904-WW017 \u2013 Champion RD18 Mid TrainersLes Champion RD18 Mid Trainers pour hommes offrent un style moderne et sportif, id\u00e9al pour un usage quotidien comme pour les activit\u00e9s urbaines. Ce mod\u00e8le montants allie confort, durabilit\u00e9 et design \u00e9pur\u00e9, refl\u00e9tant parfaitement l\u2019ADN dynamique de la marque Champion.Caract\u00e9ristiques principales :Type de produit : Baskets montantes pour hommes.Tige : Con\u00e7ue en mati\u00e8re synth\u00e9tique, offrant l\u00e9g\u00e8ret\u00e9 et r\u00e9sistance.Doublure :Tissu respirant, assurant un bon confort tout au long de la journ\u00e9e.Semelle int\u00e9rieure : En tissu, apportant un accueil doux et agr\u00e9able au pied.Semelle ext\u00e9rieure : R\u00e9alis\u00e9e en mat\u00e9riaux compacts, garantissant une traction efficace et une bonne durabilit\u00e9.Polyvalentes et styl\u00e9es, ces chaussures sont parfaites pour compl\u00e9ter un look streetwear ou accompagner une tenue d\u00e9contract\u00e9e.\u00a0\u00a0 \u00a0 \u00a0 \u00a0Made in Vietnam. Fabriqu\u00e9 au Vietnam.\u00a0<\/p>","protected":false},"featured_media":14510,"comment_status":"open","ping_status":"closed","template":"","meta":{"_gspb_post_css":"","om_disable_all_campaigns":false,"_monsterinsights_skip_tracking":false,"_monsterinsights_sitenote_active":false,"_monsterinsights_sitenote_note":"","_monsterinsights_sitenote_category":0},"product_brand":[],"product_cat":[174,92],"product_tag":[],"class_list":{"0":"post-14509","1":"product","2":"type-product","3":"status-publish","4":"has-post-thumbnail","6":"product_cat-baskets-hommes","7":"product_cat-hommes","9":"first","10":"instock","11":"shipping-taxable","12":"purchasable","13":"product-type-variable"},"aioseo_notices":[],"jetpack_sharing_enabled":true,"_links":{"self":[{"href":"https:\/\/ahdhiya.com\/ar\/wp-json\/wp\/v2\/product\/14509","targetHints":{"allow":["GET"]}}],"collection":[{"href":"https:\/\/ahdhiya.com\/ar\/wp-json\/wp\/v2\/product"}],"about":[{"href":"https:\/\/ahdhiya.com\/ar\/wp-json\/wp\/v2\/types\/product"}],"replies":[{"embeddable":true,"href":"https:\/\/ahdhiya.com\/ar\/wp-json\/wp\/v2\/comments?post=14509"}],"wp:featuredmedia":[{"embeddable":true,"href":"https:\/\/ahdhiya.com\/ar\/wp-json\/wp\/v2\/media\/14510"}],"wp:attachment":[{"href":"https:\/\/ahdhiya.com\/ar\/wp-json\/wp\/v2\/media?parent=14509"}],"wp:term":[{"taxonomy":"product_brand","embeddable":true,"href":"https:\/\/ahdhiya.com\/ar\/wp-json\/wp\/v2\/product_brand?post=14509"},{"taxonomy":"product_cat","embeddable":true,"href":"https:\/\/ahdhiya.com\/ar\/wp-json\/wp\/v2\/product_cat?post=14509"},{"taxonomy":"product_tag","embeddable":true,"href":"https:\/\/ahdhiya.com\/ar\/wp-json\/wp\/v2\/product_tag?post=14509"}],"curies":[{"name":"wp","href":"https:\/\/api.w.org\/{rel}","templated":true}]}}