{"id":14766,"date":"2026-01-08T18:58:16","date_gmt":"2026-01-08T18:58:16","guid":{"rendered":"https:\/\/ahdhiya.com\/produit\/flex-go-adrun-3\/"},"modified":"2026-03-12T14:04:09","modified_gmt":"2026-03-12T14:04:09","slug":"flex-go-adrun-3","status":"publish","type":"product","link":"https:\/\/ahdhiya.com\/ar\/product\/flex-go-adrun-3\/","title":{"rendered":"FLEX GO Adrun"},"content":{"rendered":"<p>\u00a0La semelle en EVA l\u00e9g\u00e8re et douce est pr\u00e9sente dans la ligne unisexe au look minimaliste. La composition du m\u00e9lange de tiges est constitu\u00e9e de nylons avec des superpositions \u00e0 fusion directe .<\/p>","protected":false},"excerpt":{"rendered":"<p>\u00a0La semelle en EVA l\u00e9g\u00e8re et douce est pr\u00e9sente dans la ligne unisexe au look minimaliste. La composition du m\u00e9lange de tiges est constitu\u00e9e de nylons avec des superpositions \u00e0 fusion directe .<\/p>","protected":false},"featured_media":14767,"comment_status":"open","ping_status":"closed","template":"","meta":{"_gspb_post_css":"","om_disable_all_campaigns":false,"_monsterinsights_skip_tracking":false,"_monsterinsights_sitenote_active":false,"_monsterinsights_sitenote_note":"","_monsterinsights_sitenote_category":0},"product_brand":[],"product_cat":[174,92],"product_tag":[],"class_list":{"0":"post-14766","1":"product","2":"type-product","3":"status-publish","4":"has-post-thumbnail","6":"product_cat-baskets-hommes","7":"product_cat-hommes","9":"first","10":"instock","11":"shipping-taxable","12":"purchasable","13":"product-type-variable"},"aioseo_notices":[],"jetpack_sharing_enabled":true,"_links":{"self":[{"href":"https:\/\/ahdhiya.com\/ar\/wp-json\/wp\/v2\/product\/14766","targetHints":{"allow":["GET"]}}],"collection":[{"href":"https:\/\/ahdhiya.com\/ar\/wp-json\/wp\/v2\/product"}],"about":[{"href":"https:\/\/ahdhiya.com\/ar\/wp-json\/wp\/v2\/types\/product"}],"replies":[{"embeddable":true,"href":"https:\/\/ahdhiya.com\/ar\/wp-json\/wp\/v2\/comments?post=14766"}],"wp:featuredmedia":[{"embeddable":true,"href":"https:\/\/ahdhiya.com\/ar\/wp-json\/wp\/v2\/media\/14767"}],"wp:attachment":[{"href":"https:\/\/ahdhiya.com\/ar\/wp-json\/wp\/v2\/media?parent=14766"}],"wp:term":[{"taxonomy":"product_brand","embeddable":true,"href":"https:\/\/ahdhiya.com\/ar\/wp-json\/wp\/v2\/product_brand?post=14766"},{"taxonomy":"product_cat","embeddable":true,"href":"https:\/\/ahdhiya.com\/ar\/wp-json\/wp\/v2\/product_cat?post=14766"},{"taxonomy":"product_tag","embeddable":true,"href":"https:\/\/ahdhiya.com\/ar\/wp-json\/wp\/v2\/product_tag?post=14766"}],"curies":[{"name":"wp","href":"https:\/\/api.w.org\/{rel}","templated":true}]}}