{"id":15225,"date":"2026-01-08T19:12:19","date_gmt":"2026-01-08T19:12:19","guid":{"rendered":"https:\/\/ahdhiya.com\/produit\/basket-champion-7\/"},"modified":"2026-03-12T14:04:11","modified_gmt":"2026-03-12T14:04:11","slug":"basket-champion-7","status":"publish","type":"product","link":"https:\/\/ahdhiya.com\/ar\/product\/basket-champion-7\/","title":{"rendered":"BASKET CHAMPION"},"content":{"rendered":"<p>Description :\u00a0Ce mod\u00e8le Champion RD18 est une botte pour homme de couleur marron (Coffee). Elle est con\u00e7ue avec une composition m\u00ealant du tissu et du cuir \u00e9cologique, assurant \u00e0 la fois style et durabilit\u00e9. Ces bottes sont imperm\u00e9ables (Wasserdicht) et poss\u00e8dent une fermeture classique \u00e0 lacets ainsi qu&rsquo;un bout rond. Avec une hauteur de talon de 4,5 cm, elles offrent un bon soutien. Ce mod\u00e8le allie la robustesse d&rsquo;une botte \u00e0 l&rsquo;esth\u00e9tique sportive de Champion, les rendant id\u00e9ales pour un usage quotidien, y compris par temps humide.MADE IN CHINA .<\/p>","protected":false},"excerpt":{"rendered":"<p>Description :\u00a0Ce mod\u00e8le Champion RD18 est une botte pour homme de couleur marron (Coffee). Elle est con\u00e7ue avec une composition m\u00ealant du tissu et du cuir \u00e9cologique, assurant \u00e0 la fois style et durabilit\u00e9. Ces bottes sont imperm\u00e9ables (Wasserdicht) et poss\u00e8dent une fermeture classique \u00e0 lacets ainsi qu&rsquo;un bout rond. Avec une hauteur de talon de 4,5 cm, elles offrent un bon soutien. Ce mod\u00e8le allie la robustesse d&rsquo;une botte \u00e0 l&rsquo;esth\u00e9tique sportive de Champion, les rendant id\u00e9ales pour un usage quotidien, y compris par temps humide.MADE IN CHINA .<\/p>","protected":false},"featured_media":15226,"comment_status":"open","ping_status":"closed","template":"","meta":{"_gspb_post_css":"","om_disable_all_campaigns":false,"_monsterinsights_skip_tracking":false,"_monsterinsights_sitenote_active":false,"_monsterinsights_sitenote_note":"","_monsterinsights_sitenote_category":0},"product_brand":[],"product_cat":[174,92],"product_tag":[],"class_list":{"0":"post-15225","1":"product","2":"type-product","3":"status-publish","4":"has-post-thumbnail","6":"product_cat-baskets-hommes","7":"product_cat-hommes","9":"first","10":"instock","11":"shipping-taxable","12":"purchasable","13":"product-type-variable"},"aioseo_notices":[],"jetpack_sharing_enabled":true,"_links":{"self":[{"href":"https:\/\/ahdhiya.com\/ar\/wp-json\/wp\/v2\/product\/15225","targetHints":{"allow":["GET"]}}],"collection":[{"href":"https:\/\/ahdhiya.com\/ar\/wp-json\/wp\/v2\/product"}],"about":[{"href":"https:\/\/ahdhiya.com\/ar\/wp-json\/wp\/v2\/types\/product"}],"replies":[{"embeddable":true,"href":"https:\/\/ahdhiya.com\/ar\/wp-json\/wp\/v2\/comments?post=15225"}],"wp:featuredmedia":[{"embeddable":true,"href":"https:\/\/ahdhiya.com\/ar\/wp-json\/wp\/v2\/media\/15226"}],"wp:attachment":[{"href":"https:\/\/ahdhiya.com\/ar\/wp-json\/wp\/v2\/media?parent=15225"}],"wp:term":[{"taxonomy":"product_brand","embeddable":true,"href":"https:\/\/ahdhiya.com\/ar\/wp-json\/wp\/v2\/product_brand?post=15225"},{"taxonomy":"product_cat","embeddable":true,"href":"https:\/\/ahdhiya.com\/ar\/wp-json\/wp\/v2\/product_cat?post=15225"},{"taxonomy":"product_tag","embeddable":true,"href":"https:\/\/ahdhiya.com\/ar\/wp-json\/wp\/v2\/product_tag?post=15225"}],"curies":[{"name":"wp","href":"https:\/\/api.w.org\/{rel}","templated":true}]}}