{"id":15388,"date":"2026-01-08T19:16:42","date_gmt":"2026-01-08T19:16:42","guid":{"rendered":"https:\/\/ahdhiya.com\/produit\/puma-ca-pro-classic-jr-white-zen-blue\/"},"modified":"2026-03-12T14:04:12","modified_gmt":"2026-03-12T14:04:12","slug":"puma-ca-pro-classic-jr-white-zen-blue","status":"publish","type":"product","link":"https:\/\/ahdhiya.com\/ar\/product\/puma-ca-pro-classic-jr-white-zen-blue\/","title":{"rendered":"PUMA CA PRO CLASSIC JR WHITE ZEN BLUE"},"content":{"rendered":"<p>Puma CA Pro Classic JR \u2013 White \/ Zen Blue (Mod\u00e8le 382277-19) Inspir\u00e9e du style West Coast, la Puma CA Pro Classic JR revisite une silhouette embl\u00e9matique avec une touche fra\u00eeche et contemporaine. Con\u00e7ue pour les jeunes, cette basket en cuir blanc est sublim\u00e9e par des accents bleu clair pour un look \u00e0 la fois doux et tendance. Elle offre un confort optimal gr\u00e2ce \u00e0 sa semelle interm\u00e9diaire amortissante et son col rembourr\u00e9. Parfaite pour un usage quotidien, cette sneaker allie style urbain, qualit\u00e9 et modernit\u00e9 \u2013 un essentiel du dressing junior.<\/p>","protected":false},"excerpt":{"rendered":"<p>Puma CA Pro Classic JR \u2013 White \/ Zen Blue (Mod\u00e8le 382277-19) Inspir\u00e9e du style West Coast, la Puma CA Pro Classic JR revisite une silhouette embl\u00e9matique avec une touche fra\u00eeche et contemporaine. Con\u00e7ue pour les jeunes, cette basket en cuir blanc est sublim\u00e9e par des accents bleu clair pour un look \u00e0 la fois doux et tendance. Elle offre un confort optimal gr\u00e2ce \u00e0 sa semelle interm\u00e9diaire amortissante et son col rembourr\u00e9. Parfaite pour un usage quotidien, cette sneaker allie style urbain, qualit\u00e9 et modernit\u00e9 \u2013 un essentiel du dressing junior.<\/p>","protected":false},"featured_media":15389,"comment_status":"open","ping_status":"closed","template":"","meta":{"_gspb_post_css":"","om_disable_all_campaigns":false,"_monsterinsights_skip_tracking":false,"_monsterinsights_sitenote_active":false,"_monsterinsights_sitenote_note":"","_monsterinsights_sitenote_category":0},"product_brand":[],"product_cat":[175,93],"product_tag":[],"class_list":{"0":"post-15388","1":"product","2":"type-product","3":"status-publish","4":"has-post-thumbnail","6":"product_cat-baskets","7":"product_cat-enfant-et-bebe","9":"first","10":"instock","11":"shipping-taxable","12":"purchasable","13":"product-type-variable"},"aioseo_notices":[],"jetpack_sharing_enabled":true,"_links":{"self":[{"href":"https:\/\/ahdhiya.com\/ar\/wp-json\/wp\/v2\/product\/15388","targetHints":{"allow":["GET"]}}],"collection":[{"href":"https:\/\/ahdhiya.com\/ar\/wp-json\/wp\/v2\/product"}],"about":[{"href":"https:\/\/ahdhiya.com\/ar\/wp-json\/wp\/v2\/types\/product"}],"replies":[{"embeddable":true,"href":"https:\/\/ahdhiya.com\/ar\/wp-json\/wp\/v2\/comments?post=15388"}],"wp:featuredmedia":[{"embeddable":true,"href":"https:\/\/ahdhiya.com\/ar\/wp-json\/wp\/v2\/media\/15389"}],"wp:attachment":[{"href":"https:\/\/ahdhiya.com\/ar\/wp-json\/wp\/v2\/media?parent=15388"}],"wp:term":[{"taxonomy":"product_brand","embeddable":true,"href":"https:\/\/ahdhiya.com\/ar\/wp-json\/wp\/v2\/product_brand?post=15388"},{"taxonomy":"product_cat","embeddable":true,"href":"https:\/\/ahdhiya.com\/ar\/wp-json\/wp\/v2\/product_cat?post=15388"},{"taxonomy":"product_tag","embeddable":true,"href":"https:\/\/ahdhiya.com\/ar\/wp-json\/wp\/v2\/product_tag?post=15388"}],"curies":[{"name":"wp","href":"https:\/\/api.w.org\/{rel}","templated":true}]}}