{"id":15452,"date":"2026-01-08T19:17:11","date_gmt":"2026-01-08T19:17:11","guid":{"rendered":"https:\/\/ahdhiya.com\/produit\/puma-ca-pro-sport-lth-jr\/"},"modified":"2026-03-12T14:04:12","modified_gmt":"2026-03-12T14:04:12","slug":"puma-ca-pro-sport-lth-jr","status":"publish","type":"product","link":"https:\/\/ahdhiya.com\/ar\/product\/puma-ca-pro-sport-lth-jr\/","title":{"rendered":"PUMA CA PRO SPORT LTH JR"},"content":{"rendered":"<p>Puma CA Pro Sport LTH JR \u2013 Mod\u00e8le 394391-02 La Puma CA Pro Sport LTH JR revisite un classique avec une touche de fra\u00eecheur, sp\u00e9cialement con\u00e7ue pour les jeunes. Sa tige en cuir lisse offre un look premium tout en assurant durabilit\u00e9 et maintien. Dot\u00e9e de perforations \u00e0 l\u2019avant-pied pour une meilleure respirabilit\u00e9 et d\u2019une semelle interm\u00e9diaire confortable, cette sneaker allie style, confort et fonctionnalit\u00e9. Inspir\u00e9e de l\u2019ADN sportif de Puma, elle est parfaite pour un usage quotidien, \u00e0 l\u2019\u00e9cole comme en sortie.<\/p>","protected":false},"excerpt":{"rendered":"<p>Puma CA Pro Sport LTH JR \u2013 Mod\u00e8le 394391-02 La Puma CA Pro Sport LTH JR revisite un classique avec une touche de fra\u00eecheur, sp\u00e9cialement con\u00e7ue pour les jeunes. Sa tige en cuir lisse offre un look premium tout en assurant durabilit\u00e9 et maintien. Dot\u00e9e de perforations \u00e0 l\u2019avant-pied pour une meilleure respirabilit\u00e9 et d\u2019une semelle interm\u00e9diaire confortable, cette sneaker allie style, confort et fonctionnalit\u00e9. Inspir\u00e9e de l\u2019ADN sportif de Puma, elle est parfaite pour un usage quotidien, \u00e0 l\u2019\u00e9cole comme en sortie.<\/p>","protected":false},"featured_media":15453,"comment_status":"open","ping_status":"closed","template":"","meta":{"_gspb_post_css":"","om_disable_all_campaigns":false,"_monsterinsights_skip_tracking":false,"_monsterinsights_sitenote_active":false,"_monsterinsights_sitenote_note":"","_monsterinsights_sitenote_category":0},"product_brand":[],"product_cat":[175,93],"product_tag":[],"class_list":{"0":"post-15452","1":"product","2":"type-product","3":"status-publish","4":"has-post-thumbnail","6":"product_cat-baskets","7":"product_cat-enfant-et-bebe","9":"first","10":"instock","11":"shipping-taxable","12":"purchasable","13":"product-type-variable"},"aioseo_notices":[],"jetpack_sharing_enabled":true,"_links":{"self":[{"href":"https:\/\/ahdhiya.com\/ar\/wp-json\/wp\/v2\/product\/15452","targetHints":{"allow":["GET"]}}],"collection":[{"href":"https:\/\/ahdhiya.com\/ar\/wp-json\/wp\/v2\/product"}],"about":[{"href":"https:\/\/ahdhiya.com\/ar\/wp-json\/wp\/v2\/types\/product"}],"replies":[{"embeddable":true,"href":"https:\/\/ahdhiya.com\/ar\/wp-json\/wp\/v2\/comments?post=15452"}],"wp:featuredmedia":[{"embeddable":true,"href":"https:\/\/ahdhiya.com\/ar\/wp-json\/wp\/v2\/media\/15453"}],"wp:attachment":[{"href":"https:\/\/ahdhiya.com\/ar\/wp-json\/wp\/v2\/media?parent=15452"}],"wp:term":[{"taxonomy":"product_brand","embeddable":true,"href":"https:\/\/ahdhiya.com\/ar\/wp-json\/wp\/v2\/product_brand?post=15452"},{"taxonomy":"product_cat","embeddable":true,"href":"https:\/\/ahdhiya.com\/ar\/wp-json\/wp\/v2\/product_cat?post=15452"},{"taxonomy":"product_tag","embeddable":true,"href":"https:\/\/ahdhiya.com\/ar\/wp-json\/wp\/v2\/product_tag?post=15452"}],"curies":[{"name":"wp","href":"https:\/\/api.w.org\/{rel}","templated":true}]}}