{"id":15478,"date":"2026-01-08T19:18:49","date_gmt":"2026-01-08T19:18:49","guid":{"rendered":"https:\/\/ahdhiya.com\/produit\/basket-sun68-jaki-2-0-fluo-11-nero\/"},"modified":"2026-03-12T14:04:12","modified_gmt":"2026-03-12T14:04:12","slug":"basket-sun68-jaki-2-0-fluo-11-nero","status":"publish","type":"product","link":"https:\/\/ahdhiya.com\/ar\/product\/basket-sun68-jaki-2-0-fluo-11-nero\/","title":{"rendered":"BASKET SUN68 JAKI 2.0 FLUO 11 NERO"},"content":{"rendered":"<p>Description : Baskets SUN68 Jaki 2.0 Fluo\u00a0La Jaki 2.0 Fluo de SUN68 est une sneaker au style running moderne, caract\u00e9ris\u00e9e par une construction soign\u00e9e et des touches de couleurs fluorescentes qui lui conf\u00e8rent une allure dynamique et tendance.\u00a0Conception et Style\u00a0Mod\u00e8le : Jaki 2.0 Fluo (le nom \u00ab\u00a0Fluo\u00a0\u00bb indique l&rsquo;int\u00e9gration de d\u00e9tails vifs et contrast\u00e9s).Style : Sneakers running pour un look urbain et sportif.Design distinctif : Le mod\u00e8le pr\u00e9sente g\u00e9n\u00e9ralement un maxi-patch ou le logo embl\u00e9matique (Delta Sun68) brod\u00e9 sur le c\u00f4t\u00e9, souvent dans une couleur fluorescente contrastante.\u00a0Mat\u00e9riaux et Confort\u00a0Tige : L&#8217;empeigne est confectionn\u00e9e dans un m\u00e9lange de mat\u00e9riaux de haute qualit\u00e9, incluant du tissu\/textile respirant (mesh), du cuir su\u00e9d\u00e9 (daim) et des empi\u00e8cements en mati\u00e8re synth\u00e9tique.Doublure : Int\u00e9rieur en mesh ou en textile pour un confort optimal et une bonne respirabilit\u00e9.Semelle Int\u00e9rieure : Elle est souvent amovible et rembourr\u00e9e, offrant un amorti suppl\u00e9mentaire pour un soutien durable tout au long de la journ\u00e9e.Semelle Ext\u00e9rieure : Fabriqu\u00e9e en caoutchouc ou en mati\u00e8re synth\u00e9tique (EVA) pour garantir une adh\u00e9rence et une durabilit\u00e9 accrues.Hauteur de la semelle : Le talon mesure environ 3 cm (avec une hauteur de semelle d&rsquo;environ 1,5 cm \u00e0 l&rsquo;avant), assurant un l\u00e9ger amorti compens\u00e9.Ce mod\u00e8le est id\u00e9al pour compl\u00e9ter un look d\u00e9contract\u00e9 tout en assurant un confort et une durabilit\u00e9 adapt\u00e9s \u00e0 un usage quotidien.Made In China .<\/p>","protected":false},"excerpt":{"rendered":"<p>Description : Baskets SUN68 Jaki 2.0 Fluo\u00a0La Jaki 2.0 Fluo de SUN68 est une sneaker au style running moderne, caract\u00e9ris\u00e9e par une construction soign\u00e9e et des touches de couleurs fluorescentes qui lui conf\u00e8rent une allure dynamique et tendance.\u00a0Conception et Style\u00a0Mod\u00e8le : Jaki 2.0 Fluo (le nom \u00ab\u00a0Fluo\u00a0\u00bb indique l&rsquo;int\u00e9gration de d\u00e9tails vifs et contrast\u00e9s).Style : Sneakers running pour un look urbain et sportif.Design distinctif : Le mod\u00e8le pr\u00e9sente g\u00e9n\u00e9ralement un maxi-patch ou le logo embl\u00e9matique (Delta Sun68) brod\u00e9 sur le c\u00f4t\u00e9, souvent dans une couleur fluorescente contrastante.\u00a0Mat\u00e9riaux et Confort\u00a0Tige : L&#8217;empeigne est confectionn\u00e9e dans un m\u00e9lange de mat\u00e9riaux de haute qualit\u00e9, incluant du tissu\/textile respirant (mesh), du cuir su\u00e9d\u00e9 (daim) et des empi\u00e8cements en mati\u00e8re synth\u00e9tique.Doublure : Int\u00e9rieur en mesh ou en textile pour un confort optimal et une bonne respirabilit\u00e9.Semelle Int\u00e9rieure : Elle est souvent amovible et rembourr\u00e9e, offrant un amorti suppl\u00e9mentaire pour un soutien durable tout au long de la journ\u00e9e.Semelle Ext\u00e9rieure : Fabriqu\u00e9e en caoutchouc ou en mati\u00e8re synth\u00e9tique (EVA) pour garantir une adh\u00e9rence et une durabilit\u00e9 accrues.Hauteur de la semelle : Le talon mesure environ 3 cm (avec une hauteur de semelle d&rsquo;environ 1,5 cm \u00e0 l&rsquo;avant), assurant un l\u00e9ger amorti compens\u00e9.Ce mod\u00e8le est id\u00e9al pour compl\u00e9ter un look d\u00e9contract\u00e9 tout en assurant un confort et une durabilit\u00e9 adapt\u00e9s \u00e0 un usage quotidien.Made In China .<\/p>","protected":false},"featured_media":15479,"comment_status":"open","ping_status":"closed","template":"","meta":{"_gspb_post_css":"","om_disable_all_campaigns":false,"_monsterinsights_skip_tracking":false,"_monsterinsights_sitenote_active":false,"_monsterinsights_sitenote_note":"","_monsterinsights_sitenote_category":0},"product_brand":[],"product_cat":[174,92],"product_tag":[],"class_list":{"0":"post-15478","1":"product","2":"type-product","3":"status-publish","4":"has-post-thumbnail","6":"product_cat-baskets-hommes","7":"product_cat-hommes","9":"first","10":"instock","11":"shipping-taxable","12":"purchasable","13":"product-type-variable"},"aioseo_notices":[],"jetpack_sharing_enabled":true,"_links":{"self":[{"href":"https:\/\/ahdhiya.com\/ar\/wp-json\/wp\/v2\/product\/15478","targetHints":{"allow":["GET"]}}],"collection":[{"href":"https:\/\/ahdhiya.com\/ar\/wp-json\/wp\/v2\/product"}],"about":[{"href":"https:\/\/ahdhiya.com\/ar\/wp-json\/wp\/v2\/types\/product"}],"replies":[{"embeddable":true,"href":"https:\/\/ahdhiya.com\/ar\/wp-json\/wp\/v2\/comments?post=15478"}],"wp:featuredmedia":[{"embeddable":true,"href":"https:\/\/ahdhiya.com\/ar\/wp-json\/wp\/v2\/media\/15479"}],"wp:attachment":[{"href":"https:\/\/ahdhiya.com\/ar\/wp-json\/wp\/v2\/media?parent=15478"}],"wp:term":[{"taxonomy":"product_brand","embeddable":true,"href":"https:\/\/ahdhiya.com\/ar\/wp-json\/wp\/v2\/product_brand?post=15478"},{"taxonomy":"product_cat","embeddable":true,"href":"https:\/\/ahdhiya.com\/ar\/wp-json\/wp\/v2\/product_cat?post=15478"},{"taxonomy":"product_tag","embeddable":true,"href":"https:\/\/ahdhiya.com\/ar\/wp-json\/wp\/v2\/product_tag?post=15478"}],"curies":[{"name":"wp","href":"https:\/\/api.w.org\/{rel}","templated":true}]}}