{"id":15504,"date":"2026-01-08T19:19:05","date_gmt":"2026-01-08T19:19:05","guid":{"rendered":"https:\/\/ahdhiya.com\/produit\/basket-sun68-tom-solid-58-royal\/"},"modified":"2026-03-12T14:04:12","modified_gmt":"2026-03-12T14:04:12","slug":"basket-sun68-tom-solid-58-royal","status":"publish","type":"product","link":"https:\/\/ahdhiya.com\/ar\/product\/basket-sun68-tom-solid-58-royal\/","title":{"rendered":"BASKET SUN68 TOM SOLID 58 ROYAL"},"content":{"rendered":"<p>Description : Baskets SUN68\u00a0TOM SOLID 58 ROYAL :\u00a0Ces sneakers sont con\u00e7ues pour un style quotidien, alliant l&rsquo;\u00e9l\u00e9gance du cuir au confort du tissu.\u00a0Caract\u00e9ristiques D\u00e9taill\u00e9es\u00a0Mat\u00e9riaux de la tige : Fabriqu\u00e9e \u00e0 partir d&rsquo;un m\u00e9lange de cuir v\u00e9ritable et de textile.Fermeture : Lacets.Semelle int\u00e9rieure : Amovible, en tissu. \u00a0 Doublure : En tissu.Semelle ext\u00e9rieure : En caoutchouc.D\u00e9tails : Contrefort du talon (talon) de couleur contrast\u00e9e.Marque : Logo SUN68 visible sur le c\u00f4t\u00e9.\u00a0Composition\u00a0Cuir : 58%Textile : 42% Made In China .<\/p>","protected":false},"excerpt":{"rendered":"<p>Description : Baskets SUN68\u00a0TOM SOLID 58 ROYAL :\u00a0Ces sneakers sont con\u00e7ues pour un style quotidien, alliant l&rsquo;\u00e9l\u00e9gance du cuir au confort du tissu.\u00a0Caract\u00e9ristiques D\u00e9taill\u00e9es\u00a0Mat\u00e9riaux de la tige : Fabriqu\u00e9e \u00e0 partir d&rsquo;un m\u00e9lange de cuir v\u00e9ritable et de textile.Fermeture : Lacets.Semelle int\u00e9rieure : Amovible, en tissu. \u00a0 Doublure : En tissu.Semelle ext\u00e9rieure : En caoutchouc.D\u00e9tails : Contrefort du talon (talon) de couleur contrast\u00e9e.Marque : Logo SUN68 visible sur le c\u00f4t\u00e9.\u00a0Composition\u00a0Cuir : 58%Textile : 42% Made In China .<\/p>","protected":false},"featured_media":15505,"comment_status":"open","ping_status":"closed","template":"","meta":{"_gspb_post_css":"","om_disable_all_campaigns":false,"_monsterinsights_skip_tracking":false,"_monsterinsights_sitenote_active":false,"_monsterinsights_sitenote_note":"","_monsterinsights_sitenote_category":0},"product_brand":[],"product_cat":[174,92],"product_tag":[],"class_list":{"0":"post-15504","1":"product","2":"type-product","3":"status-publish","4":"has-post-thumbnail","6":"product_cat-baskets-hommes","7":"product_cat-hommes","9":"first","10":"instock","11":"shipping-taxable","12":"purchasable","13":"product-type-variable"},"aioseo_notices":[],"jetpack_sharing_enabled":true,"_links":{"self":[{"href":"https:\/\/ahdhiya.com\/ar\/wp-json\/wp\/v2\/product\/15504","targetHints":{"allow":["GET"]}}],"collection":[{"href":"https:\/\/ahdhiya.com\/ar\/wp-json\/wp\/v2\/product"}],"about":[{"href":"https:\/\/ahdhiya.com\/ar\/wp-json\/wp\/v2\/types\/product"}],"replies":[{"embeddable":true,"href":"https:\/\/ahdhiya.com\/ar\/wp-json\/wp\/v2\/comments?post=15504"}],"wp:featuredmedia":[{"embeddable":true,"href":"https:\/\/ahdhiya.com\/ar\/wp-json\/wp\/v2\/media\/15505"}],"wp:attachment":[{"href":"https:\/\/ahdhiya.com\/ar\/wp-json\/wp\/v2\/media?parent=15504"}],"wp:term":[{"taxonomy":"product_brand","embeddable":true,"href":"https:\/\/ahdhiya.com\/ar\/wp-json\/wp\/v2\/product_brand?post=15504"},{"taxonomy":"product_cat","embeddable":true,"href":"https:\/\/ahdhiya.com\/ar\/wp-json\/wp\/v2\/product_cat?post=15504"},{"taxonomy":"product_tag","embeddable":true,"href":"https:\/\/ahdhiya.com\/ar\/wp-json\/wp\/v2\/product_tag?post=15504"}],"curies":[{"name":"wp","href":"https:\/\/api.w.org\/{rel}","templated":true}]}}