{"id":15545,"date":"2026-01-08T19:21:12","date_gmt":"2026-01-08T19:21:12","guid":{"rendered":"https:\/\/ahdhiya.com\/produit\/basket-sun68-tom-fluo-37-verde-scuro\/"},"modified":"2026-03-12T14:04:12","modified_gmt":"2026-03-12T14:04:12","slug":"basket-sun68-tom-fluo-37-verde-scuro","status":"publish","type":"product","link":"https:\/\/ahdhiya.com\/ar\/product\/basket-sun68-tom-fluo-37-verde-scuro\/","title":{"rendered":"BASKET SUN68 TOM FLUO-37-VERDE SCURO"},"content":{"rendered":"<p>Description :\u00a0Adoptez un style casual et dynamique avec les Sneakers SUN68 Tom Fluo. Ces chaussures pour homme, embl\u00e9matiques de la marque, sont con\u00e7ues pour allier confort et design moderne.Marque &amp; Mod\u00e8le : SUN 68, Mod\u00e8le Tom Fluo. \u00a0 Couleur : Vert Fonc\u00e9 (37 VERDE SCURO), id\u00e9al pour une touche de couleur subtile.Tige (Empeigne) : La construction est un m\u00e9lange de mat\u00e9riaux premium : Tissu, Cuir et Synth\u00e9tique, assurant \u00e0 la fois respirabilit\u00e9 et durabilit\u00e9.Int\u00e9rieur : Doublure en Tissu pour un confort optimal.Semelle : Semelle en Caoutchouc (Pneu), garantissant une excellente adh\u00e9rence et r\u00e9sistance \u00e0 l&rsquo;usure.Cat\u00e9gorie : Baskets Casual Homme. Made In China .\u00a0<\/p>","protected":false},"excerpt":{"rendered":"<p>Description :\u00a0Adoptez un style casual et dynamique avec les Sneakers SUN68 Tom Fluo. Ces chaussures pour homme, embl\u00e9matiques de la marque, sont con\u00e7ues pour allier confort et design moderne.Marque &amp; Mod\u00e8le : SUN 68, Mod\u00e8le Tom Fluo. \u00a0 Couleur : Vert Fonc\u00e9 (37 VERDE SCURO), id\u00e9al pour une touche de couleur subtile.Tige (Empeigne) : La construction est un m\u00e9lange de mat\u00e9riaux premium : Tissu, Cuir et Synth\u00e9tique, assurant \u00e0 la fois respirabilit\u00e9 et durabilit\u00e9.Int\u00e9rieur : Doublure en Tissu pour un confort optimal.Semelle : Semelle en Caoutchouc (Pneu), garantissant une excellente adh\u00e9rence et r\u00e9sistance \u00e0 l&rsquo;usure.Cat\u00e9gorie : Baskets Casual Homme. Made In China .\u00a0<\/p>","protected":false},"featured_media":15546,"comment_status":"open","ping_status":"closed","template":"","meta":{"_gspb_post_css":"","om_disable_all_campaigns":false,"_monsterinsights_skip_tracking":false,"_monsterinsights_sitenote_active":false,"_monsterinsights_sitenote_note":"","_monsterinsights_sitenote_category":0},"product_brand":[],"product_cat":[174,92],"product_tag":[],"class_list":{"0":"post-15545","1":"product","2":"type-product","3":"status-publish","4":"has-post-thumbnail","6":"product_cat-baskets-hommes","7":"product_cat-hommes","9":"first","10":"instock","11":"shipping-taxable","12":"purchasable","13":"product-type-variable"},"aioseo_notices":[],"jetpack_sharing_enabled":true,"_links":{"self":[{"href":"https:\/\/ahdhiya.com\/ar\/wp-json\/wp\/v2\/product\/15545","targetHints":{"allow":["GET"]}}],"collection":[{"href":"https:\/\/ahdhiya.com\/ar\/wp-json\/wp\/v2\/product"}],"about":[{"href":"https:\/\/ahdhiya.com\/ar\/wp-json\/wp\/v2\/types\/product"}],"replies":[{"embeddable":true,"href":"https:\/\/ahdhiya.com\/ar\/wp-json\/wp\/v2\/comments?post=15545"}],"wp:featuredmedia":[{"embeddable":true,"href":"https:\/\/ahdhiya.com\/ar\/wp-json\/wp\/v2\/media\/15546"}],"wp:attachment":[{"href":"https:\/\/ahdhiya.com\/ar\/wp-json\/wp\/v2\/media?parent=15545"}],"wp:term":[{"taxonomy":"product_brand","embeddable":true,"href":"https:\/\/ahdhiya.com\/ar\/wp-json\/wp\/v2\/product_brand?post=15545"},{"taxonomy":"product_cat","embeddable":true,"href":"https:\/\/ahdhiya.com\/ar\/wp-json\/wp\/v2\/product_cat?post=15545"},{"taxonomy":"product_tag","embeddable":true,"href":"https:\/\/ahdhiya.com\/ar\/wp-json\/wp\/v2\/product_tag?post=15545"}],"curies":[{"name":"wp","href":"https:\/\/api.w.org\/{rel}","templated":true}]}}