{"id":15588,"date":"2026-01-08T19:21:38","date_gmt":"2026-01-08T19:21:38","guid":{"rendered":"https:\/\/ahdhiya.com\/produit\/basket-geox\/"},"modified":"2026-03-12T14:04:13","modified_gmt":"2026-03-12T14:04:13","slug":"basket-geox","status":"publish","type":"product","link":"https:\/\/ahdhiya.com\/ar\/product\/basket-geox\/","title":{"rendered":"BASKET GEOX"},"content":{"rendered":"<p>Description :\u00a0Ces baskets Geox Xtors pour femme (R\u00e9f. D551FB-00085-C9997) sont un mod\u00e8le polyvalent de couleur Noire qui combine confort, style sportif et technologie respirante.Design et Usage : Baskets l\u00e9g\u00e8res au style d\u00e9contract\u00e9, parfaites pour le loisir et les voyages, offrant une adh\u00e9rence parfaite.Fermeture : \u00c0 lacets.Mati\u00e8res :Tige (Dessus) : 100 % cuir (cuir Nappa souple).Doublure : 78 % tissu, 22 % mati\u00e8re synth\u00e9tique.Semelle int\u00e9rieure : 100 % cuir (amovible).Semelle ext\u00e9rieure : 60 % caoutchouc, 40 % mati\u00e8re synth\u00e9tique.Caract\u00e9ristiques :Technologie : Int\u00e8grent le syst\u00e8me brevet\u00e9 Geox pour la respirabilit\u00e9, le confort et l&rsquo;amorti \u00e0 chaque pas.Hauteur de la semelle : 4 cm.Confort : Semelle int\u00e9rieure amovible. MADE IN CHINA .\u00a0<\/p>","protected":false},"excerpt":{"rendered":"<p>Description :\u00a0Ces baskets Geox Xtors pour femme (R\u00e9f. D551FB-00085-C9997) sont un mod\u00e8le polyvalent de couleur Noire qui combine confort, style sportif et technologie respirante.Design et Usage : Baskets l\u00e9g\u00e8res au style d\u00e9contract\u00e9, parfaites pour le loisir et les voyages, offrant une adh\u00e9rence parfaite.Fermeture : \u00c0 lacets.Mati\u00e8res :Tige (Dessus) : 100 % cuir (cuir Nappa souple).Doublure : 78 % tissu, 22 % mati\u00e8re synth\u00e9tique.Semelle int\u00e9rieure : 100 % cuir (amovible).Semelle ext\u00e9rieure : 60 % caoutchouc, 40 % mati\u00e8re synth\u00e9tique.Caract\u00e9ristiques :Technologie : Int\u00e8grent le syst\u00e8me brevet\u00e9 Geox pour la respirabilit\u00e9, le confort et l&rsquo;amorti \u00e0 chaque pas.Hauteur de la semelle : 4 cm.Confort : Semelle int\u00e9rieure amovible. MADE IN CHINA .\u00a0<\/p>","protected":false},"featured_media":15589,"comment_status":"open","ping_status":"closed","template":"","meta":{"_gspb_post_css":"","om_disable_all_campaigns":false,"_monsterinsights_skip_tracking":false,"_monsterinsights_sitenote_active":false,"_monsterinsights_sitenote_note":"","_monsterinsights_sitenote_category":0},"product_brand":[],"product_cat":[176,91],"product_tag":[],"class_list":{"0":"post-15588","1":"product","2":"type-product","3":"status-publish","4":"has-post-thumbnail","6":"product_cat-baskets-femmes","7":"product_cat-femmes","9":"first","10":"instock","11":"shipping-taxable","12":"purchasable","13":"product-type-variable"},"aioseo_notices":[],"jetpack_sharing_enabled":true,"_links":{"self":[{"href":"https:\/\/ahdhiya.com\/ar\/wp-json\/wp\/v2\/product\/15588","targetHints":{"allow":["GET"]}}],"collection":[{"href":"https:\/\/ahdhiya.com\/ar\/wp-json\/wp\/v2\/product"}],"about":[{"href":"https:\/\/ahdhiya.com\/ar\/wp-json\/wp\/v2\/types\/product"}],"replies":[{"embeddable":true,"href":"https:\/\/ahdhiya.com\/ar\/wp-json\/wp\/v2\/comments?post=15588"}],"wp:featuredmedia":[{"embeddable":true,"href":"https:\/\/ahdhiya.com\/ar\/wp-json\/wp\/v2\/media\/15589"}],"wp:attachment":[{"href":"https:\/\/ahdhiya.com\/ar\/wp-json\/wp\/v2\/media?parent=15588"}],"wp:term":[{"taxonomy":"product_brand","embeddable":true,"href":"https:\/\/ahdhiya.com\/ar\/wp-json\/wp\/v2\/product_brand?post=15588"},{"taxonomy":"product_cat","embeddable":true,"href":"https:\/\/ahdhiya.com\/ar\/wp-json\/wp\/v2\/product_cat?post=15588"},{"taxonomy":"product_tag","embeddable":true,"href":"https:\/\/ahdhiya.com\/ar\/wp-json\/wp\/v2\/product_tag?post=15588"}],"curies":[{"name":"wp","href":"https:\/\/api.w.org\/{rel}","templated":true}]}}