{"id":15811,"date":"2026-01-08T19:25:22","date_gmt":"2026-01-08T19:25:22","guid":{"rendered":"https:\/\/ahdhiya.com\/produit\/puma-ca-pro-sport-lth-white-frosty-pink\/"},"modified":"2026-03-12T14:04:14","modified_gmt":"2026-03-12T14:04:14","slug":"puma-ca-pro-sport-lth-white-frosty-pink","status":"publish","type":"product","link":"https:\/\/ahdhiya.com\/ar\/product\/puma-ca-pro-sport-lth-white-frosty-pink\/","title":{"rendered":"PUMA CA PRO SPORT LTH WHITE FROSTY PINK"},"content":{"rendered":"<p>Puma CA Pro Sport LTH \u2013 White Frosty Pink (Mod\u00e8le 393280-08) Inspir\u00e9e de l\u2019h\u00e9ritage Californien de Puma, la CA Pro Sport LTH revisite une silhouette iconique avec une touche moderne. Cette version en cuir blanc est rehauss\u00e9e de d\u00e9licats accents rose givr\u00e9, apportant fra\u00eecheur et f\u00e9minit\u00e9 \u00e0 votre look. Dot\u00e9e d&rsquo;une tige premium, de perforations \u00e0 l\u2019avant pour une meilleure respirabilit\u00e9 et d&rsquo;une semelle \u00e9paisse en caoutchouc, elle offre confort, durabilit\u00e9 et style au quotidien. Parfaite pour celles qui veulent allier tendance et \u00e9l\u00e9gance avec une pointe de douceur.<\/p>","protected":false},"excerpt":{"rendered":"<p>Puma CA Pro Sport LTH \u2013 White Frosty Pink (Mod\u00e8le 393280-08) Inspir\u00e9e de l\u2019h\u00e9ritage Californien de Puma, la CA Pro Sport LTH revisite une silhouette iconique avec une touche moderne. Cette version en cuir blanc est rehauss\u00e9e de d\u00e9licats accents rose givr\u00e9, apportant fra\u00eecheur et f\u00e9minit\u00e9 \u00e0 votre look. Dot\u00e9e d&rsquo;une tige premium, de perforations \u00e0 l\u2019avant pour une meilleure respirabilit\u00e9 et d&rsquo;une semelle \u00e9paisse en caoutchouc, elle offre confort, durabilit\u00e9 et style au quotidien. Parfaite pour celles qui veulent allier tendance et \u00e9l\u00e9gance avec une pointe de douceur.<\/p>","protected":false},"featured_media":15812,"comment_status":"open","ping_status":"closed","template":"","meta":{"_gspb_post_css":"","om_disable_all_campaigns":false,"_monsterinsights_skip_tracking":false,"_monsterinsights_sitenote_active":false,"_monsterinsights_sitenote_note":"","_monsterinsights_sitenote_category":0},"product_brand":[],"product_cat":[176,91],"product_tag":[],"class_list":{"0":"post-15811","1":"product","2":"type-product","3":"status-publish","4":"has-post-thumbnail","6":"product_cat-baskets-femmes","7":"product_cat-femmes","9":"first","10":"instock","11":"shipping-taxable","12":"purchasable","13":"product-type-variable"},"aioseo_notices":[],"jetpack_sharing_enabled":true,"_links":{"self":[{"href":"https:\/\/ahdhiya.com\/ar\/wp-json\/wp\/v2\/product\/15811","targetHints":{"allow":["GET"]}}],"collection":[{"href":"https:\/\/ahdhiya.com\/ar\/wp-json\/wp\/v2\/product"}],"about":[{"href":"https:\/\/ahdhiya.com\/ar\/wp-json\/wp\/v2\/types\/product"}],"replies":[{"embeddable":true,"href":"https:\/\/ahdhiya.com\/ar\/wp-json\/wp\/v2\/comments?post=15811"}],"wp:featuredmedia":[{"embeddable":true,"href":"https:\/\/ahdhiya.com\/ar\/wp-json\/wp\/v2\/media\/15812"}],"wp:attachment":[{"href":"https:\/\/ahdhiya.com\/ar\/wp-json\/wp\/v2\/media?parent=15811"}],"wp:term":[{"taxonomy":"product_brand","embeddable":true,"href":"https:\/\/ahdhiya.com\/ar\/wp-json\/wp\/v2\/product_brand?post=15811"},{"taxonomy":"product_cat","embeddable":true,"href":"https:\/\/ahdhiya.com\/ar\/wp-json\/wp\/v2\/product_cat?post=15811"},{"taxonomy":"product_tag","embeddable":true,"href":"https:\/\/ahdhiya.com\/ar\/wp-json\/wp\/v2\/product_tag?post=15811"}],"curies":[{"name":"wp","href":"https:\/\/api.w.org\/{rel}","templated":true}]}}